{"id":11199,"date":"2024-04-24T14:17:38","date_gmt":"2024-04-24T12:17:38","guid":{"rendered":"https:\/\/uflex.it\/product\/smart-battery-hub\/"},"modified":"2024-04-24T16:02:28","modified_gmt":"2024-04-24T14:02:28","slug":"smart-battery-hub","status":"publish","type":"product","link":"https:\/\/staging.uflex.it\/fr\/produit\/smart-battery-hub\/","title":{"rendered":"SMART BATTERY HUB"},"content":{"rendered":"<p><strong>LA GESTION DE L\u2019\u00c9NERGIE RED\u00c9FINIE<\/strong><\/p>\n<p>Le BEP Smart Battery Hub est un syst\u00e8me de gestion de batterie tout-en-un. Il simplifie la gestion des batteries avec ses interrupteurs activ\u00e9s \u00e0 distance et avec sa commutation sensible \u00e0 la tension combin\u00e9e \u00e0 une fonctionnalit\u00e9 parall\u00e8le d\u2019urgence. Il est enferm\u00e9 dans un bo\u00eetier IPX7 robuste et facile \u00e0 installer. Il surveille et transmet les tensions des batteries ainsi que l\u2019\u00e9tat de charge de l\u2019ensemble du banc de batteries sur le r\u00e9seau NMEA2000 pour une int\u00e9gration avec des syst\u00e8mes d\u2019\u00e9crans multifonctions. Des options de configurations allant de deux \u00e0 six moteurs sont disponibles.<\/p>\n<p><strong>CARACT\u00c9RISTIQUES ET AVANTAGES<\/strong><br \/>\n\u2022 Surveille et transmet toutes les tensions de batterie, y compris l\u2019\u00e9tat de charge du banc de batteries via NMEA2000<br \/>\n\u2022 IPX7 et protection contre l\u2019allumage<br \/>\n\u2022 Interrupteurs command\u00e9s \u00e0 distance via des entr\u00e9es analogiques ou CZone\u00ae<br \/>\n\u2022 Consommation \u00e9lectrique ultra faible<br \/>\n\u2022 Commande m\u00e9canique compl\u00e8te de tous les interrupteurs pour la s\u00e9curit\u00e9 et l\u2019entretien<\/p>\n<p><strong>FONCTIONNALIT\u00c9S SUPPL\u00c9MENTAIRES<\/strong><br \/>\n\u2022 Interrupteurs parall\u00e8les d\u2019urgence command\u00e9s \u00e0 distance<br \/>\n\u2022 Commutation bidirectionnelle sensible \u00e0 la tension avec seuils de tension d\u2019entr\u00e9e et de sortie configurables.<br \/>\n\u2022 Contr\u00f4le jusqu\u2019\u00e0 2 niveaux de r\u00e9servoir, tension de batterie suppl\u00e9mentaire, capteurs standards de temp\u00e9rature ou pression<br \/>\n\u2022 LED d\u2019\u00e9tat pour toutes les sorties de commutateur et indication de d\u00e9faut<br \/>\n\u2022 Equip\u00e9 d\u2019un ensemble de fonctionnalit\u00e9s avanc\u00e9es de CZone\u00ae comme le d\u00e9lestage, l\u2019aide \u00e0 la commutation NMEA2000 de banc de batteries, et bien d\u2019autres encore<br \/>\n\u2022 Prise en charge des blocs logiques CZone\u00ae et de la commutation de donn\u00e9es via le port USB permet les mises \u00e0 niveau du logiciel et les mises \u00e0 jour compl\u00e8tes du syst\u00e8me CZone\u00ae, y compris les changements de confi guration sur le r\u00e9seau NMEA2000 (sans PC ni adaptateur).<br \/>\n\u2022 2 sorties domestiques 24 heures prot\u00e9g\u00e9es par fusible de 10A avec contr\u00f4le de l\u2019\u00e9tat de charge.<br \/>\n\u2022 Fonctionnalit\u00e9 autonome pour les syst\u00e8mes sans CZone\u00ae.<\/p>\n<p>&nbsp;<\/p>\n","protected":false},"excerpt":{"rendered":"<p>LA GESTION DE L\u2019\u00c9NERGIE RED\u00c9FINIE Le BEP Smart Battery Hub est un syst\u00e8me de gestion de batterie tout-en-un. Il simplifie [&hellip;]<\/p>\n","protected":false},"featured_media":7169,"comment_status":"open","ping_status":"closed","template":"","meta":{"_acf_changed":false,"site-sidebar-layout":"default","site-content-layout":"","ast-site-content-layout":"default","site-content-style":"default","site-sidebar-style":"default","ast-global-header-display":"","ast-banner-title-visibility":"","ast-main-header-display":"","ast-hfb-above-header-display":"","ast-hfb-below-header-display":"","ast-hfb-mobile-header-display":"","site-post-title":"","ast-breadcrumbs-content":"","ast-featured-img":"","footer-sml-layout":"","ast-disable-related-posts":"","theme-transparent-header-meta":"default","adv-header-id-meta":"","stick-header-meta":"","header-above-stick-meta":"","header-main-stick-meta":"","header-below-stick-meta":"","astra-migrate-meta-layouts":"default","ast-page-background-enabled":"default","ast-page-background-meta":{"desktop":{"background-color":"var(--ast-global-color-4)","background-image":"","background-repeat":"repeat","background-position":"center center","background-size":"auto","background-attachment":"scroll","background-type":"","background-media":"","overlay-type":"","overlay-color":"","overlay-opacity":"","overlay-gradient":""},"tablet":{"background-color":"","background-image":"","background-repeat":"repeat","background-position":"center center","background-size":"auto","background-attachment":"scroll","background-type":"","background-media":"","overlay-type":"","overlay-color":"","overlay-opacity":"","overlay-gradient":""},"mobile":{"background-color":"","background-image":"","background-repeat":"repeat","background-position":"center center","background-size":"auto","background-attachment":"scroll","background-type":"","background-media":"","overlay-type":"","overlay-color":"","overlay-opacity":"","overlay-gradient":""}},"ast-content-background-meta":{"desktop":{"background-color":"var(--ast-global-color-5)","background-image":"","background-repeat":"repeat","background-position":"center center","background-size":"auto","background-attachment":"scroll","background-type":"","background-media":"","overlay-type":"","overlay-color":"","overlay-opacity":"","overlay-gradient":""},"tablet":{"background-color":"var(--ast-global-color-5)","background-image":"","background-repeat":"repeat","background-position":"center center","background-size":"auto","background-attachment":"scroll","background-type":"","background-media":"","overlay-type":"","overlay-color":"","overlay-opacity":"","overlay-gradient":""},"mobile":{"background-color":"var(--ast-global-color-5)","background-image":"","background-repeat":"repeat","background-position":"center center","background-size":"auto","background-attachment":"scroll","background-type":"","background-media":"","overlay-type":"","overlay-color":"","overlay-opacity":"","overlay-gradient":""}}},"product_brand":[1583,1581],"product_cat":[1699],"product_tag":[],"product_filter":[],"class_list":{"0":"post-11199","1":"product","2":"type-product","3":"status-publish","4":"has-post-thumbnail","6":"product_brand-battery-switches-fr","7":"product_brand-bep-fr","8":"product_cat-bep-fr","9":"desktop-align-center","10":"tablet-align-left","11":"mobile-align-left","13":"first","14":"instock","15":"shipping-taxable","16":"product-type-simple"},"acf":[],"_links":{"self":[{"href":"https:\/\/staging.uflex.it\/fr\/wp-json\/wp\/v2\/product\/11199","targetHints":{"allow":["GET"]}}],"collection":[{"href":"https:\/\/staging.uflex.it\/fr\/wp-json\/wp\/v2\/product"}],"about":[{"href":"https:\/\/staging.uflex.it\/fr\/wp-json\/wp\/v2\/types\/product"}],"replies":[{"embeddable":true,"href":"https:\/\/staging.uflex.it\/fr\/wp-json\/wp\/v2\/comments?post=11199"}],"version-history":[{"count":0,"href":"https:\/\/staging.uflex.it\/fr\/wp-json\/wp\/v2\/product\/11199\/revisions"}],"wp:featuredmedia":[{"embeddable":true,"href":"https:\/\/staging.uflex.it\/fr\/wp-json\/wp\/v2\/media\/7169"}],"wp:attachment":[{"href":"https:\/\/staging.uflex.it\/fr\/wp-json\/wp\/v2\/media?parent=11199"}],"wp:term":[{"taxonomy":"product_brand","embeddable":true,"href":"https:\/\/staging.uflex.it\/fr\/wp-json\/wp\/v2\/product_brand?post=11199"},{"taxonomy":"product_cat","embeddable":true,"href":"https:\/\/staging.uflex.it\/fr\/wp-json\/wp\/v2\/product_cat?post=11199"},{"taxonomy":"product_tag","embeddable":true,"href":"https:\/\/staging.uflex.it\/fr\/wp-json\/wp\/v2\/product_tag?post=11199"},{"taxonomy":"product_filter","embeddable":true,"href":"https:\/\/staging.uflex.it\/fr\/wp-json\/wp\/v2\/product_filter?post=11199"}],"curies":[{"name":"wp","href":"https:\/\/api.w.org\/{rel}","templated":true}]}}