{"id":17709,"date":"2024-05-20T14:33:26","date_gmt":"2024-05-20T12:33:26","guid":{"rendered":"https:\/\/uflex.it\/product\/s5-jockey-suspension-seat\/"},"modified":"2024-09-18T12:08:51","modified_gmt":"2024-09-18T10:08:51","slug":"s5-jockey-suspension-seat","status":"publish","type":"product","link":"https:\/\/staging.uflex.it\/fr\/produit\/s5-jockey-suspension-seat\/","title":{"rendered":"SI\u00c8GE JOCKEY \u00c0 SUSPENSION S5"},"content":{"rendered":"<h3>SI\u00c8GE JOCKEY \u00c0 SUSPENSION S5<\/h3>\n<p>Le si\u00e8ge SHOCKWAVE S5 Jockey offre de solides performances dans un ensemble compact, l\u00e9ger et abordable. \u00c9quip\u00e9 d&rsquo;un amortisseur pneumatique FOX Float H2O, il permet de r\u00e9gler la fermet\u00e9 et le taux de rebond \u00e0 la vol\u00e9e.<br \/>\nLes coussins d&rsquo;assise sont faits de mousse \u00e0 cellules ferm\u00e9es et d&rsquo;un tissu noir tr\u00e8s r\u00e9sistant, convenant parfaitement aux RHIB de loisir ou aux applications commerciales. Con\u00e7u pour le confort et la durabilit\u00e9 en ext\u00e9rieur et en eau sal\u00e9e. Le S5 Jockey est con\u00e7u pour \u00eatre mont\u00e9 sur un coffre de rangement de rehausseur de si\u00e8ge et est id\u00e9al pour les r\u00e9am\u00e9nagements.<\/p>\n","protected":false},"excerpt":{"rendered":"<p>Le S5 Jockey est con\u00e7u pour \u00eatre mont\u00e9 sur un coffre de rangement de rehausseur de si\u00e8ge et est id\u00e9al pour les r\u00e9am\u00e9nagements.<\/p>\n","protected":false},"featured_media":17504,"comment_status":"open","ping_status":"closed","template":"","meta":{"_acf_changed":false,"site-sidebar-layout":"default","site-content-layout":"","ast-site-content-layout":"default","site-content-style":"default","site-sidebar-style":"default","ast-global-header-display":"","ast-banner-title-visibility":"","ast-main-header-display":"","ast-hfb-above-header-display":"","ast-hfb-below-header-display":"","ast-hfb-mobile-header-display":"","site-post-title":"","ast-breadcrumbs-content":"","ast-featured-img":"","footer-sml-layout":"","ast-disable-related-posts":"","theme-transparent-header-meta":"default","adv-header-id-meta":"","stick-header-meta":"","header-above-stick-meta":"","header-main-stick-meta":"","header-below-stick-meta":"","astra-migrate-meta-layouts":"set","ast-page-background-enabled":"default","ast-page-background-meta":{"desktop":{"background-color":"var(--ast-global-color-4)","background-image":"","background-repeat":"repeat","background-position":"center center","background-size":"auto","background-attachment":"scroll","background-type":"","background-media":"","overlay-type":"","overlay-color":"","overlay-opacity":"","overlay-gradient":""},"tablet":{"background-color":"","background-image":"","background-repeat":"repeat","background-position":"center center","background-size":"auto","background-attachment":"scroll","background-type":"","background-media":"","overlay-type":"","overlay-color":"","overlay-opacity":"","overlay-gradient":""},"mobile":{"background-color":"","background-image":"","background-repeat":"repeat","background-position":"center center","background-size":"auto","background-attachment":"scroll","background-type":"","background-media":"","overlay-type":"","overlay-color":"","overlay-opacity":"","overlay-gradient":""}},"ast-content-background-meta":{"desktop":{"background-color":"var(--ast-global-color-5)","background-image":"","background-repeat":"repeat","background-position":"center center","background-size":"auto","background-attachment":"scroll","background-type":"","background-media":"","overlay-type":"","overlay-color":"","overlay-opacity":"","overlay-gradient":""},"tablet":{"background-color":"var(--ast-global-color-5)","background-image":"","background-repeat":"repeat","background-position":"center center","background-size":"auto","background-attachment":"scroll","background-type":"","background-media":"","overlay-type":"","overlay-color":"","overlay-opacity":"","overlay-gradient":""},"mobile":{"background-color":"var(--ast-global-color-5)","background-image":"","background-repeat":"repeat","background-position":"center center","background-size":"auto","background-attachment":"scroll","background-type":"","background-media":"","overlay-type":"","overlay-color":"","overlay-opacity":"","overlay-gradient":""}}},"product_brand":[2330,2329],"product_cat":[2324,2323],"product_tag":[],"product_filter":[],"class_list":{"0":"post-17709","1":"product","2":"type-product","3":"status-publish","4":"has-post-thumbnail","6":"product_brand-shockwave-fr","7":"product_brand-marine-suspension-seating-fr","8":"product_cat-shockwave-fr","9":"product_cat-sieges-a-suspension-marins","10":"desktop-align-center","11":"tablet-align-left","12":"mobile-align-left","14":"first","15":"instock","16":"shipping-taxable","17":"product-type-simple"},"acf":[],"_links":{"self":[{"href":"https:\/\/staging.uflex.it\/fr\/wp-json\/wp\/v2\/product\/17709","targetHints":{"allow":["GET"]}}],"collection":[{"href":"https:\/\/staging.uflex.it\/fr\/wp-json\/wp\/v2\/product"}],"about":[{"href":"https:\/\/staging.uflex.it\/fr\/wp-json\/wp\/v2\/types\/product"}],"replies":[{"embeddable":true,"href":"https:\/\/staging.uflex.it\/fr\/wp-json\/wp\/v2\/comments?post=17709"}],"version-history":[{"count":0,"href":"https:\/\/staging.uflex.it\/fr\/wp-json\/wp\/v2\/product\/17709\/revisions"}],"wp:featuredmedia":[{"embeddable":true,"href":"https:\/\/staging.uflex.it\/fr\/wp-json\/wp\/v2\/media\/17504"}],"wp:attachment":[{"href":"https:\/\/staging.uflex.it\/fr\/wp-json\/wp\/v2\/media?parent=17709"}],"wp:term":[{"taxonomy":"product_brand","embeddable":true,"href":"https:\/\/staging.uflex.it\/fr\/wp-json\/wp\/v2\/product_brand?post=17709"},{"taxonomy":"product_cat","embeddable":true,"href":"https:\/\/staging.uflex.it\/fr\/wp-json\/wp\/v2\/product_cat?post=17709"},{"taxonomy":"product_tag","embeddable":true,"href":"https:\/\/staging.uflex.it\/fr\/wp-json\/wp\/v2\/product_tag?post=17709"},{"taxonomy":"product_filter","embeddable":true,"href":"https:\/\/staging.uflex.it\/fr\/wp-json\/wp\/v2\/product_filter?post=17709"}],"curies":[{"name":"wp","href":"https:\/\/api.w.org\/{rel}","templated":true}]}}