{"id":17890,"date":"2024-05-21T12:51:28","date_gmt":"2024-05-21T10:51:28","guid":{"rendered":"https:\/\/uflex.it\/product\/adapter-plate-kit\/"},"modified":"2024-09-18T12:02:30","modified_gmt":"2024-09-18T10:02:30","slug":"adapter-plate-kit","status":"publish","type":"product","link":"https:\/\/staging.uflex.it\/fr\/produit\/adapter-plate-kit\/","title":{"rendered":"Kit d&rsquo;adaptation de si\u00e8ge"},"content":{"rendered":"<h3>Kit d&rsquo;adaptation de si\u00e8ge<\/h3>\n<p>Le kit d&rsquo;adaptation permet aux utilisateurs de si\u00e8ges d&rsquo;autres marques que SHOCKWAVE qui ont un mod\u00e8le de boulon de 5&prime; x 12&Prime; de s&rsquo;adapter aux pivots et aux glissi\u00e8res SHOCKWAVE. Le kit d&rsquo;adaptation s&rsquo;adapte aux mod\u00e8les de boulons vers le haut et vers le bas. Tout autre mod\u00e8le de boulon devrait fonctionner avec les accessoires de marque SHOCKWAVE.<\/p>\n","protected":false},"excerpt":{"rendered":"<p>Le kit d&rsquo;adaptation permet aux utilisateurs de si\u00e8ges d&rsquo;autres marques que SHOCKWAVE qui ont un mod\u00e8le de boulon de 5&prime; x 12&Prime; de s&rsquo;adapter aux pivots et aux glissi\u00e8res SHOCKWAVE. Le kit d&rsquo;adaptation s&rsquo;adapte aux mod\u00e8les de boulons vers le haut et vers le bas. Tout autre mod\u00e8le de boulon devrait fonctionner avec les accessoires de marque SHOCKWAVE.<\/p>\n","protected":false},"featured_media":17886,"comment_status":"open","ping_status":"closed","template":"","meta":{"_acf_changed":false,"site-sidebar-layout":"default","site-content-layout":"","ast-site-content-layout":"default","site-content-style":"default","site-sidebar-style":"default","ast-global-header-display":"","ast-banner-title-visibility":"","ast-main-header-display":"","ast-hfb-above-header-display":"","ast-hfb-below-header-display":"","ast-hfb-mobile-header-display":"","site-post-title":"","ast-breadcrumbs-content":"","ast-featured-img":"","footer-sml-layout":"","ast-disable-related-posts":"","theme-transparent-header-meta":"default","adv-header-id-meta":"","stick-header-meta":"","header-above-stick-meta":"","header-main-stick-meta":"","header-below-stick-meta":"","astra-migrate-meta-layouts":"set","ast-page-background-enabled":"default","ast-page-background-meta":{"desktop":{"background-color":"var(--ast-global-color-4)","background-image":"","background-repeat":"repeat","background-position":"center center","background-size":"auto","background-attachment":"scroll","background-type":"","background-media":"","overlay-type":"","overlay-color":"","overlay-opacity":"","overlay-gradient":""},"tablet":{"background-color":"","background-image":"","background-repeat":"repeat","background-position":"center center","background-size":"auto","background-attachment":"scroll","background-type":"","background-media":"","overlay-type":"","overlay-color":"","overlay-opacity":"","overlay-gradient":""},"mobile":{"background-color":"","background-image":"","background-repeat":"repeat","background-position":"center center","background-size":"auto","background-attachment":"scroll","background-type":"","background-media":"","overlay-type":"","overlay-color":"","overlay-opacity":"","overlay-gradient":""}},"ast-content-background-meta":{"desktop":{"background-color":"var(--ast-global-color-5)","background-image":"","background-repeat":"repeat","background-position":"center center","background-size":"auto","background-attachment":"scroll","background-type":"","background-media":"","overlay-type":"","overlay-color":"","overlay-opacity":"","overlay-gradient":""},"tablet":{"background-color":"var(--ast-global-color-5)","background-image":"","background-repeat":"repeat","background-position":"center center","background-size":"auto","background-attachment":"scroll","background-type":"","background-media":"","overlay-type":"","overlay-color":"","overlay-opacity":"","overlay-gradient":""},"mobile":{"background-color":"var(--ast-global-color-5)","background-image":"","background-repeat":"repeat","background-position":"center center","background-size":"auto","background-attachment":"scroll","background-type":"","background-media":"","overlay-type":"","overlay-color":"","overlay-opacity":"","overlay-gradient":""}}},"product_brand":[2329,2330],"product_cat":[2324,2323],"product_tag":[],"product_filter":[],"class_list":{"0":"post-17890","1":"product","2":"type-product","3":"status-publish","4":"has-post-thumbnail","6":"product_brand-marine-suspension-seating-fr","7":"product_brand-shockwave-fr","8":"product_cat-shockwave-fr","9":"product_cat-sieges-a-suspension-marins","10":"desktop-align-center","11":"tablet-align-left","12":"mobile-align-left","14":"first","15":"instock","16":"shipping-taxable","17":"product-type-simple"},"acf":[],"_links":{"self":[{"href":"https:\/\/staging.uflex.it\/fr\/wp-json\/wp\/v2\/product\/17890","targetHints":{"allow":["GET"]}}],"collection":[{"href":"https:\/\/staging.uflex.it\/fr\/wp-json\/wp\/v2\/product"}],"about":[{"href":"https:\/\/staging.uflex.it\/fr\/wp-json\/wp\/v2\/types\/product"}],"replies":[{"embeddable":true,"href":"https:\/\/staging.uflex.it\/fr\/wp-json\/wp\/v2\/comments?post=17890"}],"version-history":[{"count":0,"href":"https:\/\/staging.uflex.it\/fr\/wp-json\/wp\/v2\/product\/17890\/revisions"}],"wp:featuredmedia":[{"embeddable":true,"href":"https:\/\/staging.uflex.it\/fr\/wp-json\/wp\/v2\/media\/17886"}],"wp:attachment":[{"href":"https:\/\/staging.uflex.it\/fr\/wp-json\/wp\/v2\/media?parent=17890"}],"wp:term":[{"taxonomy":"product_brand","embeddable":true,"href":"https:\/\/staging.uflex.it\/fr\/wp-json\/wp\/v2\/product_brand?post=17890"},{"taxonomy":"product_cat","embeddable":true,"href":"https:\/\/staging.uflex.it\/fr\/wp-json\/wp\/v2\/product_cat?post=17890"},{"taxonomy":"product_tag","embeddable":true,"href":"https:\/\/staging.uflex.it\/fr\/wp-json\/wp\/v2\/product_tag?post=17890"},{"taxonomy":"product_filter","embeddable":true,"href":"https:\/\/staging.uflex.it\/fr\/wp-json\/wp\/v2\/product_filter?post=17890"}],"curies":[{"name":"wp","href":"https:\/\/api.w.org\/{rel}","templated":true}]}}