{"id":17971,"date":"2024-05-20T12:02:48","date_gmt":"2024-05-20T10:02:48","guid":{"rendered":"https:\/\/uflex.it\/product\/commander-seat-mid-back-seat\/"},"modified":"2024-09-18T12:13:11","modified_gmt":"2024-09-18T10:13:11","slug":"commander-seat-mid-back-seat","status":"publish","type":"product","link":"https:\/\/staging.uflex.it\/fr\/produit\/commander-seat-mid-back-seat\/","title":{"rendered":"SI\u00c8GE COMMANDEUR SIEGE MID-BACK"},"content":{"rendered":"<h3>SI\u00c8GE COMMANDEUR SIEGE MID-BACK<\/h3>\n<p>Con\u00e7u pour s\u2019associer parfaitement \u00e0 la base de suspension S5 SENTINEL, le Commander est un si\u00e8ge de bateau l\u00e9ger et robuste, \u00e9quip\u00e9 d\u2019accoudoirs rabattables, d\u2019une pochette de rangement, de cadres de si\u00e8ge en aluminium usin\u00e9, de dossiers de si\u00e8ge en fibre de verre et de coussins Corbin.<br \/>\nIls dureront plus longtemps que n\u2019importe quel autre si\u00e8ge marin sur le march\u00e9. Ces si\u00e8ges de bateau sont la d\u00e9finition de la qualit\u00e9 et de la solidit\u00e9, fabriqu\u00e9s avec les meilleurs mat\u00e9riaux disponibles aujourd\u2019hui.<\/p>\n<p>Couleurs personnalis\u00e9es disponibles.<\/p>\n","protected":false},"excerpt":{"rendered":"<p>Con\u00e7u pour s&rsquo;associer parfaitement \u00e0 la base de suspension S5 SENTINEL, le Commander est un si\u00e8ge de bateau l\u00e9ger et robuste, \u00e9quip\u00e9 d&rsquo;accoudoirs rabattables, d&rsquo;une<\/p>\n","protected":false},"featured_media":17447,"comment_status":"open","ping_status":"closed","template":"","meta":{"_acf_changed":false,"site-sidebar-layout":"default","site-content-layout":"","ast-site-content-layout":"default","site-content-style":"default","site-sidebar-style":"default","ast-global-header-display":"","ast-banner-title-visibility":"","ast-main-header-display":"","ast-hfb-above-header-display":"","ast-hfb-below-header-display":"","ast-hfb-mobile-header-display":"","site-post-title":"","ast-breadcrumbs-content":"","ast-featured-img":"","footer-sml-layout":"","ast-disable-related-posts":"","theme-transparent-header-meta":"default","adv-header-id-meta":"","stick-header-meta":"","header-above-stick-meta":"","header-main-stick-meta":"","header-below-stick-meta":"","astra-migrate-meta-layouts":"set","ast-page-background-enabled":"default","ast-page-background-meta":{"desktop":{"background-color":"var(--ast-global-color-4)","background-image":"","background-repeat":"repeat","background-position":"center center","background-size":"auto","background-attachment":"scroll","background-type":"","background-media":"","overlay-type":"","overlay-color":"","overlay-opacity":"","overlay-gradient":""},"tablet":{"background-color":"","background-image":"","background-repeat":"repeat","background-position":"center center","background-size":"auto","background-attachment":"scroll","background-type":"","background-media":"","overlay-type":"","overlay-color":"","overlay-opacity":"","overlay-gradient":""},"mobile":{"background-color":"","background-image":"","background-repeat":"repeat","background-position":"center center","background-size":"auto","background-attachment":"scroll","background-type":"","background-media":"","overlay-type":"","overlay-color":"","overlay-opacity":"","overlay-gradient":""}},"ast-content-background-meta":{"desktop":{"background-color":"var(--ast-global-color-5)","background-image":"","background-repeat":"repeat","background-position":"center center","background-size":"auto","background-attachment":"scroll","background-type":"","background-media":"","overlay-type":"","overlay-color":"","overlay-opacity":"","overlay-gradient":""},"tablet":{"background-color":"var(--ast-global-color-5)","background-image":"","background-repeat":"repeat","background-position":"center center","background-size":"auto","background-attachment":"scroll","background-type":"","background-media":"","overlay-type":"","overlay-color":"","overlay-opacity":"","overlay-gradient":""},"mobile":{"background-color":"var(--ast-global-color-5)","background-image":"","background-repeat":"repeat","background-position":"center center","background-size":"auto","background-attachment":"scroll","background-type":"","background-media":"","overlay-type":"","overlay-color":"","overlay-opacity":"","overlay-gradient":""}}},"product_brand":[2329,2330],"product_cat":[2324,2323],"product_tag":[],"product_filter":[],"class_list":{"0":"post-17971","1":"product","2":"type-product","3":"status-publish","4":"has-post-thumbnail","6":"product_brand-marine-suspension-seating-fr","7":"product_brand-shockwave-fr","8":"product_cat-shockwave-fr","9":"product_cat-sieges-a-suspension-marins","10":"desktop-align-center","11":"tablet-align-left","12":"mobile-align-left","14":"first","15":"instock","16":"shipping-taxable","17":"product-type-simple"},"acf":[],"_links":{"self":[{"href":"https:\/\/staging.uflex.it\/fr\/wp-json\/wp\/v2\/product\/17971","targetHints":{"allow":["GET"]}}],"collection":[{"href":"https:\/\/staging.uflex.it\/fr\/wp-json\/wp\/v2\/product"}],"about":[{"href":"https:\/\/staging.uflex.it\/fr\/wp-json\/wp\/v2\/types\/product"}],"replies":[{"embeddable":true,"href":"https:\/\/staging.uflex.it\/fr\/wp-json\/wp\/v2\/comments?post=17971"}],"version-history":[{"count":0,"href":"https:\/\/staging.uflex.it\/fr\/wp-json\/wp\/v2\/product\/17971\/revisions"}],"wp:featuredmedia":[{"embeddable":true,"href":"https:\/\/staging.uflex.it\/fr\/wp-json\/wp\/v2\/media\/17447"}],"wp:attachment":[{"href":"https:\/\/staging.uflex.it\/fr\/wp-json\/wp\/v2\/media?parent=17971"}],"wp:term":[{"taxonomy":"product_brand","embeddable":true,"href":"https:\/\/staging.uflex.it\/fr\/wp-json\/wp\/v2\/product_brand?post=17971"},{"taxonomy":"product_cat","embeddable":true,"href":"https:\/\/staging.uflex.it\/fr\/wp-json\/wp\/v2\/product_cat?post=17971"},{"taxonomy":"product_tag","embeddable":true,"href":"https:\/\/staging.uflex.it\/fr\/wp-json\/wp\/v2\/product_tag?post=17971"},{"taxonomy":"product_filter","embeddable":true,"href":"https:\/\/staging.uflex.it\/fr\/wp-json\/wp\/v2\/product_filter?post=17971"}],"curies":[{"name":"wp","href":"https:\/\/api.w.org\/{rel}","templated":true}]}}