{"id":26953,"date":"2024-04-24T14:17:12","date_gmt":"2024-04-24T12:17:12","guid":{"rendered":"https:\/\/uflex.it\/product\/gp1-waterproof-cauge-size-stereo\/"},"modified":"2024-10-21T12:10:10","modified_gmt":"2024-10-21T10:10:10","slug":"gp1-waterproof-cauge-size-stereo","status":"publish","type":"product","link":"https:\/\/staging.uflex.it\/fr\/produit\/gp1-waterproof-cauge-size-stereo\/","title":{"rendered":"GP1 &#8211; WATERPROOF CAUGE SIZE STEREO"},"content":{"rendered":"<p><strong>GP1 &#8211; ST\u00c9R\u00c9O \u00c9TANCHE \u00c0 LA TAILLE DE LA JAUGE<\/strong><\/p>\n<p>&#8211; <strong>Audio Bluetooth :<\/strong> le GP1 diffuse vos morceaux pr\u00e9f\u00e9r\u00e9s \u00e0 partir de votre smartphone gr\u00e2ce \u00e0 la prise en charge de l&rsquo;audio Bluetooth et affiche directement sur l&rsquo;\u00e9cran les informations relatives au titre, \u00e0 l&rsquo;artiste et \u00e0 l&rsquo;album.<\/p>\n<p>&#8211; <strong>Amplificateur de 288 W :<\/strong> capable d&rsquo;alimenter jusqu&rsquo;\u00e0 8 haut-parleurs ou une combinaison de haut-parleurs et de caisson de basse.<\/p>\n<p>&#8211; <strong>Protection multi-environnement :<\/strong> protection IP65, protection UV et protection contre le sel et le brouillard.<\/p>\n<p>&#8211; <strong>\u00c9galisation DSP :<\/strong> permet d&rsquo;appliquer les r\u00e9glages d&rsquo;\u00e9galisation les plus courants tels que Pop, Classique et Rock ou d&rsquo;ajuster manuellement les basses et les aigus pour am\u00e9liorer la qualit\u00e9 du son.<\/p>\n<p>&#8211; <strong>Luminosit\u00e9 variable : permet<\/strong> de r\u00e9gler la luminosit\u00e9 de l&rsquo;\u00e9cran de 100 % pour un fonctionnement normal \u00e0 30 % pour r\u00e9duire l&rsquo;\u00e9blouissement de l&rsquo;\u00e9cran la nuit.<\/p>\n<p>&#8211; <strong>Taille d&rsquo;instrument standard :<\/strong> la cha\u00eene st\u00e9r\u00e9o GP1 est con\u00e7ue pour \u00eatre install\u00e9e \u00e0 c\u00f4t\u00e9 des instruments standard du tableau de bord (diam\u00e8tre du trou d&rsquo;installation 76 mm).<\/p>\n<p>&#8211; <strong>USB :<\/strong> \u00e9coutez la musique charg\u00e9e sur une cl\u00e9 USB ou rechargez votre smartphone.<\/p>\n<p>&#8211; <strong>Radio AM\/FM :<\/strong> \u00e9coutez et enregistrez vos stations pr\u00e9f\u00e9r\u00e9es, jusqu&rsquo;\u00e0 18 FM et 12 AM. Compatible avec les fr\u00e9quences am\u00e9ricaines et europ\u00e9ennes.<\/p>\n<p>&#8211; <strong>AUX :<\/strong> connectez des appareils via un c\u00e2ble RCA, avec une entr\u00e9e de 2 V pour des performances encore plus \u00e9lev\u00e9es.<\/p>\n<p><strong><img fetchpriority=\"high\" decoding=\"async\" class=\"alignnone size-medium wp-image-8115\" src=\"https:\/\/staging.uflex.it\/wp-content\/uploads\/2020\/11\/GP1-Box-and-Unit-300x200.png\" alt=\"\" width=\"300\" height=\"200\" title=\"\" srcset=\"https:\/\/staging.uflex.it\/wp-content\/uploads\/2020\/11\/GP1-Box-and-Unit-300x200.png 300w, https:\/\/staging.uflex.it\/wp-content\/uploads\/2020\/11\/GP1-Box-and-Unit-330x220.png 330w, https:\/\/staging.uflex.it\/wp-content\/uploads\/2020\/11\/GP1-Box-and-Unit-64x43.png 64w, https:\/\/staging.uflex.it\/wp-content\/uploads\/2020\/11\/GP1-Box-and-Unit.png 600w\" sizes=\"(max-width: 300px) 100vw, 300px\" \/><\/strong><\/p>\n<p><strong>Le GP1 st\u00e9r\u00e9o est \u00e9galement disponible en kit<\/strong> avec une paire d&rsquo;enceintes AQ-SPK6.5-4EW.<\/p>\n<p>&nbsp;<\/p>\n","protected":false},"excerpt":{"rendered":"<p>GP1 &#8211; ST\u00c9R\u00c9O \u00c9TANCHE \u00c0 LA TAILLE DE LA JAUGE &#8211; Audio Bluetooth : le GP1 diffuse vos morceaux pr\u00e9f\u00e9r\u00e9s [&hellip;]<\/p>\n","protected":false},"featured_media":18235,"comment_status":"open","ping_status":"closed","template":"","meta":{"_acf_changed":false,"site-sidebar-layout":"default","site-content-layout":"","ast-site-content-layout":"default","site-content-style":"default","site-sidebar-style":"default","ast-global-header-display":"","ast-banner-title-visibility":"","ast-main-header-display":"","ast-hfb-above-header-display":"","ast-hfb-below-header-display":"","ast-hfb-mobile-header-display":"","site-post-title":"","ast-breadcrumbs-content":"","ast-featured-img":"","footer-sml-layout":"","ast-disable-related-posts":"","theme-transparent-header-meta":"default","adv-header-id-meta":"","stick-header-meta":"","header-above-stick-meta":"","header-main-stick-meta":"","header-below-stick-meta":"","astra-migrate-meta-layouts":"set","ast-page-background-enabled":"default","ast-page-background-meta":{"desktop":{"background-color":"var(--ast-global-color-4)","background-image":"","background-repeat":"repeat","background-position":"center center","background-size":"auto","background-attachment":"scroll","background-type":"","background-media":"","overlay-type":"","overlay-color":"","overlay-opacity":"","overlay-gradient":""},"tablet":{"background-color":"","background-image":"","background-repeat":"repeat","background-position":"center center","background-size":"auto","background-attachment":"scroll","background-type":"","background-media":"","overlay-type":"","overlay-color":"","overlay-opacity":"","overlay-gradient":""},"mobile":{"background-color":"","background-image":"","background-repeat":"repeat","background-position":"center center","background-size":"auto","background-attachment":"scroll","background-type":"","background-media":"","overlay-type":"","overlay-color":"","overlay-opacity":"","overlay-gradient":""}},"ast-content-background-meta":{"desktop":{"background-color":"var(--ast-global-color-5)","background-image":"","background-repeat":"repeat","background-position":"center center","background-size":"auto","background-attachment":"scroll","background-type":"","background-media":"","overlay-type":"","overlay-color":"","overlay-opacity":"","overlay-gradient":""},"tablet":{"background-color":"var(--ast-global-color-5)","background-image":"","background-repeat":"repeat","background-position":"center center","background-size":"auto","background-attachment":"scroll","background-type":"","background-media":"","overlay-type":"","overlay-color":"","overlay-opacity":"","overlay-gradient":""},"mobile":{"background-color":"var(--ast-global-color-5)","background-image":"","background-repeat":"repeat","background-position":"center center","background-size":"auto","background-attachment":"scroll","background-type":"","background-media":"","overlay-type":"","overlay-color":"","overlay-opacity":"","overlay-gradient":""}}},"product_brand":[],"product_cat":[1419],"product_tag":[],"product_filter":[],"class_list":{"0":"post-26953","1":"product","2":"type-product","3":"status-publish","4":"has-post-thumbnail","6":"product_cat-non-classifiee","7":"desktop-align-center","8":"tablet-align-left","9":"mobile-align-left","11":"first","12":"instock","13":"shipping-taxable","14":"product-type-simple"},"acf":[],"_links":{"self":[{"href":"https:\/\/staging.uflex.it\/fr\/wp-json\/wp\/v2\/product\/26953","targetHints":{"allow":["GET"]}}],"collection":[{"href":"https:\/\/staging.uflex.it\/fr\/wp-json\/wp\/v2\/product"}],"about":[{"href":"https:\/\/staging.uflex.it\/fr\/wp-json\/wp\/v2\/types\/product"}],"replies":[{"embeddable":true,"href":"https:\/\/staging.uflex.it\/fr\/wp-json\/wp\/v2\/comments?post=26953"}],"version-history":[{"count":0,"href":"https:\/\/staging.uflex.it\/fr\/wp-json\/wp\/v2\/product\/26953\/revisions"}],"wp:featuredmedia":[{"embeddable":true,"href":"https:\/\/staging.uflex.it\/fr\/wp-json\/wp\/v2\/media\/18235"}],"wp:attachment":[{"href":"https:\/\/staging.uflex.it\/fr\/wp-json\/wp\/v2\/media?parent=26953"}],"wp:term":[{"taxonomy":"product_brand","embeddable":true,"href":"https:\/\/staging.uflex.it\/fr\/wp-json\/wp\/v2\/product_brand?post=26953"},{"taxonomy":"product_cat","embeddable":true,"href":"https:\/\/staging.uflex.it\/fr\/wp-json\/wp\/v2\/product_cat?post=26953"},{"taxonomy":"product_tag","embeddable":true,"href":"https:\/\/staging.uflex.it\/fr\/wp-json\/wp\/v2\/product_tag?post=26953"},{"taxonomy":"product_filter","embeddable":true,"href":"https:\/\/staging.uflex.it\/fr\/wp-json\/wp\/v2\/product_filter?post=26953"}],"curies":[{"name":"wp","href":"https:\/\/api.w.org\/{rel}","templated":true}]}}