{"id":26996,"date":"2024-04-24T14:18:09","date_gmt":"2024-04-24T12:18:09","guid":{"rendered":"https:\/\/uflex.it\/product\/elettropompe-autoadescanti-in-bronzo\/"},"modified":"2024-11-15T16:05:09","modified_gmt":"2024-11-15T15:05:09","slug":"electropompes-auto-amorcantes-en-bronze","status":"publish","type":"product","link":"https:\/\/staging.uflex.it\/fr\/produit\/electropompes-auto-amorcantes-en-bronze\/","title":{"rendered":"\u00c9lectropompes auto-amor\u00e7antes en bronze"},"content":{"rendered":"<p><strong>\u00c9LECTROPOMPES AUTO-AMOR\u00c7ANTES EN BRONZE<\/strong><\/p>\n<p>\u00c9lectropompes auto-amor\u00e7antes avec anneau liquide lat\u00e9ral, utilis\u00e9es pour vider les cales et transf\u00e9rer des liquides ininflammables tels que l&rsquo;eau douce, l&rsquo;eau de mer, le gasoil, tous les liquides \u00e0 tr\u00e8s faible viscosit\u00e9 et exempts d&rsquo;impuret\u00e9s solides.<\/p>\n<p><strong>Caract\u00e9ristiques standard<\/strong><\/p>\n<p>Corps de pompe en BRONZE, roue en BRONZE, arbre en INOX 316, bagues d&rsquo;\u00e9tanch\u00e9it\u00e9 en mat\u00e9riau anticorrosion, moteur \u00e9lectrique \u00e0 service continu de classe d&rsquo;isolation F, degr\u00e9 de protection IP20.<\/p>\n<p>\u00c9quip\u00e9e de filets \u00e0 gaz BSP sur le corps de la pompe.<\/p>\n<p><strong>Limites d&rsquo;utilisation<\/strong><\/p>\n<p>Liquides ininflammables exempts d&rsquo;impuret\u00e9s solides.<br \/>\nTemp\u00e9rature du liquide de 0 \u00e0 +70\u00b0 C. Pression statique maximale dans le corps de la pompe : 6 bar.<\/p>\n","protected":false},"excerpt":{"rendered":"<p>\u00c9LECTROPOMPES AUTO-AMOR\u00c7ANTES EN BRONZE \u00c9lectropompes auto-amor\u00e7antes avec anneau liquide lat\u00e9ral, utilis\u00e9es pour vider les cales et transf\u00e9rer des liquides ininflammables [&hellip;]<\/p>\n","protected":false},"featured_media":18419,"comment_status":"open","ping_status":"closed","template":"","meta":{"_acf_changed":false,"site-sidebar-layout":"default","site-content-layout":"","ast-site-content-layout":"default","site-content-style":"default","site-sidebar-style":"default","ast-global-header-display":"","ast-banner-title-visibility":"","ast-main-header-display":"","ast-hfb-above-header-display":"","ast-hfb-below-header-display":"","ast-hfb-mobile-header-display":"","site-post-title":"","ast-breadcrumbs-content":"","ast-featured-img":"","footer-sml-layout":"","ast-disable-related-posts":"","theme-transparent-header-meta":"default","adv-header-id-meta":"","stick-header-meta":"","header-above-stick-meta":"","header-main-stick-meta":"","header-below-stick-meta":"","astra-migrate-meta-layouts":"set","ast-page-background-enabled":"default","ast-page-background-meta":{"desktop":{"background-color":"var(--ast-global-color-4)","background-image":"","background-repeat":"repeat","background-position":"center center","background-size":"auto","background-attachment":"scroll","background-type":"","background-media":"","overlay-type":"","overlay-color":"","overlay-opacity":"","overlay-gradient":""},"tablet":{"background-color":"","background-image":"","background-repeat":"repeat","background-position":"center center","background-size":"auto","background-attachment":"scroll","background-type":"","background-media":"","overlay-type":"","overlay-color":"","overlay-opacity":"","overlay-gradient":""},"mobile":{"background-color":"","background-image":"","background-repeat":"repeat","background-position":"center center","background-size":"auto","background-attachment":"scroll","background-type":"","background-media":"","overlay-type":"","overlay-color":"","overlay-opacity":"","overlay-gradient":""}},"ast-content-background-meta":{"desktop":{"background-color":"var(--ast-global-color-5)","background-image":"","background-repeat":"repeat","background-position":"center center","background-size":"auto","background-attachment":"scroll","background-type":"","background-media":"","overlay-type":"","overlay-color":"","overlay-opacity":"","overlay-gradient":""},"tablet":{"background-color":"var(--ast-global-color-5)","background-image":"","background-repeat":"repeat","background-position":"center center","background-size":"auto","background-attachment":"scroll","background-type":"","background-media":"","overlay-type":"","overlay-color":"","overlay-opacity":"","overlay-gradient":""},"mobile":{"background-color":"var(--ast-global-color-5)","background-image":"","background-repeat":"repeat","background-position":"center center","background-size":"auto","background-attachment":"scroll","background-type":"","background-media":"","overlay-type":"","overlay-color":"","overlay-opacity":"","overlay-gradient":""}}},"product_brand":[],"product_cat":[1419],"product_tag":[],"product_filter":[],"class_list":{"0":"post-26996","1":"product","2":"type-product","3":"status-publish","4":"has-post-thumbnail","6":"product_cat-non-classifiee","7":"desktop-align-center","8":"tablet-align-left","9":"mobile-align-left","11":"first","12":"instock","13":"shipping-taxable","14":"product-type-simple"},"acf":[],"_links":{"self":[{"href":"https:\/\/staging.uflex.it\/fr\/wp-json\/wp\/v2\/product\/26996","targetHints":{"allow":["GET"]}}],"collection":[{"href":"https:\/\/staging.uflex.it\/fr\/wp-json\/wp\/v2\/product"}],"about":[{"href":"https:\/\/staging.uflex.it\/fr\/wp-json\/wp\/v2\/types\/product"}],"replies":[{"embeddable":true,"href":"https:\/\/staging.uflex.it\/fr\/wp-json\/wp\/v2\/comments?post=26996"}],"version-history":[{"count":0,"href":"https:\/\/staging.uflex.it\/fr\/wp-json\/wp\/v2\/product\/26996\/revisions"}],"wp:featuredmedia":[{"embeddable":true,"href":"https:\/\/staging.uflex.it\/fr\/wp-json\/wp\/v2\/media\/18419"}],"wp:attachment":[{"href":"https:\/\/staging.uflex.it\/fr\/wp-json\/wp\/v2\/media?parent=26996"}],"wp:term":[{"taxonomy":"product_brand","embeddable":true,"href":"https:\/\/staging.uflex.it\/fr\/wp-json\/wp\/v2\/product_brand?post=26996"},{"taxonomy":"product_cat","embeddable":true,"href":"https:\/\/staging.uflex.it\/fr\/wp-json\/wp\/v2\/product_cat?post=26996"},{"taxonomy":"product_tag","embeddable":true,"href":"https:\/\/staging.uflex.it\/fr\/wp-json\/wp\/v2\/product_tag?post=26996"},{"taxonomy":"product_filter","embeddable":true,"href":"https:\/\/staging.uflex.it\/fr\/wp-json\/wp\/v2\/product_filter?post=26996"}],"curies":[{"name":"wp","href":"https:\/\/api.w.org\/{rel}","templated":true}]}}