{"id":27493,"date":"2024-04-24T14:20:53","date_gmt":"2024-04-24T12:20:53","guid":{"rendered":"https:\/\/uflex.it\/product\/single-dual-electric-horns\/"},"modified":"2025-01-08T12:57:22","modified_gmt":"2025-01-08T11:57:22","slug":"klaxons-electriques-simples-doubles","status":"publish","type":"product","link":"https:\/\/staging.uflex.it\/fr\/produit\/klaxons-electriques-simples-doubles\/","title":{"rendered":"KLAXONS \u00c9LECTRIQUES SIMPLES\/DOUBLES"},"content":{"rendered":"<h1>KLAXONS \u00c9LECTRIQUES \u00c0 TROMPETTE SIMPLE OU DOUBLE<\/h1>\n<h2>KLAXON ELECTRIQUE A TROMPETTE SIMPLE<\/h2>\n<ul>\n<li>Valeur dB(A) : 110 \u00e0 un m\u00e8tre<\/li>\n<li>Fr\u00e9quence fondamentale : 420\u00b120Hz<\/li>\n<li>Dimensions: L 350mm (14\u201d) x W 87,5mm (3.5\u201d) x H 100mm (4\u201d)<\/li>\n<li>Consommation maximale d&rsquo;amp\u00e8res: 3.5 amps (12V)<\/li>\n<li>Ext\u00e9rieur 100% en acier inoxydable<\/li>\n<li>Membrane en acier inoxydable de type 304<\/li>\n<li>Garantie de 5 ans<\/li>\n<\/ul>\n<p><strong>10010 <\/strong>\u2013 22558E \u2013 Klaxon \u00e9lectrique \u00e0 double trompette 12 volts<\/p>\n<h2>KLAXON\u00a0ELECTRIQUE\u00a0\u00c0 DOUBLE TROMPETTE<\/h2>\n<ul>\n<li>Valeur dB(A) : 115 \u00e0 un m\u00e8tre<\/li>\n<li>Fr\u00e9quence fondamentale :370\u00b120Hz \/ 420\u00b120Hz<\/li>\n<li>Dimensions: L 400mm (16\u201d) x W 187,5mm (7.5\u201d) x H 100mm (4\u201d)<\/li>\n<li>Consommation maximale d&rsquo;amp\u00e8res: 7 amps (12V)<\/li>\n<li>Ext\u00e9rieur 100% en acier inoxydable<\/li>\n<li>Membrane en acier inoxydable de type 304<\/li>\n<li>Garantie de 5 ans<\/li>\n<\/ul>\n<p><strong>10011 <\/strong>\u2013 22404A \u2013 Klaxon \u00e9lectrique 12 volts \u00e0 double trompette<\/p>\n","protected":false},"excerpt":{"rendered":"<p>KLAXONS \u00c9LECTRIQUES \u00c0 TROMPETTE SIMPLE OU DOUBLE KLAXON ELECTRIQUE A TROMPETTE SIMPLE Valeur dB(A) : 110 \u00e0 un m\u00e8tre Fr\u00e9quence [&hellip;]<\/p>\n","protected":false},"featured_media":27489,"comment_status":"open","ping_status":"closed","template":"","meta":{"_acf_changed":false,"site-sidebar-layout":"default","site-content-layout":"","ast-site-content-layout":"default","site-content-style":"default","site-sidebar-style":"default","ast-global-header-display":"","ast-banner-title-visibility":"","ast-main-header-display":"","ast-hfb-above-header-display":"","ast-hfb-below-header-display":"","ast-hfb-mobile-header-display":"","site-post-title":"","ast-breadcrumbs-content":"","ast-featured-img":"","footer-sml-layout":"","ast-disable-related-posts":"","theme-transparent-header-meta":"default","adv-header-id-meta":"","stick-header-meta":"","header-above-stick-meta":"","header-main-stick-meta":"","header-below-stick-meta":"","astra-migrate-meta-layouts":"set","ast-page-background-enabled":"default","ast-page-background-meta":{"desktop":{"background-color":"var(--ast-global-color-4)","background-image":"","background-repeat":"repeat","background-position":"center center","background-size":"auto","background-attachment":"scroll","background-type":"","background-media":"","overlay-type":"","overlay-color":"","overlay-opacity":"","overlay-gradient":""},"tablet":{"background-color":"","background-image":"","background-repeat":"repeat","background-position":"center center","background-size":"auto","background-attachment":"scroll","background-type":"","background-media":"","overlay-type":"","overlay-color":"","overlay-opacity":"","overlay-gradient":""},"mobile":{"background-color":"","background-image":"","background-repeat":"repeat","background-position":"center center","background-size":"auto","background-attachment":"scroll","background-type":"","background-media":"","overlay-type":"","overlay-color":"","overlay-opacity":"","overlay-gradient":""}},"ast-content-background-meta":{"desktop":{"background-color":"var(--ast-global-color-5)","background-image":"","background-repeat":"repeat","background-position":"center center","background-size":"auto","background-attachment":"scroll","background-type":"","background-media":"","overlay-type":"","overlay-color":"","overlay-opacity":"","overlay-gradient":""},"tablet":{"background-color":"var(--ast-global-color-5)","background-image":"","background-repeat":"repeat","background-position":"center center","background-size":"auto","background-attachment":"scroll","background-type":"","background-media":"","overlay-type":"","overlay-color":"","overlay-opacity":"","overlay-gradient":""},"mobile":{"background-color":"var(--ast-global-color-5)","background-image":"","background-repeat":"repeat","background-position":"center center","background-size":"auto","background-attachment":"scroll","background-type":"","background-media":"","overlay-type":"","overlay-color":"","overlay-opacity":"","overlay-gradient":""}}},"product_brand":[],"product_cat":[1419],"product_tag":[],"product_filter":[],"class_list":{"0":"post-27493","1":"product","2":"type-product","3":"status-publish","4":"has-post-thumbnail","6":"product_cat-non-classifiee","7":"desktop-align-center","8":"tablet-align-left","9":"mobile-align-left","11":"first","12":"instock","13":"shipping-taxable","14":"product-type-simple"},"acf":[],"_links":{"self":[{"href":"https:\/\/staging.uflex.it\/fr\/wp-json\/wp\/v2\/product\/27493","targetHints":{"allow":["GET"]}}],"collection":[{"href":"https:\/\/staging.uflex.it\/fr\/wp-json\/wp\/v2\/product"}],"about":[{"href":"https:\/\/staging.uflex.it\/fr\/wp-json\/wp\/v2\/types\/product"}],"replies":[{"embeddable":true,"href":"https:\/\/staging.uflex.it\/fr\/wp-json\/wp\/v2\/comments?post=27493"}],"version-history":[{"count":0,"href":"https:\/\/staging.uflex.it\/fr\/wp-json\/wp\/v2\/product\/27493\/revisions"}],"wp:featuredmedia":[{"embeddable":true,"href":"https:\/\/staging.uflex.it\/fr\/wp-json\/wp\/v2\/media\/27489"}],"wp:attachment":[{"href":"https:\/\/staging.uflex.it\/fr\/wp-json\/wp\/v2\/media?parent=27493"}],"wp:term":[{"taxonomy":"product_brand","embeddable":true,"href":"https:\/\/staging.uflex.it\/fr\/wp-json\/wp\/v2\/product_brand?post=27493"},{"taxonomy":"product_cat","embeddable":true,"href":"https:\/\/staging.uflex.it\/fr\/wp-json\/wp\/v2\/product_cat?post=27493"},{"taxonomy":"product_tag","embeddable":true,"href":"https:\/\/staging.uflex.it\/fr\/wp-json\/wp\/v2\/product_tag?post=27493"},{"taxonomy":"product_filter","embeddable":true,"href":"https:\/\/staging.uflex.it\/fr\/wp-json\/wp\/v2\/product_filter?post=27493"}],"curies":[{"name":"wp","href":"https:\/\/api.w.org\/{rel}","templated":true}]}}