{"id":27507,"date":"2024-04-24T14:21:35","date_gmt":"2024-04-24T12:21:35","guid":{"rendered":"https:\/\/uflex.it\/product\/ip43-phoenix-smart-battery-chargers\/"},"modified":"2025-01-08T15:10:49","modified_gmt":"2025-01-08T14:10:49","slug":"chargeurs-de-batterie-intelligents-ip43-phoenix","status":"publish","type":"product","link":"https:\/\/staging.uflex.it\/fr\/produit\/chargeurs-de-batterie-intelligents-ip43-phoenix\/","title":{"rendered":"CHARGEURS DE BATTERIE INTELLIGENTS IP43 PHOENIX"},"content":{"rendered":"<p><strong>Compatible Bluetooth Smart<\/strong><br \/>\nTout t\u00e9l\u00e9phone intelligent, tablette ou autre appareil compatible Bluetooth peut \u00eatre utilis\u00e9 pour surveiller, modifier les param\u00e8tres et mettre \u00e0 jour le chargeur lorsque de nouvelles fonctions logicielles sont disponibles.<br \/>\n<strong>Phoenix Smart (1+1) : deux sorties pour charger 2 banques de batteries<\/strong><br \/>\nLa seconde sortie, limit\u00e9e \u00e0 environ 3A et avec une tension de sortie l\u00e9g\u00e8rement inf\u00e9rieure, est destin\u00e9e \u00e0 recharger une batterie de d\u00e9marrage.<br \/>\n<strong>Phoenix Smart (3) : trois sorties plein courant pour charger 3 parcs de batteries<\/strong><br \/>\nChaque sortie peut fournir la totalit\u00e9 du courant de sortie nominal. Mais le total des 3 sorties combin\u00e9es ne peut jamais d\u00e9passer le courant nominal du chargeur.<br \/>\n<strong>Compensation automatique de la tension<\/strong><br \/>\nLe chargeur compense la chute de tension sur le c\u00e2blage CC en augmentant l\u00e9g\u00e8rement la tension de sortie lorsque le courant CC augmente.<br \/>\n<strong>Algorithme de charge adaptative en 5 \u00e9tapes : bulk &#8211; absorption &#8211; reconditionnement &#8211; float &#8211; stockage<\/strong><br \/>\nLe chargeur intelligent Phoenix est dot\u00e9 du syst\u00e8me de gestion de batterie \u00ab adaptatif \u00bb bien connu de Vctron, qui peut \u00eatre pr\u00e9r\u00e9gl\u00e9 pour s&rsquo;adapter \u00e0 diff\u00e9rents types de batteries. La fonction \u00ab adaptative \u00bb optimise automatiquement le processus de charge en fonction de la mani\u00e8re dont la batterie est utilis\u00e9e.<br \/>\n<strong>La bonne quantit\u00e9 de charge : temps d&rsquo;absorption variable<\/strong><br \/>\nLorsque les d\u00e9charges sont peu profondes (un yacht branch\u00e9 sur le courant de quai, par exemple), le temps d&rsquo;absorption est court afin d&rsquo;\u00e9viter une surcharge de la batterie. Apr\u00e8s une d\u00e9charge profonde, le temps d&rsquo;absorption est automatiquement augment\u00e9 pour s&rsquo;assurer que la batterie sera compl\u00e8tement charg\u00e9e.<br \/>\n<strong>Charge \u00e9galement les batteries Li-ion (LiFePO4).<\/strong><br \/>\nLe contr\u00f4le marche-arr\u00eat du chargeur peut \u00eatre mis en \u0153uvre en connectant un relais ou une sortie optocoupleur \u00e0 collecteur ouvert d&rsquo;un BMS Li-ion au port marche-arr\u00eat \u00e0 distance.<br \/>\nIl est \u00e9galement possible d&rsquo;obtenir un contr\u00f4le complet de la tension et du courant gr\u00e2ce \u00e0 la technologie Bluetooth.<br \/>\n<strong>Algorithme de charge enti\u00e8rement programmable<\/strong><br \/>\nL&rsquo;algorithme de charge peut \u00eatre programm\u00e9 \u00e0 l&rsquo;aide de Bluetooth ou de l&rsquo;interface VE.Direct. Trois algorithmes pr\u00e9programm\u00e9s peuvent \u00eatre s\u00e9lectionn\u00e9s \u00e0 l&rsquo;aide du bouton mode.<br \/>\n<strong>Marche-arr\u00eat \u00e0 distance<\/strong><br \/>\nLa t\u00e9l\u00e9commande marche\/arr\u00eat se compose de deux bornes : Remote H et Remote L.<br \/>\nUn interrupteur marche\/arr\u00eat \u00e0 distance ou un contact de relais peut \u00eatre connect\u00e9 entre H et L. Alternativement, la borne H peut \u00eatre tir\u00e9e vers le haut, ou la borne L peut \u00eatre tir\u00e9e vers le bas.<br \/>\n<strong>VE.Interface directe<\/strong><br \/>\nPour une connexion c\u00e2bl\u00e9e \u00e0 un panneau de contr\u00f4le couleur, \u00e0 un PC ou \u00e0 d&rsquo;autres appareils.<br \/>\n<strong>Relais programmable<\/strong><br \/>\nPeut \u00eatre programm\u00e9 \u00e0 l&rsquo;aide de l&rsquo;interface VE.Direct ou d&rsquo;un dispositif Bluetooth pour se d\u00e9clencher en cas d&rsquo;alarme ou d&rsquo;autres \u00e9v\u00e9nements.<\/p>\n","protected":false},"excerpt":{"rendered":"<p>Compatible Bluetooth Smart Tout t\u00e9l\u00e9phone intelligent, tablette ou autre appareil compatible Bluetooth peut \u00eatre utilis\u00e9 pour surveiller, modifier les param\u00e8tres [&hellip;]<\/p>\n","protected":false},"featured_media":20307,"comment_status":"open","ping_status":"closed","template":"","meta":{"_acf_changed":false,"site-sidebar-layout":"default","site-content-layout":"","ast-site-content-layout":"default","site-content-style":"default","site-sidebar-style":"default","ast-global-header-display":"","ast-banner-title-visibility":"","ast-main-header-display":"","ast-hfb-above-header-display":"","ast-hfb-below-header-display":"","ast-hfb-mobile-header-display":"","site-post-title":"","ast-breadcrumbs-content":"","ast-featured-img":"","footer-sml-layout":"","ast-disable-related-posts":"","theme-transparent-header-meta":"default","adv-header-id-meta":"","stick-header-meta":"","header-above-stick-meta":"","header-main-stick-meta":"","header-below-stick-meta":"","astra-migrate-meta-layouts":"set","ast-page-background-enabled":"default","ast-page-background-meta":{"desktop":{"background-color":"var(--ast-global-color-4)","background-image":"","background-repeat":"repeat","background-position":"center center","background-size":"auto","background-attachment":"scroll","background-type":"","background-media":"","overlay-type":"","overlay-color":"","overlay-opacity":"","overlay-gradient":""},"tablet":{"background-color":"","background-image":"","background-repeat":"repeat","background-position":"center center","background-size":"auto","background-attachment":"scroll","background-type":"","background-media":"","overlay-type":"","overlay-color":"","overlay-opacity":"","overlay-gradient":""},"mobile":{"background-color":"","background-image":"","background-repeat":"repeat","background-position":"center center","background-size":"auto","background-attachment":"scroll","background-type":"","background-media":"","overlay-type":"","overlay-color":"","overlay-opacity":"","overlay-gradient":""}},"ast-content-background-meta":{"desktop":{"background-color":"var(--ast-global-color-5)","background-image":"","background-repeat":"repeat","background-position":"center center","background-size":"auto","background-attachment":"scroll","background-type":"","background-media":"","overlay-type":"","overlay-color":"","overlay-opacity":"","overlay-gradient":""},"tablet":{"background-color":"var(--ast-global-color-5)","background-image":"","background-repeat":"repeat","background-position":"center center","background-size":"auto","background-attachment":"scroll","background-type":"","background-media":"","overlay-type":"","overlay-color":"","overlay-opacity":"","overlay-gradient":""},"mobile":{"background-color":"var(--ast-global-color-5)","background-image":"","background-repeat":"repeat","background-position":"center center","background-size":"auto","background-attachment":"scroll","background-type":"","background-media":"","overlay-type":"","overlay-color":"","overlay-opacity":"","overlay-gradient":""}}},"product_brand":[],"product_cat":[1419],"product_tag":[],"product_filter":[],"class_list":{"0":"post-27507","1":"product","2":"type-product","3":"status-publish","4":"has-post-thumbnail","6":"product_cat-non-classifiee","7":"desktop-align-center","8":"tablet-align-left","9":"mobile-align-left","11":"first","12":"instock","13":"shipping-taxable","14":"product-type-simple"},"acf":[],"_links":{"self":[{"href":"https:\/\/staging.uflex.it\/fr\/wp-json\/wp\/v2\/product\/27507","targetHints":{"allow":["GET"]}}],"collection":[{"href":"https:\/\/staging.uflex.it\/fr\/wp-json\/wp\/v2\/product"}],"about":[{"href":"https:\/\/staging.uflex.it\/fr\/wp-json\/wp\/v2\/types\/product"}],"replies":[{"embeddable":true,"href":"https:\/\/staging.uflex.it\/fr\/wp-json\/wp\/v2\/comments?post=27507"}],"version-history":[{"count":0,"href":"https:\/\/staging.uflex.it\/fr\/wp-json\/wp\/v2\/product\/27507\/revisions"}],"wp:featuredmedia":[{"embeddable":true,"href":"https:\/\/staging.uflex.it\/fr\/wp-json\/wp\/v2\/media\/20307"}],"wp:attachment":[{"href":"https:\/\/staging.uflex.it\/fr\/wp-json\/wp\/v2\/media?parent=27507"}],"wp:term":[{"taxonomy":"product_brand","embeddable":true,"href":"https:\/\/staging.uflex.it\/fr\/wp-json\/wp\/v2\/product_brand?post=27507"},{"taxonomy":"product_cat","embeddable":true,"href":"https:\/\/staging.uflex.it\/fr\/wp-json\/wp\/v2\/product_cat?post=27507"},{"taxonomy":"product_tag","embeddable":true,"href":"https:\/\/staging.uflex.it\/fr\/wp-json\/wp\/v2\/product_tag?post=27507"},{"taxonomy":"product_filter","embeddable":true,"href":"https:\/\/staging.uflex.it\/fr\/wp-json\/wp\/v2\/product_filter?post=27507"}],"curies":[{"name":"wp","href":"https:\/\/api.w.org\/{rel}","templated":true}]}}