{"id":27519,"date":"2024-04-24T14:22:06","date_gmt":"2024-04-24T12:22:06","guid":{"rendered":"https:\/\/uflex.it\/product\/ve-bus-bms-v2\/"},"modified":"2025-01-08T17:37:01","modified_gmt":"2025-01-08T16:37:01","slug":"ve-bus-bms-v2","status":"publish","type":"product","link":"https:\/\/staging.uflex.it\/fr\/produit\/ve-bus-bms-v2\/","title":{"rendered":"VE.BUS BMS V2"},"content":{"rendered":"<p>Le BMS VE.Bus prot\u00e8ge chaque cellule d&rsquo;une batterie Victron au lithium-fer-phosphate (LiFePO4 ou LFP).<br \/>\nChaque cellule d&rsquo;une batterie LiFePO4 doit \u00eatre prot\u00e9g\u00e9e contre la surtension, la sous-tension et la surchauffe. Les batteries Victron LiFePO4 disposent d&rsquo;un contr\u00f4le int\u00e9gr\u00e9 de l&rsquo;\u00e9quilibrage, de la temp\u00e9rature et de la tension (acronyme : BTV) et se connectent au BMS VE.Bus \u00e0 l&rsquo;aide de deux cordons de connecteurs circulaires M8. Les BTV de plusieurs batteries peuvent \u00eatre connect\u00e9s en guirlande. Veuillez consulter notre documentation sur les batteries LiFePO4 pour plus de d\u00e9tails.<\/p>\n<p>Le BMS va :<br \/>\nArr\u00eater ou d\u00e9connecter les charges en cas de sous-tension imminente des cellules.<br \/>\nR\u00e9duire le courant de charge en cas de surtension ou de surchauffe imminente de la cellule (produits VE.Bus uniquement, voir ci-dessous).<br \/>\nArr\u00eater ou d\u00e9connecter les chargeurs de batterie en cas de surtension ou de surchauffe imminente de la cellule.<\/p>\n","protected":false},"excerpt":{"rendered":"<p>Le BMS VE.Bus prot\u00e8ge chaque cellule d&rsquo;une batterie Victron au lithium-fer-phosphate (LiFePO4 ou LFP). Chaque cellule d&rsquo;une batterie LiFePO4 doit [&hellip;]<\/p>\n","protected":false},"featured_media":27514,"comment_status":"open","ping_status":"closed","template":"","meta":{"_acf_changed":false,"site-sidebar-layout":"default","site-content-layout":"","ast-site-content-layout":"default","site-content-style":"default","site-sidebar-style":"default","ast-global-header-display":"","ast-banner-title-visibility":"","ast-main-header-display":"","ast-hfb-above-header-display":"","ast-hfb-below-header-display":"","ast-hfb-mobile-header-display":"","site-post-title":"","ast-breadcrumbs-content":"","ast-featured-img":"","footer-sml-layout":"","ast-disable-related-posts":"","theme-transparent-header-meta":"default","adv-header-id-meta":"","stick-header-meta":"","header-above-stick-meta":"","header-main-stick-meta":"","header-below-stick-meta":"","astra-migrate-meta-layouts":"set","ast-page-background-enabled":"default","ast-page-background-meta":{"desktop":{"background-color":"var(--ast-global-color-4)","background-image":"","background-repeat":"repeat","background-position":"center center","background-size":"auto","background-attachment":"scroll","background-type":"","background-media":"","overlay-type":"","overlay-color":"","overlay-opacity":"","overlay-gradient":""},"tablet":{"background-color":"","background-image":"","background-repeat":"repeat","background-position":"center center","background-size":"auto","background-attachment":"scroll","background-type":"","background-media":"","overlay-type":"","overlay-color":"","overlay-opacity":"","overlay-gradient":""},"mobile":{"background-color":"","background-image":"","background-repeat":"repeat","background-position":"center center","background-size":"auto","background-attachment":"scroll","background-type":"","background-media":"","overlay-type":"","overlay-color":"","overlay-opacity":"","overlay-gradient":""}},"ast-content-background-meta":{"desktop":{"background-color":"var(--ast-global-color-5)","background-image":"","background-repeat":"repeat","background-position":"center center","background-size":"auto","background-attachment":"scroll","background-type":"","background-media":"","overlay-type":"","overlay-color":"","overlay-opacity":"","overlay-gradient":""},"tablet":{"background-color":"var(--ast-global-color-5)","background-image":"","background-repeat":"repeat","background-position":"center center","background-size":"auto","background-attachment":"scroll","background-type":"","background-media":"","overlay-type":"","overlay-color":"","overlay-opacity":"","overlay-gradient":""},"mobile":{"background-color":"var(--ast-global-color-5)","background-image":"","background-repeat":"repeat","background-position":"center center","background-size":"auto","background-attachment":"scroll","background-type":"","background-media":"","overlay-type":"","overlay-color":"","overlay-opacity":"","overlay-gradient":""}}},"product_brand":[],"product_cat":[1419],"product_tag":[],"product_filter":[],"class_list":{"0":"post-27519","1":"product","2":"type-product","3":"status-publish","4":"has-post-thumbnail","6":"product_cat-non-classifiee","7":"desktop-align-center","8":"tablet-align-left","9":"mobile-align-left","11":"first","12":"instock","13":"shipping-taxable","14":"product-type-simple"},"acf":[],"_links":{"self":[{"href":"https:\/\/staging.uflex.it\/fr\/wp-json\/wp\/v2\/product\/27519","targetHints":{"allow":["GET"]}}],"collection":[{"href":"https:\/\/staging.uflex.it\/fr\/wp-json\/wp\/v2\/product"}],"about":[{"href":"https:\/\/staging.uflex.it\/fr\/wp-json\/wp\/v2\/types\/product"}],"replies":[{"embeddable":true,"href":"https:\/\/staging.uflex.it\/fr\/wp-json\/wp\/v2\/comments?post=27519"}],"version-history":[{"count":0,"href":"https:\/\/staging.uflex.it\/fr\/wp-json\/wp\/v2\/product\/27519\/revisions"}],"wp:featuredmedia":[{"embeddable":true,"href":"https:\/\/staging.uflex.it\/fr\/wp-json\/wp\/v2\/media\/27514"}],"wp:attachment":[{"href":"https:\/\/staging.uflex.it\/fr\/wp-json\/wp\/v2\/media?parent=27519"}],"wp:term":[{"taxonomy":"product_brand","embeddable":true,"href":"https:\/\/staging.uflex.it\/fr\/wp-json\/wp\/v2\/product_brand?post=27519"},{"taxonomy":"product_cat","embeddable":true,"href":"https:\/\/staging.uflex.it\/fr\/wp-json\/wp\/v2\/product_cat?post=27519"},{"taxonomy":"product_tag","embeddable":true,"href":"https:\/\/staging.uflex.it\/fr\/wp-json\/wp\/v2\/product_tag?post=27519"},{"taxonomy":"product_filter","embeddable":true,"href":"https:\/\/staging.uflex.it\/fr\/wp-json\/wp\/v2\/product_filter?post=27519"}],"curies":[{"name":"wp","href":"https:\/\/api.w.org\/{rel}","templated":true}]}}