{"id":27540,"date":"2024-04-24T14:18:25","date_gmt":"2024-04-24T12:18:25","guid":{"rendered":"https:\/\/uflex.it\/product\/moduli-fotovoltaici-semiflessibili-xunzel\/"},"modified":"2025-01-09T11:17:41","modified_gmt":"2025-01-09T10:17:41","slug":"modules-photovoltaiques-semi-flexibles-xunzel","status":"publish","type":"product","link":"https:\/\/staging.uflex.it\/fr\/produit\/modules-photovoltaiques-semi-flexibles-xunzel\/","title":{"rendered":"MODULES PHOTOVOLTA\u00cfQUES SEMI-FLEXIBLES XUNZEL\u00ae"},"content":{"rendered":"<h1>MODULES PHOTOVOLTA\u00cfQUES SEMI-FLEXIBLES XUNZEL\u2122<\/h1>\n<p>Les modules Xunzel\u2122 sont tr\u00e8s fins (3 mm), l\u00e9gers et pliables jusqu&rsquo;\u00e0 un maximum de 30\u00b0.<br \/>\nGr\u00e2ce \u00e0 la technologie innovante All-Back-Contact, ces modules d\u00e9livrent plus de puissance que leurs concurrents de m\u00eame taille. Ces panneaux ont des rendements int\u00e9ressants m\u00eame en cas de faible irradiation solaire et par temps nuageux, car ils absorbent diff\u00e9rentes longueurs d&rsquo;onde de la lumi\u00e8re et sont donc capables de produire de l&rsquo;\u00e9lectricit\u00e9 m\u00eame dans des conditions d\u00e9favorables. Ils ont \u00e9galement un rendement \u00e9lev\u00e9, m\u00eame \u00e0 des temp\u00e9ratures \u00e9lev\u00e9es. Id\u00e9al pour les applications sur les bateaux et les camping-cars.<\/p>\n<p><strong>CARACT\u00c9RISTIQUES<\/strong><\/p>\n<ul>\n<li style=\"list-style-type: none;\"><\/li>\n<li>Facile \u00e0 installer. Pr\u00eat \u00e0 \u00eatre raccord\u00e9. Anneau en acier inoxydable (10 mm de diam\u00e8tre)<\/li>\n<li>Comprend 3 m de c\u00e2blage pr\u00e9-assembl\u00e9<\/li>\n<li>Bo\u00eete de jonction enti\u00e8rement \u00e9tanche aux intemp\u00e9ries et \u00e0 l&rsquo;eau (IP65)<\/li>\n<li>Conception : haute qualit\u00e9, fiabilit\u00e9 et performance. Panneaux dot\u00e9s de cellules en silicium cristallin avec technologie brevet\u00e9e All-Back-Contact. Extr\u00eamement mince, l\u00e9ger et pliable jusqu&rsquo;\u00e0 un maximum de 30\u00b0.<\/li>\n<li>R\u00e9sistant : Les mat\u00e9riaux de haute qualit\u00e9 r\u00e9sistants aux UV garantissent une longue dur\u00e9e de vie aux panneaux.<\/li>\n<\/ul>\n","protected":false},"excerpt":{"rendered":"<p>MODULES PHOTOVOLTA\u00cfQUES SEMI-FLEXIBLES XUNZEL\u2122 Les modules Xunzel\u2122 sont tr\u00e8s fins (3 mm), l\u00e9gers et pliables jusqu&rsquo;\u00e0 un maximum de 30\u00b0. [&hellip;]<\/p>\n","protected":false},"featured_media":18592,"comment_status":"open","ping_status":"closed","template":"","meta":{"_acf_changed":false,"site-sidebar-layout":"default","site-content-layout":"","ast-site-content-layout":"default","site-content-style":"default","site-sidebar-style":"default","ast-global-header-display":"","ast-banner-title-visibility":"","ast-main-header-display":"","ast-hfb-above-header-display":"","ast-hfb-below-header-display":"","ast-hfb-mobile-header-display":"","site-post-title":"","ast-breadcrumbs-content":"","ast-featured-img":"","footer-sml-layout":"","ast-disable-related-posts":"","theme-transparent-header-meta":"default","adv-header-id-meta":"","stick-header-meta":"","header-above-stick-meta":"","header-main-stick-meta":"","header-below-stick-meta":"","astra-migrate-meta-layouts":"set","ast-page-background-enabled":"default","ast-page-background-meta":{"desktop":{"background-color":"var(--ast-global-color-4)","background-image":"","background-repeat":"repeat","background-position":"center center","background-size":"auto","background-attachment":"scroll","background-type":"","background-media":"","overlay-type":"","overlay-color":"","overlay-opacity":"","overlay-gradient":""},"tablet":{"background-color":"","background-image":"","background-repeat":"repeat","background-position":"center center","background-size":"auto","background-attachment":"scroll","background-type":"","background-media":"","overlay-type":"","overlay-color":"","overlay-opacity":"","overlay-gradient":""},"mobile":{"background-color":"","background-image":"","background-repeat":"repeat","background-position":"center center","background-size":"auto","background-attachment":"scroll","background-type":"","background-media":"","overlay-type":"","overlay-color":"","overlay-opacity":"","overlay-gradient":""}},"ast-content-background-meta":{"desktop":{"background-color":"var(--ast-global-color-5)","background-image":"","background-repeat":"repeat","background-position":"center center","background-size":"auto","background-attachment":"scroll","background-type":"","background-media":"","overlay-type":"","overlay-color":"","overlay-opacity":"","overlay-gradient":""},"tablet":{"background-color":"var(--ast-global-color-5)","background-image":"","background-repeat":"repeat","background-position":"center center","background-size":"auto","background-attachment":"scroll","background-type":"","background-media":"","overlay-type":"","overlay-color":"","overlay-opacity":"","overlay-gradient":""},"mobile":{"background-color":"var(--ast-global-color-5)","background-image":"","background-repeat":"repeat","background-position":"center center","background-size":"auto","background-attachment":"scroll","background-type":"","background-media":"","overlay-type":"","overlay-color":"","overlay-opacity":"","overlay-gradient":""}}},"product_brand":[],"product_cat":[1419],"product_tag":[],"product_filter":[],"class_list":{"0":"post-27540","1":"product","2":"type-product","3":"status-publish","4":"has-post-thumbnail","6":"product_cat-non-classifiee","7":"desktop-align-center","8":"tablet-align-left","9":"mobile-align-left","11":"first","12":"instock","13":"shipping-taxable","14":"product-type-simple"},"acf":[],"_links":{"self":[{"href":"https:\/\/staging.uflex.it\/fr\/wp-json\/wp\/v2\/product\/27540","targetHints":{"allow":["GET"]}}],"collection":[{"href":"https:\/\/staging.uflex.it\/fr\/wp-json\/wp\/v2\/product"}],"about":[{"href":"https:\/\/staging.uflex.it\/fr\/wp-json\/wp\/v2\/types\/product"}],"replies":[{"embeddable":true,"href":"https:\/\/staging.uflex.it\/fr\/wp-json\/wp\/v2\/comments?post=27540"}],"version-history":[{"count":0,"href":"https:\/\/staging.uflex.it\/fr\/wp-json\/wp\/v2\/product\/27540\/revisions"}],"wp:featuredmedia":[{"embeddable":true,"href":"https:\/\/staging.uflex.it\/fr\/wp-json\/wp\/v2\/media\/18592"}],"wp:attachment":[{"href":"https:\/\/staging.uflex.it\/fr\/wp-json\/wp\/v2\/media?parent=27540"}],"wp:term":[{"taxonomy":"product_brand","embeddable":true,"href":"https:\/\/staging.uflex.it\/fr\/wp-json\/wp\/v2\/product_brand?post=27540"},{"taxonomy":"product_cat","embeddable":true,"href":"https:\/\/staging.uflex.it\/fr\/wp-json\/wp\/v2\/product_cat?post=27540"},{"taxonomy":"product_tag","embeddable":true,"href":"https:\/\/staging.uflex.it\/fr\/wp-json\/wp\/v2\/product_tag?post=27540"},{"taxonomy":"product_filter","embeddable":true,"href":"https:\/\/staging.uflex.it\/fr\/wp-json\/wp\/v2\/product_filter?post=27540"}],"curies":[{"name":"wp","href":"https:\/\/api.w.org\/{rel}","templated":true}]}}