{"id":27545,"date":"2024-04-24T14:18:26","date_gmt":"2024-04-24T12:18:26","guid":{"rendered":"https:\/\/uflex.it\/product\/eurener-poly-crystalline-and-mono-crystalline-pv-modules\/"},"modified":"2025-01-09T12:21:07","modified_gmt":"2025-01-09T11:21:07","slug":"eurener-poly-crystalline-and-mono-crystalline-pv-modules","status":"publish","type":"product","link":"https:\/\/staging.uflex.it\/fr\/produit\/eurener-poly-crystalline-and-mono-crystalline-pv-modules\/","title":{"rendered":"EURENER\u00ae &#8211; POLY-CRYSTALLINE AND MONO-CRYSTALLINE PV MODULES"},"content":{"rendered":"<ul>\n<li>Test d&rsquo;\u00e9lectroluminescence (EL-Test)<\/li>\n<li>IP67 + 1 m de c\u00e2ble<\/li>\n<li>Verre \u00e0 haute transmissivit\u00e9 et r\u00e9sistance<\/li>\n<li>Cadre et chambre \u00e0 air \u00e0 haute r\u00e9sistance m\u00e9canique<\/li>\n<li>Mat\u00e9riaux recyclables et respectueux de l&rsquo;environnement<\/li>\n<li>Mod\u00e8les disponibles 280 \/ 300 \/ 320 Watt de puissance nominale<\/li>\n<\/ul>\n<p>&nbsp;<\/p>\n<ul>\n<li><strong>Certificats<\/strong> : IEC 61215:2005 ; IEC 61730-1:2004 \/ IEC 61730-2:2004 ; Charge frontale (neige) 5 400 Pa ; Charge arri\u00e8re (vent) 2 400 Pa ; R\u00e9sistance au feu certifi\u00e9e \/ Classe 1 (UNI 9177) ; MCS (R.U) ; EEE016-20130528-001 (France) ; Conformit\u00e9 DEEE en Allemagne ; ETL Listed (USA-Canada) ; R\u00e9sistance PID (modules photovolta\u00efques polycristallins uniquement)<\/li>\n<\/ul>\n","protected":false},"excerpt":{"rendered":"<p>Test d&rsquo;\u00e9lectroluminescence (EL-Test) IP67 + 1 m de c\u00e2ble Verre \u00e0 haute transmissivit\u00e9 et r\u00e9sistance Cadre et chambre \u00e0 air [&hellip;]<\/p>\n","protected":false},"featured_media":18600,"comment_status":"closed","ping_status":"closed","template":"","meta":{"_acf_changed":false,"site-sidebar-layout":"default","site-content-layout":"","ast-site-content-layout":"default","site-content-style":"default","site-sidebar-style":"default","ast-global-header-display":"","ast-banner-title-visibility":"","ast-main-header-display":"","ast-hfb-above-header-display":"","ast-hfb-below-header-display":"","ast-hfb-mobile-header-display":"","site-post-title":"","ast-breadcrumbs-content":"","ast-featured-img":"","footer-sml-layout":"","ast-disable-related-posts":"","theme-transparent-header-meta":"default","adv-header-id-meta":"","stick-header-meta":"","header-above-stick-meta":"","header-main-stick-meta":"","header-below-stick-meta":"","astra-migrate-meta-layouts":"set","ast-page-background-enabled":"default","ast-page-background-meta":{"desktop":{"background-color":"var(--ast-global-color-4)","background-image":"","background-repeat":"repeat","background-position":"center center","background-size":"auto","background-attachment":"scroll","background-type":"","background-media":"","overlay-type":"","overlay-color":"","overlay-opacity":"","overlay-gradient":""},"tablet":{"background-color":"","background-image":"","background-repeat":"repeat","background-position":"center center","background-size":"auto","background-attachment":"scroll","background-type":"","background-media":"","overlay-type":"","overlay-color":"","overlay-opacity":"","overlay-gradient":""},"mobile":{"background-color":"","background-image":"","background-repeat":"repeat","background-position":"center center","background-size":"auto","background-attachment":"scroll","background-type":"","background-media":"","overlay-type":"","overlay-color":"","overlay-opacity":"","overlay-gradient":""}},"ast-content-background-meta":{"desktop":{"background-color":"var(--ast-global-color-5)","background-image":"","background-repeat":"repeat","background-position":"center center","background-size":"auto","background-attachment":"scroll","background-type":"","background-media":"","overlay-type":"","overlay-color":"","overlay-opacity":"","overlay-gradient":""},"tablet":{"background-color":"var(--ast-global-color-5)","background-image":"","background-repeat":"repeat","background-position":"center center","background-size":"auto","background-attachment":"scroll","background-type":"","background-media":"","overlay-type":"","overlay-color":"","overlay-opacity":"","overlay-gradient":""},"mobile":{"background-color":"var(--ast-global-color-5)","background-image":"","background-repeat":"repeat","background-position":"center center","background-size":"auto","background-attachment":"scroll","background-type":"","background-media":"","overlay-type":"","overlay-color":"","overlay-opacity":"","overlay-gradient":""}}},"product_brand":[],"product_cat":[1419],"product_tag":[],"product_filter":[],"class_list":{"0":"post-27545","1":"product","2":"type-product","3":"status-publish","4":"has-post-thumbnail","6":"product_cat-non-classifiee","7":"desktop-align-center","8":"tablet-align-left","9":"mobile-align-left","11":"first","12":"instock","13":"shipping-taxable","14":"product-type-simple"},"acf":[],"_links":{"self":[{"href":"https:\/\/staging.uflex.it\/fr\/wp-json\/wp\/v2\/product\/27545","targetHints":{"allow":["GET"]}}],"collection":[{"href":"https:\/\/staging.uflex.it\/fr\/wp-json\/wp\/v2\/product"}],"about":[{"href":"https:\/\/staging.uflex.it\/fr\/wp-json\/wp\/v2\/types\/product"}],"replies":[{"embeddable":true,"href":"https:\/\/staging.uflex.it\/fr\/wp-json\/wp\/v2\/comments?post=27545"}],"version-history":[{"count":0,"href":"https:\/\/staging.uflex.it\/fr\/wp-json\/wp\/v2\/product\/27545\/revisions"}],"wp:featuredmedia":[{"embeddable":true,"href":"https:\/\/staging.uflex.it\/fr\/wp-json\/wp\/v2\/media\/18600"}],"wp:attachment":[{"href":"https:\/\/staging.uflex.it\/fr\/wp-json\/wp\/v2\/media?parent=27545"}],"wp:term":[{"taxonomy":"product_brand","embeddable":true,"href":"https:\/\/staging.uflex.it\/fr\/wp-json\/wp\/v2\/product_brand?post=27545"},{"taxonomy":"product_cat","embeddable":true,"href":"https:\/\/staging.uflex.it\/fr\/wp-json\/wp\/v2\/product_cat?post=27545"},{"taxonomy":"product_tag","embeddable":true,"href":"https:\/\/staging.uflex.it\/fr\/wp-json\/wp\/v2\/product_tag?post=27545"},{"taxonomy":"product_filter","embeddable":true,"href":"https:\/\/staging.uflex.it\/fr\/wp-json\/wp\/v2\/product_filter?post=27545"}],"curies":[{"name":"wp","href":"https:\/\/api.w.org\/{rel}","templated":true}]}}