{"id":27564,"date":"2024-04-24T14:22:15","date_gmt":"2024-04-24T12:22:15","guid":{"rendered":"https:\/\/uflex.it\/product\/generatori-marini-serie-etl\/"},"modified":"2025-07-28T17:37:34","modified_gmt":"2025-07-28T15:37:34","slug":"generatori-marini-serie-etl","status":"publish","type":"product","link":"https:\/\/staging.uflex.it\/fr\/produit\/generatori-marini-serie-etl\/","title":{"rendered":"GENERATORI MARINI SERIE ETL"},"content":{"rendered":"<p><img decoding=\"async\" class=\"alignnone wp-image-6409\" src=\"https:\/\/staging.uflex.it\/wp-content\/uploads\/2021\/08\/EneOn-blue-300x92.png\" alt=\"\" width=\"200\" height=\"62\" title=\"\"><\/p>\n<p>&nbsp;<\/p>\n<h1>S\u00c9RIE ETL : G\u00c9N\u00c9RATEURS MARINS TRIPHAS\u00c9S 1500 RPM (15,0 \u00e0 47,0 kVA)<\/h1>\n<p><strong>Caract\u00e9ristiques<\/strong><br \/>\n\u2022 Connexions sur un seul c\u00f4t\u00e9<br \/>\n\u2022 Gestion \u00e9lectronique<br \/>\n\u2022 Maintenance ais\u00e9e<br \/>\n\u2022 Contr\u00f4le local et \u00e0 distance<br \/>\n\u2022 Taille et bruit r\u00e9duits<br \/>\n\u2022 Refroidissement par \u00e9changeur de chaleur<\/p>\n<p><strong>Equipement standard<\/strong><br \/>\n\u2022 <strong>Bo\u00eetier insonoris\u00e9 :<\/strong> Enti\u00e8rement fabriqu\u00e9 en aluminium marin peint par poudrage (alliage 5754 H111).<br \/>\n\u2022 <strong>Tableau de commande EOB\u00ae :<\/strong> Tableau de commande et de protection du moteur avec \u00e9cran LCD, \u00e9tanche. Dimensions du tableau de bord mm 96 x 96, fourni s\u00e9par\u00e9ment pour chaque mod\u00e8le. Un s\u00e9lecteur pour le d\u00e9marrage manuel avec contournement du tableau de commande est pr\u00e9vu sur le g\u00e9n\u00e9rateur.<br \/>\n\u2022 <strong>Supports d&rsquo;ancrage du g\u00e9n\u00e9rateur :<\/strong> 4 supports en acier pour fixer le g\u00e9n\u00e9rateur au pont du bateau.<br \/>\n\u2022 <strong>Bouton d&rsquo;urgence :<\/strong> Bouton d&rsquo;urgence situ\u00e9 \u00e0 bord de l&rsquo;unit\u00e9 pour permettre un arr\u00eat imm\u00e9diat en cas de danger ou de panne.<\/p>\n<p><strong>\u00c9quipement en option<\/strong><br \/>\n\u2022 Kit silencieux<br \/>\n\u2022 Kit de prise d&rsquo;eau de mer<br \/>\n\u2022 Soupape anti-siphon<br \/>\n\u2022 S\u00e9parateur eau-gaz<br \/>\n\u2022 Pompe diesel \u00e9lectrique<br \/>\n\u2022 Pr\u00e9filtre diesel avec d\u00e9canteur<br \/>\n\u2022 Filtre d\u00e9canteur<br \/>\n\u2022 Pompe manuelle d&rsquo;extraction d&rsquo;huile<\/p>\n<p><strong>Normes de r\u00e9f\u00e9rence<\/strong><br \/>\n\u2022 Certificats CE<br \/>\n\u2022 Puissance : ISO 8528<br \/>\n\u2022 Directives sur les machines : 2006\/42\/CE &#8211; 89\/392CEE &#8211; 98\/37\/CE<br \/>\n\u2022 Compatibilit\u00e9 \u00e9lectromagn\u00e9tique : 2004\/108\/CE &#8211; 89\/336\/CEE &#8211; 93\/68\/CEE<br \/>\n\u2022 \u00c9missions sonores : 2005\/88\/CE &#8211; 2000\/14\/CE (solo per versione insonorizzata)<\/p>\n<p><strong>Mod\u00e8les :<\/strong> (230 V \/ 50 Hz \/ triphas\u00e9)<br \/>\nETL1500 (15,00 kVA), ETL2590 (25,9 kVA), ETL3200 (32,0 kVA), ETL4700 (47,0 kVA)<\/p>\n","protected":false},"excerpt":{"rendered":"<p>&nbsp; S\u00c9RIE ETL : G\u00c9N\u00c9RATEURS MARINS TRIPHAS\u00c9S 1500 RPM (15,0 \u00e0 47,0 kVA) Caract\u00e9ristiques \u2022 Connexions sur un seul c\u00f4t\u00e9 [&hellip;]<\/p>\n","protected":false},"featured_media":21251,"comment_status":"closed","ping_status":"closed","template":"","meta":{"_acf_changed":false,"site-sidebar-layout":"default","site-content-layout":"","ast-site-content-layout":"default","site-content-style":"default","site-sidebar-style":"default","ast-global-header-display":"","ast-banner-title-visibility":"","ast-main-header-display":"","ast-hfb-above-header-display":"","ast-hfb-below-header-display":"","ast-hfb-mobile-header-display":"","site-post-title":"","ast-breadcrumbs-content":"","ast-featured-img":"","footer-sml-layout":"","ast-disable-related-posts":"","theme-transparent-header-meta":"default","adv-header-id-meta":"","stick-header-meta":"","header-above-stick-meta":"","header-main-stick-meta":"","header-below-stick-meta":"","astra-migrate-meta-layouts":"set","ast-page-background-enabled":"default","ast-page-background-meta":{"desktop":{"background-color":"var(--ast-global-color-4)","background-image":"","background-repeat":"repeat","background-position":"center center","background-size":"auto","background-attachment":"scroll","background-type":"","background-media":"","overlay-type":"","overlay-color":"","overlay-opacity":"","overlay-gradient":""},"tablet":{"background-color":"","background-image":"","background-repeat":"repeat","background-position":"center center","background-size":"auto","background-attachment":"scroll","background-type":"","background-media":"","overlay-type":"","overlay-color":"","overlay-opacity":"","overlay-gradient":""},"mobile":{"background-color":"","background-image":"","background-repeat":"repeat","background-position":"center center","background-size":"auto","background-attachment":"scroll","background-type":"","background-media":"","overlay-type":"","overlay-color":"","overlay-opacity":"","overlay-gradient":""}},"ast-content-background-meta":{"desktop":{"background-color":"var(--ast-global-color-5)","background-image":"","background-repeat":"repeat","background-position":"center center","background-size":"auto","background-attachment":"scroll","background-type":"","background-media":"","overlay-type":"","overlay-color":"","overlay-opacity":"","overlay-gradient":""},"tablet":{"background-color":"var(--ast-global-color-5)","background-image":"","background-repeat":"repeat","background-position":"center center","background-size":"auto","background-attachment":"scroll","background-type":"","background-media":"","overlay-type":"","overlay-color":"","overlay-opacity":"","overlay-gradient":""},"mobile":{"background-color":"var(--ast-global-color-5)","background-image":"","background-repeat":"repeat","background-position":"center center","background-size":"auto","background-attachment":"scroll","background-type":"","background-media":"","overlay-type":"","overlay-color":"","overlay-opacity":"","overlay-gradient":""}}},"product_brand":[2346,1455],"product_cat":[1419],"product_tag":[],"product_filter":[],"class_list":{"0":"post-27564","1":"product","2":"type-product","3":"status-publish","4":"has-post-thumbnail","6":"product_brand-eneon-fr","7":"product_brand-serie-etl-1500-rpm","8":"product_cat-non-classifiee","9":"desktop-align-center","10":"tablet-align-left","11":"mobile-align-left","13":"first","14":"instock","15":"shipping-taxable","16":"product-type-simple"},"acf":[],"_links":{"self":[{"href":"https:\/\/staging.uflex.it\/fr\/wp-json\/wp\/v2\/product\/27564","targetHints":{"allow":["GET"]}}],"collection":[{"href":"https:\/\/staging.uflex.it\/fr\/wp-json\/wp\/v2\/product"}],"about":[{"href":"https:\/\/staging.uflex.it\/fr\/wp-json\/wp\/v2\/types\/product"}],"replies":[{"embeddable":true,"href":"https:\/\/staging.uflex.it\/fr\/wp-json\/wp\/v2\/comments?post=27564"}],"version-history":[{"count":0,"href":"https:\/\/staging.uflex.it\/fr\/wp-json\/wp\/v2\/product\/27564\/revisions"}],"wp:featuredmedia":[{"embeddable":true,"href":"https:\/\/staging.uflex.it\/fr\/wp-json\/wp\/v2\/media\/21251"}],"wp:attachment":[{"href":"https:\/\/staging.uflex.it\/fr\/wp-json\/wp\/v2\/media?parent=27564"}],"wp:term":[{"taxonomy":"product_brand","embeddable":true,"href":"https:\/\/staging.uflex.it\/fr\/wp-json\/wp\/v2\/product_brand?post=27564"},{"taxonomy":"product_cat","embeddable":true,"href":"https:\/\/staging.uflex.it\/fr\/wp-json\/wp\/v2\/product_cat?post=27564"},{"taxonomy":"product_tag","embeddable":true,"href":"https:\/\/staging.uflex.it\/fr\/wp-json\/wp\/v2\/product_tag?post=27564"},{"taxonomy":"product_filter","embeddable":true,"href":"https:\/\/staging.uflex.it\/fr\/wp-json\/wp\/v2\/product_filter?post=27564"}],"curies":[{"name":"wp","href":"https:\/\/api.w.org\/{rel}","templated":true}]}}