{"id":27570,"date":"2024-04-24T14:19:50","date_gmt":"2024-04-24T12:19:50","guid":{"rendered":"https:\/\/uflex.it\/product\/contagiri-oceanlink-85-mm\/"},"modified":"2025-01-09T15:02:02","modified_gmt":"2025-01-09T14:02:02","slug":"oceanlink-compteurs-85-mm","status":"publish","type":"product","link":"https:\/\/staging.uflex.it\/fr\/produit\/oceanlink-compteurs-85-mm\/","title":{"rendered":"OCEANLINK\u2122 COMPTEURS 85 mm"},"content":{"rendered":"<h1>Tachym\u00e8tre OCEANLINK\u2122 85 mm<\/h1>\n<p>Le tachym\u00e8tre OceanLink\u2122 pr\u00e9sente automatiquement toutes les donn\u00e9es cl\u00e9s du navire sur l&rsquo;\u00e9cran num\u00e9rique \u00e0 matrice de points aux dimensions g\u00e9n\u00e9reuses. En plus d&rsquo;une interface CAN avec certification NMEA 2000\u00ae et protocole de donn\u00e9es SAE J1939, il dispose de deux entr\u00e9es num\u00e9riques et d&rsquo;une entr\u00e9e analogique. La connexion de donn\u00e9es innovante EasyLink rend l&rsquo;installation facile et pratique. Tous les instruments satellites connect\u00e9s re\u00e7oivent des mises \u00e0 jour de l&rsquo;instrument ma\u00eetre toutes les 20 ms. Les jauges OceanLink sont disponibles avec un cadran noir ou blanc et une lunette de la m\u00eame couleur, une lunette chrom\u00e9e \u00e9tant disponible en option.<\/p>\n<p>Le tachym\u00e8tre Veratron affiche toutes les donn\u00e9es importantes du moteur et les distribue \u00e0 un maximum de 16 jauges satellites de 52 mm.<\/p>\n<p>\u2022 1 x entr\u00e9e NMEA2000<br \/>\n\u2022 1 x J1939<br \/>\n\u2022 1 x entr\u00e9e fr\u00e9quence<br \/>\n\u2022 2 x entr\u00e9es num\u00e9riques<br \/>\n\u2022 1 x sortie 500 mA d&rsquo;alarme<br \/>\n\u2022 Protection contre l&rsquo;inversion de polarit\u00e9<br \/>\n\u2022 Double lentille en plastique antibu\u00e9e<br \/>\n\u2022 Degr\u00e9 de protection IP67<br \/>\n\u2022 Temp\u00e9ratures de fonctionnement &#8211; 20\u00b0C \/ + 70\u00b0C<\/p>\n<p>&nbsp;<\/p>\n","protected":false},"excerpt":{"rendered":"<p>Tachym\u00e8tre OCEANLINK\u2122 85 mm Le tachym\u00e8tre OceanLink\u2122 pr\u00e9sente automatiquement toutes les donn\u00e9es cl\u00e9s du navire sur l&rsquo;\u00e9cran num\u00e9rique \u00e0 matrice [&hellip;]<\/p>\n","protected":false},"featured_media":19333,"comment_status":"open","ping_status":"closed","template":"","meta":{"_acf_changed":false,"site-sidebar-layout":"default","site-content-layout":"","ast-site-content-layout":"default","site-content-style":"default","site-sidebar-style":"default","ast-global-header-display":"","ast-banner-title-visibility":"","ast-main-header-display":"","ast-hfb-above-header-display":"","ast-hfb-below-header-display":"","ast-hfb-mobile-header-display":"","site-post-title":"","ast-breadcrumbs-content":"","ast-featured-img":"","footer-sml-layout":"","ast-disable-related-posts":"","theme-transparent-header-meta":"default","adv-header-id-meta":"","stick-header-meta":"","header-above-stick-meta":"","header-main-stick-meta":"","header-below-stick-meta":"","astra-migrate-meta-layouts":"set","ast-page-background-enabled":"default","ast-page-background-meta":{"desktop":{"background-color":"var(--ast-global-color-4)","background-image":"","background-repeat":"repeat","background-position":"center center","background-size":"auto","background-attachment":"scroll","background-type":"","background-media":"","overlay-type":"","overlay-color":"","overlay-opacity":"","overlay-gradient":""},"tablet":{"background-color":"","background-image":"","background-repeat":"repeat","background-position":"center center","background-size":"auto","background-attachment":"scroll","background-type":"","background-media":"","overlay-type":"","overlay-color":"","overlay-opacity":"","overlay-gradient":""},"mobile":{"background-color":"","background-image":"","background-repeat":"repeat","background-position":"center center","background-size":"auto","background-attachment":"scroll","background-type":"","background-media":"","overlay-type":"","overlay-color":"","overlay-opacity":"","overlay-gradient":""}},"ast-content-background-meta":{"desktop":{"background-color":"var(--ast-global-color-5)","background-image":"","background-repeat":"repeat","background-position":"center center","background-size":"auto","background-attachment":"scroll","background-type":"","background-media":"","overlay-type":"","overlay-color":"","overlay-opacity":"","overlay-gradient":""},"tablet":{"background-color":"var(--ast-global-color-5)","background-image":"","background-repeat":"repeat","background-position":"center center","background-size":"auto","background-attachment":"scroll","background-type":"","background-media":"","overlay-type":"","overlay-color":"","overlay-opacity":"","overlay-gradient":""},"mobile":{"background-color":"var(--ast-global-color-5)","background-image":"","background-repeat":"repeat","background-position":"center center","background-size":"auto","background-attachment":"scroll","background-type":"","background-media":"","overlay-type":"","overlay-color":"","overlay-opacity":"","overlay-gradient":""}}},"product_brand":[],"product_cat":[1419],"product_tag":[],"product_filter":[],"class_list":{"0":"post-27570","1":"product","2":"type-product","3":"status-publish","4":"has-post-thumbnail","6":"product_cat-non-classifiee","7":"desktop-align-center","8":"tablet-align-left","9":"mobile-align-left","11":"first","12":"instock","13":"shipping-taxable","14":"product-type-simple"},"acf":[],"_links":{"self":[{"href":"https:\/\/staging.uflex.it\/fr\/wp-json\/wp\/v2\/product\/27570","targetHints":{"allow":["GET"]}}],"collection":[{"href":"https:\/\/staging.uflex.it\/fr\/wp-json\/wp\/v2\/product"}],"about":[{"href":"https:\/\/staging.uflex.it\/fr\/wp-json\/wp\/v2\/types\/product"}],"replies":[{"embeddable":true,"href":"https:\/\/staging.uflex.it\/fr\/wp-json\/wp\/v2\/comments?post=27570"}],"version-history":[{"count":0,"href":"https:\/\/staging.uflex.it\/fr\/wp-json\/wp\/v2\/product\/27570\/revisions"}],"wp:featuredmedia":[{"embeddable":true,"href":"https:\/\/staging.uflex.it\/fr\/wp-json\/wp\/v2\/media\/19333"}],"wp:attachment":[{"href":"https:\/\/staging.uflex.it\/fr\/wp-json\/wp\/v2\/media?parent=27570"}],"wp:term":[{"taxonomy":"product_brand","embeddable":true,"href":"https:\/\/staging.uflex.it\/fr\/wp-json\/wp\/v2\/product_brand?post=27570"},{"taxonomy":"product_cat","embeddable":true,"href":"https:\/\/staging.uflex.it\/fr\/wp-json\/wp\/v2\/product_cat?post=27570"},{"taxonomy":"product_tag","embeddable":true,"href":"https:\/\/staging.uflex.it\/fr\/wp-json\/wp\/v2\/product_tag?post=27570"},{"taxonomy":"product_filter","embeddable":true,"href":"https:\/\/staging.uflex.it\/fr\/wp-json\/wp\/v2\/product_filter?post=27570"}],"curies":[{"name":"wp","href":"https:\/\/api.w.org\/{rel}","templated":true}]}}