{"id":27591,"date":"2025-08-01T09:35:26","date_gmt":"2025-08-01T07:35:26","guid":{"rendered":"https:\/\/uflex.it\/product\/display-vmh35d\/"},"modified":"2025-01-09T17:07:53","modified_gmt":"2025-01-09T16:07:53","slug":"display-vmh35d","status":"publish","type":"product","link":"https:\/\/staging.uflex.it\/fr\/produit\/display-vmh35d\/","title":{"rendered":"Display VMH35D"},"content":{"rendered":"<h1>VERATRON VMH35D DIPLAY<\/h1>\n<h3>CARACT\u00c9RISTIQUES<\/h3>\n<p>\u2022 \u00c9cran couleur IBN hybride, TFT 1,44 \u00bb et segments fixes<br \/>\n(zone active \u00d8 83mm) fixation optique<br \/>\n\u2022 Lentille frontale en verre min\u00e9ral<br \/>\n\u2022 Clavier en silicone avec 2 boutons<br \/>\n\u2022 Cadre en acier inoxydable bross\u00e9<br \/>\n\u2022 Alimentation 9 -36 Volt (12\/24 nominal)<br \/>\n\u2022 Temp\u00e9rature de fonctionnement : -30\u00b0C +80\u00b0C<br \/>\n\u2022 Temp\u00e9rature de stockage : -40\u00b0C +85\u00b0C<br \/>\n\u2022 Protection : IPX7 \u00e0 l&rsquo;avant et \u00e0 l&rsquo;arri\u00e8re<br \/>\n\u2022 Double CAN (J1939 et NMEA 2000)<br \/>\n\u2022 Sortie EasyLink pour les instruments satellites VMH 14<br \/>\n\u2022 \u00c9cran d&rsquo;accueil avec logo personnalisable<\/p>\n<h3>AFFICHAGE DE LA PR\u00c9SENTATION<\/h3>\n<p>\u2022 10 indicateurs d\u00e9di\u00e9s aux applications diesel<br \/>\n\u2022 \u00c9chelle de r\u00e9volution du moteur 3000 4000 RPM<br \/>\n\u2022 Nouvelle g\u00e9n\u00e9ration d&rsquo;\u00e9cran couleur hybride lisible en plein soleil<br \/>\n\u2022 Entr\u00e9e intelligente du capteur de batterie (IBS)<br \/>\n\u2022 Passerelle NMEA 2000\u00ae int\u00e9gr\u00e9e<br \/>\n\u2022 R\u00e9cepteur GNSS haute performance int\u00e9gr\u00e9<br \/>\n\u2022 Certifi\u00e9 NMEA 2000<\/p>\n<h3>VARIANTES DE PRODUITS<\/h3>\n<p>\u2022 <strong>VMH 35-D<\/strong> (B00171101 &#8211; 25402M) Afficheur de moteur diesel eb. GPS int\u00e9gr\u00e9, interface NMEA 2000 avec passerelle, affichages et alarmes sp\u00e9cifiques aux applications marines (Profondeur, COG, SOG, etc.)<\/p>\n<p>\u2022 <strong>VMH 35-D<\/strong> sans GPS (B00171201 &#8211; 25401K) Afficheur pour moteurs diesel eb. GPS non int\u00e9gr\u00e9 (deuxi\u00e8me station ou deuxi\u00e8me moteur), interface NMEA 2000 avec passerelle, affichages et alarmes sp\u00e9cifiques aux applications marines (Profondeur, COG, SOG, etc.)<\/p>\n<p><img decoding=\"async\" class=\"alignnone wp-image-9818 size-full\" src=\"https:\/\/staging.uflex.it\/wp-content\/uploads\/2020\/11\/vMH35-CERTIFICATIONS.png\" alt=\"\" width=\"348\" height=\"28\" title=\"\" srcset=\"https:\/\/staging.uflex.it\/wp-content\/uploads\/2020\/11\/vMH35-CERTIFICATIONS.png 348w, https:\/\/staging.uflex.it\/wp-content\/uploads\/2020\/11\/vMH35-CERTIFICATIONS-300x24.png 300w, https:\/\/staging.uflex.it\/wp-content\/uploads\/2020\/11\/vMH35-CERTIFICATIONS-330x27.png 330w, https:\/\/staging.uflex.it\/wp-content\/uploads\/2020\/11\/vMH35-CERTIFICATIONS-64x5.png 64w\" sizes=\"(max-width: 348px) 100vw, 348px\" \/><\/p>\n<div class=\"ast-oembed-container \" style=\"height: 100%;\"><iframe title=\"UFLEX and VERATRON for the VMH35 and the New VMH35D\" width=\"500\" height=\"281\" src=\"https:\/\/www.youtube.com\/embed\/sGgORyt9SYw?feature=oembed\" frameborder=\"0\" allow=\"accelerometer; autoplay; clipboard-write; encrypted-media; gyroscope; picture-in-picture; web-share\" referrerpolicy=\"strict-origin-when-cross-origin\" allowfullscreen><\/iframe><\/div>\n","protected":false},"excerpt":{"rendered":"<p>VERATRON VMH35D DIPLAY CARACT\u00c9RISTIQUES \u2022 \u00c9cran couleur IBN hybride, TFT 1,44 \u00bb et segments fixes (zone active \u00d8 83mm) fixation [&hellip;]<\/p>\n","protected":false},"featured_media":27581,"comment_status":"closed","ping_status":"closed","template":"","meta":{"_acf_changed":false,"site-sidebar-layout":"default","site-content-layout":"","ast-site-content-layout":"default","site-content-style":"default","site-sidebar-style":"default","ast-global-header-display":"","ast-banner-title-visibility":"","ast-main-header-display":"","ast-hfb-above-header-display":"","ast-hfb-below-header-display":"","ast-hfb-mobile-header-display":"","site-post-title":"","ast-breadcrumbs-content":"","ast-featured-img":"","footer-sml-layout":"","ast-disable-related-posts":"","theme-transparent-header-meta":"default","adv-header-id-meta":"","stick-header-meta":"","header-above-stick-meta":"","header-main-stick-meta":"","header-below-stick-meta":"","astra-migrate-meta-layouts":"set","ast-page-background-enabled":"default","ast-page-background-meta":{"desktop":{"background-color":"var(--ast-global-color-4)","background-image":"","background-repeat":"repeat","background-position":"center center","background-size":"auto","background-attachment":"scroll","background-type":"","background-media":"","overlay-type":"","overlay-color":"","overlay-opacity":"","overlay-gradient":""},"tablet":{"background-color":"","background-image":"","background-repeat":"repeat","background-position":"center center","background-size":"auto","background-attachment":"scroll","background-type":"","background-media":"","overlay-type":"","overlay-color":"","overlay-opacity":"","overlay-gradient":""},"mobile":{"background-color":"","background-image":"","background-repeat":"repeat","background-position":"center center","background-size":"auto","background-attachment":"scroll","background-type":"","background-media":"","overlay-type":"","overlay-color":"","overlay-opacity":"","overlay-gradient":""}},"ast-content-background-meta":{"desktop":{"background-color":"var(--ast-global-color-5)","background-image":"","background-repeat":"repeat","background-position":"center center","background-size":"auto","background-attachment":"scroll","background-type":"","background-media":"","overlay-type":"","overlay-color":"","overlay-opacity":"","overlay-gradient":""},"tablet":{"background-color":"var(--ast-global-color-5)","background-image":"","background-repeat":"repeat","background-position":"center center","background-size":"auto","background-attachment":"scroll","background-type":"","background-media":"","overlay-type":"","overlay-color":"","overlay-opacity":"","overlay-gradient":""},"mobile":{"background-color":"var(--ast-global-color-5)","background-image":"","background-repeat":"repeat","background-position":"center center","background-size":"auto","background-attachment":"scroll","background-type":"","background-media":"","overlay-type":"","overlay-color":"","overlay-opacity":"","overlay-gradient":""}}},"product_brand":[],"product_cat":[1419],"product_tag":[],"product_filter":[],"class_list":{"0":"post-27591","1":"product","2":"type-product","3":"status-publish","4":"has-post-thumbnail","6":"product_cat-non-classifiee","7":"desktop-align-center","8":"tablet-align-left","9":"mobile-align-left","11":"first","12":"instock","13":"shipping-taxable","14":"product-type-simple"},"acf":[],"_links":{"self":[{"href":"https:\/\/staging.uflex.it\/fr\/wp-json\/wp\/v2\/product\/27591","targetHints":{"allow":["GET"]}}],"collection":[{"href":"https:\/\/staging.uflex.it\/fr\/wp-json\/wp\/v2\/product"}],"about":[{"href":"https:\/\/staging.uflex.it\/fr\/wp-json\/wp\/v2\/types\/product"}],"replies":[{"embeddable":true,"href":"https:\/\/staging.uflex.it\/fr\/wp-json\/wp\/v2\/comments?post=27591"}],"version-history":[{"count":0,"href":"https:\/\/staging.uflex.it\/fr\/wp-json\/wp\/v2\/product\/27591\/revisions"}],"wp:featuredmedia":[{"embeddable":true,"href":"https:\/\/staging.uflex.it\/fr\/wp-json\/wp\/v2\/media\/27581"}],"wp:attachment":[{"href":"https:\/\/staging.uflex.it\/fr\/wp-json\/wp\/v2\/media?parent=27591"}],"wp:term":[{"taxonomy":"product_brand","embeddable":true,"href":"https:\/\/staging.uflex.it\/fr\/wp-json\/wp\/v2\/product_brand?post=27591"},{"taxonomy":"product_cat","embeddable":true,"href":"https:\/\/staging.uflex.it\/fr\/wp-json\/wp\/v2\/product_cat?post=27591"},{"taxonomy":"product_tag","embeddable":true,"href":"https:\/\/staging.uflex.it\/fr\/wp-json\/wp\/v2\/product_tag?post=27591"},{"taxonomy":"product_filter","embeddable":true,"href":"https:\/\/staging.uflex.it\/fr\/wp-json\/wp\/v2\/product_filter?post=27591"}],"curies":[{"name":"wp","href":"https:\/\/api.w.org\/{rel}","templated":true}]}}