{"id":26050,"date":"2024-05-02T13:03:13","date_gmt":"2024-05-02T11:03:13","guid":{"rendered":"https:\/\/uflex.it\/?page_id=26050"},"modified":"2025-02-04T15:59:48","modified_gmt":"2025-02-04T14:59:48","slug":"chi-siamo","status":"publish","type":"page","link":"https:\/\/staging.uflex.it\/it\/chi-siamo\/","title":{"rendered":"Chi siamo"},"content":{"rendered":"\t\t<div data-elementor-type=\"wp-page\" data-elementor-id=\"26050\" class=\"elementor elementor-26050 elementor-15059\" data-elementor-post-type=\"page\">\n\t\t\t\t<div class=\"elementor-element elementor-element-7b93f4f5 e-flex e-con-boxed e-con e-parent\" data-id=\"7b93f4f5\" data-element_type=\"container\" data-e-type=\"container\">\n\t\t\t\t\t<div class=\"e-con-inner\">\n\t\t\t\t<div class=\"elementor-element elementor-element-72d1d3df elementor-widget elementor-widget-woocommerce-breadcrumb\" data-id=\"72d1d3df\" data-element_type=\"widget\" data-e-type=\"widget\" data-widget_type=\"woocommerce-breadcrumb.default\">\n\t\t\t\t<div class=\"elementor-widget-container\">\n\t\t\t\t\t<nav class=\"woocommerce-breadcrumb\" aria-label=\"Breadcrumb\">Home<\/nav>\t\t\t\t<\/div>\n\t\t\t\t<\/div>\n\t\t\t\t\t<\/div>\n\t\t\t\t<\/div>\n\t\t<div class=\"elementor-element elementor-element-39882f61 e-flex e-con-boxed e-con e-parent\" data-id=\"39882f61\" data-element_type=\"container\" data-e-type=\"container\">\n\t\t\t\t\t<div class=\"e-con-inner\">\n\t\t\t\t<div class=\"elementor-element elementor-element-12ec809c elementor-widget elementor-widget-image\" data-id=\"12ec809c\" data-element_type=\"widget\" data-e-type=\"widget\" data-widget_type=\"image.default\">\n\t\t\t\t<div class=\"elementor-widget-container\">\n\t\t\t\t\t\t\t\t\t\t\t\t\t\t\t<img fetchpriority=\"high\" decoding=\"async\" width=\"1600\" height=\"401\" src=\"https:\/\/staging.uflex.it\/wp-content\/uploads\/2024\/04\/20210312_Support_MRN_0774_1_3-1.jpg\" class=\"attachment-2048x2048 size-2048x2048 wp-image-12012\" alt=\"\" srcset=\"https:\/\/staging.uflex.it\/wp-content\/uploads\/2024\/04\/20210312_Support_MRN_0774_1_3-1.jpg 1600w, https:\/\/staging.uflex.it\/wp-content\/uploads\/2024\/04\/20210312_Support_MRN_0774_1_3-1-1500x376.jpg 1500w, https:\/\/staging.uflex.it\/wp-content\/uploads\/2024\/04\/20210312_Support_MRN_0774_1_3-1-64x16.jpg 64w, https:\/\/staging.uflex.it\/wp-content\/uploads\/2024\/04\/20210312_Support_MRN_0774_1_3-1-300x75.jpg 300w, https:\/\/staging.uflex.it\/wp-content\/uploads\/2024\/04\/20210312_Support_MRN_0774_1_3-1-1024x257.jpg 1024w, https:\/\/staging.uflex.it\/wp-content\/uploads\/2024\/04\/20210312_Support_MRN_0774_1_3-1-768x192.jpg 768w, https:\/\/staging.uflex.it\/wp-content\/uploads\/2024\/04\/20210312_Support_MRN_0774_1_3-1-1536x385.jpg 1536w, https:\/\/staging.uflex.it\/wp-content\/uploads\/2024\/04\/20210312_Support_MRN_0774_1_3-1-1320x331.jpg 1320w\" sizes=\"(max-width: 1600px) 100vw, 1600px\" title=\"\">\t\t\t\t\t\t\t\t\t\t\t\t\t\t\t<\/div>\n\t\t\t\t<\/div>\n\t\t\t\t<div class=\"elementor-element elementor-element-42434efe elementor-widget elementor-widget-heading\" data-id=\"42434efe\" data-element_type=\"widget\" data-e-type=\"widget\" data-widget_type=\"heading.default\">\n\t\t\t\t<div class=\"elementor-widget-container\">\n\t\t\t\t\t<h2 class=\"elementor-heading-title elementor-size-default\">Passione per la nautica dal 1987<\/h2>\t\t\t\t<\/div>\n\t\t\t\t<\/div>\n\t\t\t\t\t<\/div>\n\t\t\t\t<\/div>\n\t\t<div class=\"elementor-element elementor-element-2757306 e-flex e-con-boxed e-con e-parent\" data-id=\"2757306\" data-element_type=\"container\" data-e-type=\"container\">\n\t\t\t\t\t<div class=\"e-con-inner\">\n\t\t\t\t<div class=\"elementor-element elementor-element-4868b608 elementor-widget elementor-widget-heading\" data-id=\"4868b608\" data-element_type=\"widget\" data-e-type=\"widget\" data-widget_type=\"heading.default\">\n\t\t\t\t<div class=\"elementor-widget-container\">\n\t\t\t\t\t<h2 class=\"elementor-heading-title elementor-size-default\">Chi Siamo<\/h2>\t\t\t\t<\/div>\n\t\t\t\t<\/div>\n\t\t\t\t\t<\/div>\n\t\t\t\t<\/div>\n\t\t<div class=\"elementor-element elementor-element-40da741c e-flex e-con-boxed e-con e-parent\" data-id=\"40da741c\" data-element_type=\"container\" data-e-type=\"container\">\n\t\t\t\t\t<div class=\"e-con-inner\">\n\t\t\t\t<div class=\"elementor-element elementor-element-4bb7c01e elementor-widget elementor-widget-text-editor\" data-id=\"4bb7c01e\" data-element_type=\"widget\" data-e-type=\"widget\" data-widget_type=\"text-editor.default\">\n\t\t\t\t<div class=\"elementor-widget-container\">\n\t\t\t\t\t\t\t\t\t<div class=\"group-richtext text\" style=\"border: 0px; font-variant-numeric: inherit; font-variant-east-asian: inherit; font-variant-alternates: inherit; font-variant-position: inherit; font-stretch: inherit; line-height: inherit; font-family: Vx-A, Montserrat, sans-serif; font-optical-sizing: inherit; font-kerning: inherit; font-feature-settings: inherit; font-variation-settings: inherit; vertical-align: baseline; margin: 20px 0px 30px; padding: 0px 40px 0px 0px; word-break: break-word;\"><div style=\"border: 0px; font: inherit; vertical-align: baseline; margin: 0px; padding: 0px;\"><p>UFLEX srl \u00e8 stata fondata nel 1987, per coordinare le attivit\u00e0 di vendita e marketing del Gruppo Ultraflex, attivo in diversi mercati, oltre a quello nautico, fin dal 1935.<\/p><p>Nel corso degli anni Uflex ha sviluppato e aggiornato un catalogo di produzione e distribuzione di accessori che oggi comprende alcuni dei marchi pi\u00f9 prestigiosi e riconosciuti del settore nautico, come Veratron, Marinco, BEP Marine, Eneon, Velair e Halyard, che hanno scelto Uflex come partner esclusivo per la distribuzione dei loro prodotti sul mercato della nautica da diporto e professionale.<\/p><p>Uflex, grazie all&#8217;attuale struttura, \u00e8 in grado di offrire ai propri clienti una completa attivit\u00e0 di supporto tecnico-commerciale, pre e post vendita, la pronta disponibilit\u00e0 dei prodotti a catalogo e le pi\u00f9 aggiornate soluzioni tecniche riguardanti, tra l&#8217;altro, la generazione di energia, i sistemi di governo e di controllo del motore e i sistemi di condizionamento.<\/p><p>Uflex seleziona con cura i marchi rappresentati e distribuiti, privilegiando quelli ad alto contenuto tecnico, come la nuova linea di condizionatori compatti a tecnologia inverter VELAIR, sviluppati dal dipartimento interno di Ricerca e Sviluppo dell&#8217;azienda.<\/p><p>Uflex \u00e8 oggi un nome di riferimento per il mercato nautico mondiale e un partner affidabile per costruttori, cantieri e operatori nautici.<\/p><p>Uflex, inoltre, ha aderito al Fondo Europeo di Sviluppo Regionale Asse 3 \u201cCompetitivit\u00e0 delle\u00a0 imprese (OT3)\u201d Bando attuativo dell\u2019azione 3.1.1 \u201cAiuti per investimenti in macchinari, impianti e beni intangibili e accompagnamento dei processi di organizzazione e ristrutturazione aziendale\u201d \u2013 Digitalizzazione delle micro, piccole e medie imprese, grazie al quale ha potuto garantire la continuit\u00e0 delle attivit\u00e0 aziendali mediante la modalit\u00e0 di lavoro agile (smart working) in conseguenza dell\u2019emergenza COVID-19.<\/p><p><img decoding=\"async\" class=\"alignnone size-medium wp-image-26059\" src=\"https:\/\/staging.uflex.it\/wp-content\/uploads\/2024\/06\/loghi-fondi-europa-300x78.jpg\" alt=\"\" width=\"300\" height=\"78\" title=\"\" srcset=\"https:\/\/staging.uflex.it\/wp-content\/uploads\/2024\/06\/loghi-fondi-europa-300x78.jpg 300w, https:\/\/staging.uflex.it\/wp-content\/uploads\/2024\/06\/loghi-fondi-europa-64x17.jpg 64w, https:\/\/staging.uflex.it\/wp-content\/uploads\/2024\/06\/loghi-fondi-europa.jpg 430w\" sizes=\"(max-width: 300px) 100vw, 300px\" \/><\/p><\/div><\/div>\t\t\t\t\t\t\t\t<\/div>\n\t\t\t\t<\/div>\n\t\t\t\t\t<\/div>\n\t\t\t\t<\/div>\n\t\t\t\t<\/div>\n\t\t","protected":false},"excerpt":{"rendered":"<p>Passione per la nautica dal 1987 Chi Siamo UFLEX srl \u00e8 stata fondata nel 1987, per coordinare le attivit\u00e0 di [&hellip;]<\/p>\n","protected":false},"author":53,"featured_media":0,"parent":0,"menu_order":0,"comment_status":"closed","ping_status":"closed","template":"","meta":{"_acf_changed":false,"site-sidebar-layout":"no-sidebar","site-content-layout":"page-builder","ast-site-content-layout":"full-width-container","site-content-style":"default","site-sidebar-style":"default","ast-global-header-display":"","ast-banner-title-visibility":"","ast-main-header-display":"","ast-hfb-above-header-display":"","ast-hfb-below-header-display":"","ast-hfb-mobile-header-display":"","site-post-title":"disabled","ast-breadcrumbs-content":"","ast-featured-img":"disabled","footer-sml-layout":"","ast-disable-related-posts":"","theme-transparent-header-meta":"default","adv-header-id-meta":"","stick-header-meta":"","header-above-stick-meta":"","header-main-stick-meta":"","header-below-stick-meta":"","astra-migrate-meta-layouts":"set","ast-page-background-enabled":"default","ast-page-background-meta":{"desktop":{"background-color":"var(--ast-global-color-4)","background-image":"","background-repeat":"repeat","background-position":"center center","background-size":"auto","background-attachment":"scroll","background-type":"","background-media":"","overlay-type":"","overlay-color":"","overlay-opacity":"","overlay-gradient":""},"tablet":{"background-color":"","background-image":"","background-repeat":"repeat","background-position":"center center","background-size":"auto","background-attachment":"scroll","background-type":"","background-media":"","overlay-type":"","overlay-color":"","overlay-opacity":"","overlay-gradient":""},"mobile":{"background-color":"","background-image":"","background-repeat":"repeat","background-position":"center center","background-size":"auto","background-attachment":"scroll","background-type":"","background-media":"","overlay-type":"","overlay-color":"","overlay-opacity":"","overlay-gradient":""}},"ast-content-background-meta":{"desktop":{"background-color":"var(--ast-global-color-5)","background-image":"","background-repeat":"repeat","background-position":"center center","background-size":"auto","background-attachment":"scroll","background-type":"","background-media":"","overlay-type":"","overlay-color":"","overlay-opacity":"","overlay-gradient":""},"tablet":{"background-color":"var(--ast-global-color-5)","background-image":"","background-repeat":"repeat","background-position":"center center","background-size":"auto","background-attachment":"scroll","background-type":"","background-media":"","overlay-type":"","overlay-color":"","overlay-opacity":"","overlay-gradient":""},"mobile":{"background-color":"var(--ast-global-color-5)","background-image":"","background-repeat":"repeat","background-position":"center center","background-size":"auto","background-attachment":"scroll","background-type":"","background-media":"","overlay-type":"","overlay-color":"","overlay-opacity":"","overlay-gradient":""}},"footnotes":""},"class_list":["post-26050","page","type-page","status-publish","hentry"],"acf":[],"_links":{"self":[{"href":"https:\/\/staging.uflex.it\/it\/wp-json\/wp\/v2\/pages\/26050","targetHints":{"allow":["GET"]}}],"collection":[{"href":"https:\/\/staging.uflex.it\/it\/wp-json\/wp\/v2\/pages"}],"about":[{"href":"https:\/\/staging.uflex.it\/it\/wp-json\/wp\/v2\/types\/page"}],"author":[{"embeddable":true,"href":"https:\/\/staging.uflex.it\/it\/wp-json\/wp\/v2\/users\/53"}],"replies":[{"embeddable":true,"href":"https:\/\/staging.uflex.it\/it\/wp-json\/wp\/v2\/comments?post=26050"}],"version-history":[{"count":0,"href":"https:\/\/staging.uflex.it\/it\/wp-json\/wp\/v2\/pages\/26050\/revisions"}],"wp:attachment":[{"href":"https:\/\/staging.uflex.it\/it\/wp-json\/wp\/v2\/media?parent=26050"}],"curies":[{"name":"wp","href":"https:\/\/api.w.org\/{rel}","templated":true}]}}