{"id":26125,"date":"2024-05-02T13:03:16","date_gmt":"2024-05-02T11:03:16","guid":{"rendered":"https:\/\/uflex.it\/?page_id=26125"},"modified":"2024-06-01T19:32:35","modified_gmt":"2024-06-01T17:32:35","slug":"privacy-policy","status":"publish","type":"page","link":"https:\/\/staging.uflex.it\/it\/privacy-policy\/","title":{"rendered":"Privacy Policy"},"content":{"rendered":"\t\t<div data-elementor-type=\"wp-page\" data-elementor-id=\"26125\" class=\"elementor elementor-26125 elementor-15092\" data-elementor-post-type=\"page\">\n\t\t\t\t<div class=\"elementor-element elementor-element-1bb5d150 e-flex e-con-boxed e-con e-parent\" data-id=\"1bb5d150\" data-element_type=\"container\" data-e-type=\"container\">\n\t\t\t\t\t<div class=\"e-con-inner\">\n\t\t\t\t<div class=\"elementor-element elementor-element-4a690dfa elementor-widget elementor-widget-heading\" data-id=\"4a690dfa\" data-element_type=\"widget\" data-e-type=\"widget\" data-widget_type=\"heading.default\">\n\t\t\t\t<div class=\"elementor-widget-container\">\n\t\t\t\t\t<h2 class=\"elementor-heading-title elementor-size-default\">Privacy Policy<\/h2>\t\t\t\t<\/div>\n\t\t\t\t<\/div>\n\t\t\t\t<div class=\"elementor-element elementor-element-2114ed44 elementor-widget elementor-widget-text-editor\" data-id=\"2114ed44\" data-element_type=\"widget\" data-e-type=\"widget\" data-widget_type=\"text-editor.default\">\n\t\t\t\t<div class=\"elementor-widget-container\">\n\t\t\t\t\t\t\t\t\t<p><strong>Informativa sul trattamento dei dati personali<\/strong><\/p><p>Gentile utente, ai sensi dell\u2019 art. 13 del Regolamento (UE) 2016\/679 sulla protezione delle persone fisiche con riguardo al trattamento dei dati personali nonch\u00e9 alla libera circolazione di tali dati, la scrivente societ\u00e0 Uflex \u00a0S.r.l., in qualit\u00e0 di titolare del trattamento dei dati che derivano dall\u2019interazione con i servizi\u00a0web accessibili per via telematica a partire dall\u2019indirizzo\u00a0<a href=\"https:\/\/ultraflexgroup.it\/\" rel=\"nofollow noopener\" target=\"_blank\">https:\/\/ultraflexgroup.it\/<\/a>\u00a0e\u00a0<a href=\"https:\/\/staging.uflex.it\/\">https:\/\/staging.uflex.it\/<\/a>\u00a0, desidera informarla circa il trattamento dei suoi dati personali e la invita ad autorizzare il trattamento dei suoi dati per le finalit\u00e0 descritte esprimendo volontariamente e liberamente il suo consenso ai trattamenti dei dati. L\u2019informativa \u00e8 resa solo per il sito del titolare e non anche per altri siti\u00a0web\u00a0eventualmente consultati dall\u2019utente tramite\u00a0link.<\/p><p><strong>1 \u2013 Titolare del trattamento<\/strong><\/p><p>Uflex S.r.l. (Legale rappresentante Sig. Pietro Gai)<br \/>VIA MILITE IGNOTO , 8\u00b0 16012 BUSALLA (GE) \u2013 ITALY<\/p><p>TEL. +39 (0)10 96201<br \/>E-mail:\u00a0<a href=\"mailto:uf.marine.sales@ultraflexgroup.it\">uf.marine.sales@ultraflexgroup.it<\/a><\/p><p>Pec \u00a0<a href=\"mailto:uflex@pec.it\">uflex@pec.it<\/a><\/p><p>\u00a0<\/p><p><strong>2 \u2013 Modalit\u00e0 di trattamento<\/strong><\/p><p>I suoi dati saranno trattati presso la sede del Titolare in forma verbale e\/o scritta, con strumenti elettronici e\/o su supporti cartacei, nei modi e nei limiti necessari per perseguire le finalit\u00e0 riportate, nel rispetto dei principi di cui all\u2019art. 5 par.1 del Regolamento UE 2016\/679, ovvero:<\/p><ul><li>Liceit\u00e0, correttezza e trasparenza<\/li><li>Limitazione delle finalit\u00e0<\/li><li>Minimizzazione dei dati raccolti<\/li><li>Esattezza dei dati<\/li><li>Limitazione della conservazione<\/li><li>Integrit\u00e0 e riservatezza<\/li><li>Responsabilizzazione del Titolare.<\/li><\/ul><p>I trattamenti effettuati riguardano i seguenti dati e finalit\u00e0:<\/p><ul><li>Dati di navigazione. I sistemi informatici e le procedure software preposte al funzionamento di questo sito web acquisiscono, nel corso del loro normale esercizio, alcuni dati personali la cui trasmissione \u00e8 implicita nell\u2019uso dei protocolli di comunicazione di Internet.<br \/>Si tratta di informazioni che non sono raccolte per essere associate a interessati identificati, ma che per loro stessa natura potrebbero, attraverso elaborazioni ed associazioni con dati detenuti da terzi, permettere di identificare gli utenti.<br \/>In questa categoria di dati rientrano gli indirizzi IP o i nomi a dominio dei computer utilizzati dagli utenti che si connettono al sito, gli indirizzi in notazione URI (Uniform Resource Identifier) delle risorse richieste, l\u2019orario della richiesta, il metodo utilizzato nel sottoporre la richiesta al server, la dimensione del file ottenuto in risposta, il codice numerico indicante lo stato della risposta data dal server (buon fine, errore, ecc.) ed altri parametri relativi al sistema operativo e all\u2019ambiente informatico dell\u2019utente.<br \/>Questi dati vengono utilizzati al solo fine di ricavare informazioni statistiche anonime sull\u2019uso del sito, per la registrazione degli accessi al sito e per controllarne il corretto funzionamento. I dati potrebbero essere utilizzati per l\u2019accertamento di responsabilit\u00e0 in caso di ipotetici reati informatici ai danni del sito: salva questa eventualit\u00e0, allo stato i dati sui contatti web non persistono per pi\u00f9 di sette giorni.<br \/><br \/><\/li><li>Dati personali forniti volontariamente dall\u2019utente (es. nome, cognome, indirizzo mail) finalizzati a soddisfare una specifica richiesta dell\u2019utente utilizzando i servizi prestati dal sito internet. Il conferimento \u00e8 facoltativo e volontario, ma necessario per rispondere alla richiesta e affinch\u00e9 l\u2019utente riceva la prestazione.<br \/><br \/>L\u2019utente \u00e8 libero di fornire i dati personali riportati nei moduli di richiesta per sollecitare l\u2019invio della newsletter, di materiale informativo o di altre comunicazioni di natura commerciale. Il loro mancato o incompleto conferimento pu\u00f2 comportare l\u2019impossibilit\u00e0 di ottenere quanto richiesto.<br \/><br \/>I dati personali sono trattati per il tempo strettamente necessario a conseguire gli scopi per cui sono stati raccolti o comunque fintanto che sussiste il consenso. Il trattamento sar\u00e0 svolto esclusivamente da personale dipendente incaricato e autorizzato nell\u2019ambito delle rispettive funzioni e in conformit\u00e0 alle istruzioni ricevute dal Titolare, sempre e soltanto per le finalit\u00e0 sopra esposte, per garantire la sicurezza dei dati e la riservatezza e la tutela dei suoi diritti. Tali dati non sono oggetto di trasferimento verso paesi extra UE o organizzazioni internazionali, n\u00e9 di esternalizzazione a soggetti terzi. I dati potranno essere comunicati, per quanto di loro competenza nello svolgimento di incarichi per conto del Titolare, a soggetti esterni Responsabili del trattamento, pubblici e privati, persone fisiche e\/o giuridiche.<br \/><br \/>Il trattamento dei dati non contempla un processo decisionale automatizzato inclusa la profilazione.<br \/><br \/><\/li><li>Dati personali finalizzati alla redazione e conclusione dei contratti di vendita, all\u2019esecuzione degli stessi, incluso lo svolgimento di attivit\u00e0 tecniche-operative e amministrativo-contabili connesse e funzionali all\u2019attivit\u00e0 lavorativa, in adempimento al contratto e agli obblighi di legge in materia fiscale. Il conferimento dei dati \u00e8 obbligatorio per l\u2019esecuzione del contratto e per obblighi di legge, pena l\u2019impossibilit\u00e0 di effettuare la prestazione e adempiere correttamente alla normativa fiscale\/amministrativa in vigore.<br \/><br \/>Il trattamento sar\u00e0 svolto esclusivamente da personale dipendente incaricato e autorizzato nell\u2019ambito delle rispettive funzioni e in conformit\u00e0 alle istruzioni ricevute dal Titolare, sempre e soltanto per le finalit\u00e0 sopra esposte, per garantire la sicurezza dei dati e la riservatezza e la tutela dei suoi diritti.<br \/><br \/>I dati dovranno o potranno essere comunicati, per quanto di loro specifica competenza nello svolgimento di incarichi per conto del Titolare, a soggetti pubblici e privati esterni alla struttura del Titolare, compresi fornitori, collaboratori, avvocati, commercialisti, consulenti del lavoro, consulenti in genere, istituti di credito, enti pubblici e uffici competenti, che abbiano autorit\u00e0 a richiederli. I dati potranno inoltre essere trasferiti a paesi extra UE o ad organizzazioni internazionali in presenza di decisioni di adeguatezza della Commissione o comunque solo per le finalit\u00e0 suddette.<br \/><br \/>I dati verranno conservati per tutta la durata dei rapporti instaurati e comunque per un arco di tempo non superiore al conseguimento delle finalit\u00e0 suddette per le quali sono trattati. I dati di contabilit\u00e0\/amministrazione previsti ai fini fiscali (scritture contabili) sono conservati per legge (Codice Civile) per almeno 10 anni dalla data dell\u2019ultima registrazione o fino a quando non siano stati conclusi eventuali accertamenti fiscali degli enti preposti relativi al corrispondente periodo di imposta oggetto di verifica (art. 22, comma 2, D.P.R. n. 600\/1973).<br \/><br \/>Il trattamento dei suoi dati non contempla un processo decisionale automatizzato inclusa la profilazione.<\/li><\/ul><p><strong>3 \u2013 Diritti dell\u2019interessato<\/strong><\/p><p>Il Regolamento le conferisce, in qualit\u00e0 di interessato, l\u2019esercizio di specifici diritti, elencati agli artt. da 15 a 22. Lei pu\u00f2 pertanto chiedere al titolare del trattamento:<\/p><ul><li>l\u2019accesso ai dati personali (art. 15): ottenere la conferma dell\u2019esistenza o meno di un trattamento di propri dati personali e potervi accedere;<\/li><li>la rettifica dei dati (art. 16): ottenere la rettifica dei dati inesatti e l\u2019integrazione dei dati incompleti;<\/li><li>la cancellazione dei dati \u2013 \u201coblio\u201d (art. 17);<\/li><li>la limitazione del trattamento (art. 18);<\/li><li>la portabilit\u00e0 dei dati (art. 20): ricevere i dati forniti al titolare e poterli trasmettere senza impedimenti ad un altro titolare;<\/li><li>di opporsi al trattamento (art. 21);<\/li><li>di non essere sottoposto a una decisione basata unicamente sul trattamento automatizzato che produca effetti giuridici o che incida sulla sua persona (art. 22).<\/li><\/ul><p>Inoltre le sono riconosciuti i diritti di:<\/p><ul><li>proporre reclamo al Garante per la protezione dei dati;<\/li><li>revocare il proprio consenso in qualsiasi momento, senza che questo pregiudichi la liceit\u00e0 del trattamento effettuato fino a quel momento (art. 7, comma 3). Il diritto di revoca non pu\u00f2 concernere i casi in cui il trattamento sia necessario per adempiere un obbligo legale al quale \u00e8 soggetto il titolare del trattamento.<\/li><\/ul><p>Potr\u00e0 esercitare in qualsiasi momento e gratuitamente i diritti di cui sopra, rivolgendosi al titolare del trattamento dei dati Uflex S.r.l. (Rappresentante legale Pietro Gai) agli indirizzi mail\u00a0<a href=\"mailto:uf.marine.sales@ultraflexgroup.it\">uf.marine.sales@ultraflexgroup.it<\/a>\u00a0<a href=\"mailto:uflex@pec.it\">uflex@pec.it<\/a><\/p><p>In caso di violazione dei dati personali ritenuta idonea a presentare un rischio elevato per i suoi diritti e le sue libert\u00e0, sar\u00e0 opportunamente avvertito senza ingiustificato ritardo, in accordo all\u2019art. 34 del Regolamento.<\/p>\t\t\t\t\t\t\t\t<\/div>\n\t\t\t\t<\/div>\n\t\t\t\t\t<\/div>\n\t\t\t\t<\/div>\n\t\t\t\t<\/div>\n\t\t","protected":false},"excerpt":{"rendered":"<p>Privacy Policy Informativa sul trattamento dei dati personali Gentile utente, ai sensi dell\u2019 art. 13 del Regolamento (UE) 2016\/679 sulla [&hellip;]<\/p>\n","protected":false},"author":53,"featured_media":0,"parent":0,"menu_order":0,"comment_status":"closed","ping_status":"closed","template":"","meta":{"_acf_changed":false,"site-sidebar-layout":"default","site-content-layout":"default","ast-site-content-layout":"default","site-content-style":"default","site-sidebar-style":"default","ast-global-header-display":"","ast-banner-title-visibility":"","ast-main-header-display":"","ast-hfb-above-header-display":"","ast-hfb-below-header-display":"","ast-hfb-mobile-header-display":"","site-post-title":"","ast-breadcrumbs-content":"","ast-featured-img":"","footer-sml-layout":"","ast-disable-related-posts":"","theme-transparent-header-meta":"default","adv-header-id-meta":"","stick-header-meta":"","header-above-stick-meta":"","header-main-stick-meta":"","header-below-stick-meta":"","astra-migrate-meta-layouts":"set","ast-page-background-enabled":"default","ast-page-background-meta":{"desktop":{"background-color":"var(--ast-global-color-4)","background-image":"","background-repeat":"repeat","background-position":"center center","background-size":"auto","background-attachment":"scroll","background-type":"","background-media":"","overlay-type":"","overlay-color":"","overlay-opacity":"","overlay-gradient":""},"tablet":{"background-color":"","background-image":"","background-repeat":"repeat","background-position":"center center","background-size":"auto","background-attachment":"scroll","background-type":"","background-media":"","overlay-type":"","overlay-color":"","overlay-opacity":"","overlay-gradient":""},"mobile":{"background-color":"","background-image":"","background-repeat":"repeat","background-position":"center center","background-size":"auto","background-attachment":"scroll","background-type":"","background-media":"","overlay-type":"","overlay-color":"","overlay-opacity":"","overlay-gradient":""}},"ast-content-background-meta":{"desktop":{"background-color":"var(--ast-global-color-5)","background-image":"","background-repeat":"repeat","background-position":"center center","background-size":"auto","background-attachment":"scroll","background-type":"","background-media":"","overlay-type":"","overlay-color":"","overlay-opacity":"","overlay-gradient":""},"tablet":{"background-color":"var(--ast-global-color-5)","background-image":"","background-repeat":"repeat","background-position":"center center","background-size":"auto","background-attachment":"scroll","background-type":"","background-media":"","overlay-type":"","overlay-color":"","overlay-opacity":"","overlay-gradient":""},"mobile":{"background-color":"var(--ast-global-color-5)","background-image":"","background-repeat":"repeat","background-position":"center center","background-size":"auto","background-attachment":"scroll","background-type":"","background-media":"","overlay-type":"","overlay-color":"","overlay-opacity":"","overlay-gradient":""}},"footnotes":""},"class_list":["post-26125","page","type-page","status-publish","hentry"],"acf":[],"_links":{"self":[{"href":"https:\/\/staging.uflex.it\/it\/wp-json\/wp\/v2\/pages\/26125","targetHints":{"allow":["GET"]}}],"collection":[{"href":"https:\/\/staging.uflex.it\/it\/wp-json\/wp\/v2\/pages"}],"about":[{"href":"https:\/\/staging.uflex.it\/it\/wp-json\/wp\/v2\/types\/page"}],"author":[{"embeddable":true,"href":"https:\/\/staging.uflex.it\/it\/wp-json\/wp\/v2\/users\/53"}],"replies":[{"embeddable":true,"href":"https:\/\/staging.uflex.it\/it\/wp-json\/wp\/v2\/comments?post=26125"}],"version-history":[{"count":0,"href":"https:\/\/staging.uflex.it\/it\/wp-json\/wp\/v2\/pages\/26125\/revisions"}],"wp:attachment":[{"href":"https:\/\/staging.uflex.it\/it\/wp-json\/wp\/v2\/media?parent=26125"}],"curies":[{"name":"wp","href":"https:\/\/api.w.org\/{rel}","templated":true}]}}