{"id":11158,"date":"2024-04-24T14:17:14","date_gmt":"2024-04-24T12:17:14","guid":{"rendered":"https:\/\/uflex.it\/product\/stereo-mp6-sistema-stagno-marino\/"},"modified":"2024-05-29T19:42:28","modified_gmt":"2024-05-29T17:42:28","slug":"stereo-mp6-sistema-stagno-marino","status":"publish","type":"product","link":"https:\/\/staging.uflex.it\/it\/prodotto\/stereo-mp6-sistema-stagno-marino\/","title":{"rendered":"STEREO MP6 &#8211; SISTEMA STAGNO MARINO"},"content":{"rendered":"<p><strong>STEREO MP6 &#8211; SISTEMA STAGNO MARINO<\/strong><\/p>\n<p>&nbsp;<\/p>\n<p>Se stai cercando un suono di qualit\u00e0 superiore nella tua barca, ma hai riscontrato che la profondit\u00e0 di montaggio \u00e8 un problema, MP6 Stereo potrebbe essere la risposta.<\/p>\n<p>Questo stereo impermeabile ad alte prestazioni vanta capacit\u00e0 di ascolto Bluetooth\/MP3\/USB\/AUX, radio AM\/FM, telecomando wireless o cablato e altro ancora per un&#8217;esperienza audio ottimale in ambienti marini in cui la profondit\u00e0 di montaggio \u00e8 limitata.<\/p>\n<p><img fetchpriority=\"high\" decoding=\"async\" class=\"alignnone wp-image-8129 size-full\" src=\"https:\/\/staging.uflex.it\/wp-content\/uploads\/2020\/11\/MP6-Giftbox-Unit.png\" alt=\"\" width=\"720\" height=\"720\" title=\"\" srcset=\"https:\/\/staging.uflex.it\/wp-content\/uploads\/2020\/11\/MP6-Giftbox-Unit.png 720w, https:\/\/staging.uflex.it\/wp-content\/uploads\/2020\/11\/MP6-Giftbox-Unit-100x100.png 100w, https:\/\/staging.uflex.it\/wp-content\/uploads\/2020\/11\/MP6-Giftbox-Unit-150x150.png 150w, https:\/\/staging.uflex.it\/wp-content\/uploads\/2020\/11\/MP6-Giftbox-Unit-300x300.png 300w, https:\/\/staging.uflex.it\/wp-content\/uploads\/2020\/11\/MP6-Giftbox-Unit-120x120.png 120w, https:\/\/staging.uflex.it\/wp-content\/uploads\/2020\/11\/MP6-Giftbox-Unit-330x330.png 330w, https:\/\/staging.uflex.it\/wp-content\/uploads\/2020\/11\/MP6-Giftbox-Unit-64x64.png 64w\" sizes=\"(max-width: 720px) 100vw, 720px\" \/><\/p>\n<p>&nbsp;<\/p>\n","protected":false},"excerpt":{"rendered":"<p>STEREO MP6 &#8211; SISTEMA STAGNO MARINO &nbsp; Se stai cercando un suono di qualit\u00e0 superiore nella tua barca, ma hai [&hellip;]<\/p>\n","protected":false},"featured_media":1231,"comment_status":"open","ping_status":"closed","template":"","meta":{"_acf_changed":false,"site-sidebar-layout":"default","site-content-layout":"","ast-site-content-layout":"default","site-content-style":"default","site-sidebar-style":"default","ast-global-header-display":"","ast-banner-title-visibility":"","ast-main-header-display":"","ast-hfb-above-header-display":"","ast-hfb-below-header-display":"","ast-hfb-mobile-header-display":"","site-post-title":"","ast-breadcrumbs-content":"","ast-featured-img":"","footer-sml-layout":"","ast-disable-related-posts":"","theme-transparent-header-meta":"","adv-header-id-meta":"","stick-header-meta":"","header-above-stick-meta":"","header-main-stick-meta":"","header-below-stick-meta":"","astra-migrate-meta-layouts":"set","ast-page-background-enabled":"default","ast-page-background-meta":{"desktop":{"background-color":"var(--ast-global-color-4)","background-image":"","background-repeat":"repeat","background-position":"center center","background-size":"auto","background-attachment":"scroll","background-type":"","background-media":"","overlay-type":"","overlay-color":"","overlay-opacity":"","overlay-gradient":""},"tablet":{"background-color":"","background-image":"","background-repeat":"repeat","background-position":"center center","background-size":"auto","background-attachment":"scroll","background-type":"","background-media":"","overlay-type":"","overlay-color":"","overlay-opacity":"","overlay-gradient":""},"mobile":{"background-color":"","background-image":"","background-repeat":"repeat","background-position":"center center","background-size":"auto","background-attachment":"scroll","background-type":"","background-media":"","overlay-type":"","overlay-color":"","overlay-opacity":"","overlay-gradient":""}},"ast-content-background-meta":{"desktop":{"background-color":"var(--ast-global-color-5)","background-image":"","background-repeat":"repeat","background-position":"center center","background-size":"auto","background-attachment":"scroll","background-type":"","background-media":"","overlay-type":"","overlay-color":"","overlay-opacity":"","overlay-gradient":""},"tablet":{"background-color":"var(--ast-global-color-5)","background-image":"","background-repeat":"repeat","background-position":"center center","background-size":"auto","background-attachment":"scroll","background-type":"","background-media":"","overlay-type":"","overlay-color":"","overlay-opacity":"","overlay-gradient":""},"mobile":{"background-color":"var(--ast-global-color-5)","background-image":"","background-repeat":"repeat","background-position":"center center","background-size":"auto","background-attachment":"scroll","background-type":"","background-media":"","overlay-type":"","overlay-color":"","overlay-opacity":"","overlay-gradient":""}}},"product_brand":[1579,1423],"product_cat":[1703,1702],"product_tag":[],"product_filter":[],"class_list":{"0":"post-11158","1":"product","2":"type-product","3":"status-publish","4":"has-post-thumbnail","6":"product_brand-aquatic-av-it","7":"product_brand-unita-stereo","8":"product_cat-aquatic-av-it","9":"product_cat-marine-av-systems-it","10":"desktop-align-center","11":"tablet-align-left","12":"mobile-align-left","14":"first","15":"instock","16":"shipping-taxable","17":"product-type-simple"},"acf":[],"_links":{"self":[{"href":"https:\/\/staging.uflex.it\/it\/wp-json\/wp\/v2\/product\/11158","targetHints":{"allow":["GET"]}}],"collection":[{"href":"https:\/\/staging.uflex.it\/it\/wp-json\/wp\/v2\/product"}],"about":[{"href":"https:\/\/staging.uflex.it\/it\/wp-json\/wp\/v2\/types\/product"}],"replies":[{"embeddable":true,"href":"https:\/\/staging.uflex.it\/it\/wp-json\/wp\/v2\/comments?post=11158"}],"version-history":[{"count":0,"href":"https:\/\/staging.uflex.it\/it\/wp-json\/wp\/v2\/product\/11158\/revisions"}],"wp:featuredmedia":[{"embeddable":true,"href":"https:\/\/staging.uflex.it\/it\/wp-json\/wp\/v2\/media\/1231"}],"wp:attachment":[{"href":"https:\/\/staging.uflex.it\/it\/wp-json\/wp\/v2\/media?parent=11158"}],"wp:term":[{"taxonomy":"product_brand","embeddable":true,"href":"https:\/\/staging.uflex.it\/it\/wp-json\/wp\/v2\/product_brand?post=11158"},{"taxonomy":"product_cat","embeddable":true,"href":"https:\/\/staging.uflex.it\/it\/wp-json\/wp\/v2\/product_cat?post=11158"},{"taxonomy":"product_tag","embeddable":true,"href":"https:\/\/staging.uflex.it\/it\/wp-json\/wp\/v2\/product_tag?post=11158"},{"taxonomy":"product_filter","embeddable":true,"href":"https:\/\/staging.uflex.it\/it\/wp-json\/wp\/v2\/product_filter?post=11158"}],"curies":[{"name":"wp","href":"https:\/\/api.w.org\/{rel}","templated":true}]}}