{"id":11194,"date":"2024-04-24T14:17:36","date_gmt":"2024-04-24T12:17:36","guid":{"rendered":"https:\/\/uflex.it\/product\/serie-96-alternatori-a-48v\/"},"modified":"2024-06-06T12:23:27","modified_gmt":"2024-06-06T10:23:27","slug":"serie-96-alternatori-a-48v","status":"publish","type":"product","link":"https:\/\/staging.uflex.it\/it\/prodotto\/serie-96-alternatori-a-48v\/","title":{"rendered":"SERIE 96 &#8211; ALTERNATORI A 48V"},"content":{"rendered":"<p><strong>MID-DUTY CYCLE, struttura Large<\/strong><\/p>\n<p>\u2022 60 A ( 2.9 Kw ) o 100 A ( 4.8 Kw ) a 48 Volt<br \/>\n\u2022 Da utilizzare con il regolatore esterno Balmar mod. MC-620<br \/>\n\u2022 Ideale per i banchi batterie al litio 48V<br \/>\n\u2022 Max Rpm 12.000<\/p>\n<p>La Nuova serie 96 di Balmar stabilisce il nuovo standard per le emergenti esigenze dei sistemi con batterie e inverter a 48V<br \/>\nIn combinazione con il nuovo <strong>regolatore MC-620<\/strong> per ottenere i vantaggi della regolazione Balmar multi-stage in un sistema di carica a 48V.<br \/>\nDisponibili in due taglie da 60 A e 100 A questi alternatori ad alta potenza forniscono rispettivamente 2.9 Kw e 4.8 Kw di carica.<br \/>\nI sistemi a 48V soddisfano i crescenti bisogni di potenza degli impianti DC delle batterie, per poter aumentare i rendimenti per esempio dei sistemi di aria condizionata e delle piastre elettriche DC. I vantaggi dei sistemi a 48V includono componenti pi\u00f9 efficienti, come caricabatterie ed Inverter, dimensioni dei cavi pi\u00f9 gestibili, e output pi\u00f9 elevati degli alternatori in \u201cpackage\u201d contenuti.<\/p>\n<p>Un sistema a 48V pu\u00f2 caricare le batterie al litio in modo pi\u00f9 potente ed efficiente.<br \/>\nLa serie 96 fornisce inoltre pi\u00f9 potenza ai bassi giri motore (Cut in a 2.200 Rpm), limitando cos\u00ec la necessit\u00e0 di schemi complicati di pulegge o alti regimi di minimo motore.<\/p>\n<p><strong>Nota<\/strong>: Il regolatore MC-620-H richiede l\u2019alimentazione a 12V, non pu\u00f2 essere alimentato a 48V<\/p>\n","protected":false},"excerpt":{"rendered":"<p>MID-DUTY CYCLE, struttura Large \u2022 60 A ( 2.9 Kw ) o 100 A ( 4.8 Kw ) a 48 [&hellip;]<\/p>\n","protected":false},"featured_media":7211,"comment_status":"open","ping_status":"closed","template":"","meta":{"_acf_changed":false,"site-sidebar-layout":"default","site-content-layout":"","ast-site-content-layout":"default","site-content-style":"default","site-sidebar-style":"default","ast-global-header-display":"","ast-banner-title-visibility":"","ast-main-header-display":"","ast-hfb-above-header-display":"","ast-hfb-below-header-display":"","ast-hfb-mobile-header-display":"","site-post-title":"","ast-breadcrumbs-content":"","ast-featured-img":"","footer-sml-layout":"","ast-disable-related-posts":"","theme-transparent-header-meta":"","adv-header-id-meta":"","stick-header-meta":"","header-above-stick-meta":"","header-main-stick-meta":"","header-below-stick-meta":"","astra-migrate-meta-layouts":"default","ast-page-background-enabled":"default","ast-page-background-meta":{"desktop":{"background-color":"var(--ast-global-color-4)","background-image":"","background-repeat":"repeat","background-position":"center center","background-size":"auto","background-attachment":"scroll","background-type":"","background-media":"","overlay-type":"","overlay-color":"","overlay-opacity":"","overlay-gradient":""},"tablet":{"background-color":"","background-image":"","background-repeat":"repeat","background-position":"center center","background-size":"auto","background-attachment":"scroll","background-type":"","background-media":"","overlay-type":"","overlay-color":"","overlay-opacity":"","overlay-gradient":""},"mobile":{"background-color":"","background-image":"","background-repeat":"repeat","background-position":"center center","background-size":"auto","background-attachment":"scroll","background-type":"","background-media":"","overlay-type":"","overlay-color":"","overlay-opacity":"","overlay-gradient":""}},"ast-content-background-meta":{"desktop":{"background-color":"var(--ast-global-color-5)","background-image":"","background-repeat":"repeat","background-position":"center center","background-size":"auto","background-attachment":"scroll","background-type":"","background-media":"","overlay-type":"","overlay-color":"","overlay-opacity":"","overlay-gradient":""},"tablet":{"background-color":"var(--ast-global-color-5)","background-image":"","background-repeat":"repeat","background-position":"center center","background-size":"auto","background-attachment":"scroll","background-type":"","background-media":"","overlay-type":"","overlay-color":"","overlay-opacity":"","overlay-gradient":""},"mobile":{"background-color":"var(--ast-global-color-5)","background-image":"","background-repeat":"repeat","background-position":"center center","background-size":"auto","background-attachment":"scroll","background-type":"","background-media":"","overlay-type":"","overlay-color":"","overlay-opacity":"","overlay-gradient":""}}},"product_brand":[1430,2343],"product_cat":[1317,1329],"product_tag":[],"product_filter":[],"class_list":{"0":"post-11194","1":"product","2":"type-product","3":"status-publish","4":"has-post-thumbnail","6":"product_brand-alternatori","7":"product_brand-balmar-it","8":"product_cat-generazione-accumulo-gestione-elettrica-elettronica-di-potenza-a-bordo","9":"product_cat-balmar-generazione-accumulo-gestione-elettrica-elettronica-di-potenza-a-bordo","10":"desktop-align-center","11":"tablet-align-left","12":"mobile-align-left","14":"first","15":"instock","16":"shipping-taxable","17":"product-type-simple"},"acf":[],"_links":{"self":[{"href":"https:\/\/staging.uflex.it\/it\/wp-json\/wp\/v2\/product\/11194","targetHints":{"allow":["GET"]}}],"collection":[{"href":"https:\/\/staging.uflex.it\/it\/wp-json\/wp\/v2\/product"}],"about":[{"href":"https:\/\/staging.uflex.it\/it\/wp-json\/wp\/v2\/types\/product"}],"replies":[{"embeddable":true,"href":"https:\/\/staging.uflex.it\/it\/wp-json\/wp\/v2\/comments?post=11194"}],"version-history":[{"count":0,"href":"https:\/\/staging.uflex.it\/it\/wp-json\/wp\/v2\/product\/11194\/revisions"}],"wp:featuredmedia":[{"embeddable":true,"href":"https:\/\/staging.uflex.it\/it\/wp-json\/wp\/v2\/media\/7211"}],"wp:attachment":[{"href":"https:\/\/staging.uflex.it\/it\/wp-json\/wp\/v2\/media?parent=11194"}],"wp:term":[{"taxonomy":"product_brand","embeddable":true,"href":"https:\/\/staging.uflex.it\/it\/wp-json\/wp\/v2\/product_brand?post=11194"},{"taxonomy":"product_cat","embeddable":true,"href":"https:\/\/staging.uflex.it\/it\/wp-json\/wp\/v2\/product_cat?post=11194"},{"taxonomy":"product_tag","embeddable":true,"href":"https:\/\/staging.uflex.it\/it\/wp-json\/wp\/v2\/product_tag?post=11194"},{"taxonomy":"product_filter","embeddable":true,"href":"https:\/\/staging.uflex.it\/it\/wp-json\/wp\/v2\/product_filter?post=11194"}],"curies":[{"name":"wp","href":"https:\/\/api.w.org\/{rel}","templated":true}]}}