{"id":11214,"date":"2024-04-24T14:17:48","date_gmt":"2024-04-24T12:17:48","guid":{"rendered":"https:\/\/uflex.it\/product\/impianti-chiller-ad-inverter\/"},"modified":"2025-10-20T11:54:10","modified_gmt":"2025-10-20T09:54:10","slug":"impianti-chiller-ad-inverter","status":"publish","type":"product","link":"https:\/\/staging.uflex.it\/it\/prodotto\/impianti-chiller-ad-inverter\/","title":{"rendered":"IMPIANTI CHILLER AD INVERTER"},"content":{"rendered":"<p><strong>CHILLER AD INVERTER CON MODULAZIONE CONTINUATIVA VARIABLE SPEED DRIVE ( VSD )<\/strong><br \/>\nQuesta linea di unit\u00e0 chiller offre il massimo della tecnologia disponibile:<br \/>\nmotore brushless DC e inverter per il controllo continuativo della velocit\u00e0 e della potenza erogata dal compressore (Variable Speed Drive). Il tutto in un sistema che utilizza il refrigerante eco-friendly R410A.<br \/>\nDue taglie disponibili: <strong>42.000<\/strong> e <strong>62.000 BTU\/h<\/strong> con approccio modulare per realizzare sistemi di potenze superiori<\/p>\n<p><strong>Vantaggi<\/strong> nell\u2019applicazione nautica:<\/p>\n<p>\u2022 Annullamento dei picchi di corrente all\u2019avviamento<br \/>\n\u2022 Massima efficienza energetica: riduzione del consumo di energia elettrica complessiva (-45%)<br \/>\n\u2022 Minore potenza richiesta ai generatori di bordo<br \/>\n\u2022 Rumori e vibrazioni del compressore quasi nulle<br \/>\n\u2022 Dimensioni e pesi estremamente contenuti in rapporto alle potenze sviluppate<br \/>\n\u2022 Stabilit\u00e0 della temperatura dell\u2019acqua ai fancoils<\/p>\n<p><strong>Comfort<\/strong>:<br \/>\nIl compressore varia il proprio regime di rotazione \u2013 e quindi la potenza termica erogata &#8211; in modo da mantenere la temperatura dell\u2019acqua del circuito chiuso costante, indipendentemente dalla potenza prelevata dai fancoils.<\/p>\n<p>Questo garantisce il massimo del comfort, grazie alla stabilit\u00e0 della temperatura dell\u2019aria in uscita, e il massimo dell\u2019efficienza, adattando continuamente la potenza del sistema alle reali necessit\u00e0. Il compressore quindi andr\u00e0 alla potenza massima per raffreddare rapidamente gli ambienti caldi, ma appena la temperatura desiderata nelle varie cabine viene raggiunta, il compressore ridurr\u00e0 le potenze sviluppate e i relativi consumi elettrici. Il tutto con il minimo livello di rumore e vibrazioni.<\/p>\n<p><strong>Affidabilit\u00e0:<\/strong><br \/>\nQuesta tipologia di compressori \u201cBrushless DC\u201d elimina il classico funzionamento ON\/OFF, tipico dei sistemi tradizionali, garantendo lunga durata di tutti i componenti coinvolti, sia elettrici che meccanici.<\/p>\n<p><strong>Silenziosit\u00e0: <\/strong><br \/>\nLa tipologia del compressore e del suo funzionamento, unite alla copertura insonorizzante, permettono di raggiungere emissioni sonore minime, apprezzabili durante il funzionamento notturno.<\/p>\n<p><strong>Funzione NOTTE<\/strong>:<br \/>\n\u00c8 possibile limitare dal pannello la potenza massima erogabile ad un valore prescelto. Questo permette di limitare le potenze elettriche richieste, senza rischiare di far saltare eventuali banchine deboli o permettendo l\u2019utilizzo di un generatore pi\u00f9 piccolo per la notte.<\/p>\n<p><strong>Modularit\u00e0: <\/strong><br \/>\nPermette di combinare pi\u00f9 unit\u00e0 in modo da ottenere la massima potenza necessaria: es. per avere 250.000 BTU\/h, \u00e8 sufficiente mettere 4 unit\u00e0 da 62.000 BTU\/h in parallelo. Le unit\u00e0 si regoleranno in maniera automatica e continuativa in modo da garantire sempre la temperatura del circuito d\u2019acqua pari al valore prefissato.<\/p>\n<p>I chiller VELAIR VSD ad inverter rispondono alle norme sulla compatibilit\u00e0 elettromagnetica (EMC) Direttiva 2004\/108\/EC.<\/p>\n<p>Il <strong>pannello di controllo digitale<\/strong> pu\u00f2 essere installato sul chiller oppure pu\u00f2 essere rimosso ed installato in posizione remota pi\u00f9 accessibile.<\/p>\n<p>Le funzioni principali possono essere pilotate in alternativa da un qualsiasi sistema di controllo di bordo centralizzato tramite tre semplici interruttori.<\/p>\n<p><strong>ACCESSORI<\/strong><br \/>\nL\u2019installazione completa del sistema chiller necessita dei seguenti accessori:<br \/>\n\u2022 Fancoils<br \/>\n\u2022 Pompa acqua di mare<br \/>\n\u2022 Pompa acqua circuito chiuso refrigerato<br \/>\n\u2022 Canalizzazione acqua di mare<br \/>\n\u2022 Canalizzazione acqua circuito refrigerato<br \/>\n\u2022 Canalizzazione aria<\/p>\n<p>&nbsp;<\/p>\n<p>&nbsp;<\/p>\n","protected":false},"excerpt":{"rendered":"<p>CHILLER AD INVERTER CON MODULAZIONE CONTINUATIVA VARIABLE SPEED DRIVE ( VSD ) Questa linea di unit\u00e0 chiller offre il massimo [&hellip;]<\/p>\n","protected":false},"featured_media":1126,"comment_status":"open","ping_status":"closed","template":"","meta":{"_acf_changed":false,"site-sidebar-layout":"default","site-content-layout":"","ast-site-content-layout":"default","site-content-style":"default","site-sidebar-style":"default","ast-global-header-display":"","ast-banner-title-visibility":"","ast-main-header-display":"","ast-hfb-above-header-display":"","ast-hfb-below-header-display":"","ast-hfb-mobile-header-display":"","site-post-title":"","ast-breadcrumbs-content":"","ast-featured-img":"","footer-sml-layout":"","ast-disable-related-posts":"","theme-transparent-header-meta":"default","adv-header-id-meta":"","stick-header-meta":"","header-above-stick-meta":"","header-main-stick-meta":"","header-below-stick-meta":"","astra-migrate-meta-layouts":"set","ast-page-background-enabled":"default","ast-page-background-meta":{"desktop":{"background-color":"var(--ast-global-color-4)","background-image":"","background-repeat":"repeat","background-position":"center center","background-size":"auto","background-attachment":"scroll","background-type":"","background-media":"","overlay-type":"","overlay-color":"","overlay-opacity":"","overlay-gradient":""},"tablet":{"background-color":"","background-image":"","background-repeat":"repeat","background-position":"center center","background-size":"auto","background-attachment":"scroll","background-type":"","background-media":"","overlay-type":"","overlay-color":"","overlay-opacity":"","overlay-gradient":""},"mobile":{"background-color":"","background-image":"","background-repeat":"repeat","background-position":"center center","background-size":"auto","background-attachment":"scroll","background-type":"","background-media":"","overlay-type":"","overlay-color":"","overlay-opacity":"","overlay-gradient":""}},"ast-content-background-meta":{"desktop":{"background-color":"var(--ast-global-color-5)","background-image":"","background-repeat":"repeat","background-position":"center center","background-size":"auto","background-attachment":"scroll","background-type":"","background-media":"","overlay-type":"","overlay-color":"","overlay-opacity":"","overlay-gradient":""},"tablet":{"background-color":"var(--ast-global-color-5)","background-image":"","background-repeat":"repeat","background-position":"center center","background-size":"auto","background-attachment":"scroll","background-type":"","background-media":"","overlay-type":"","overlay-color":"","overlay-opacity":"","overlay-gradient":""},"mobile":{"background-color":"var(--ast-global-color-5)","background-image":"","background-repeat":"repeat","background-position":"center center","background-size":"auto","background-attachment":"scroll","background-type":"","background-media":"","overlay-type":"","overlay-color":"","overlay-opacity":"","overlay-gradient":""}}},"product_brand":[1555,2391],"product_cat":[1378,2341],"product_tag":[],"product_filter":[],"class_list":{"0":"post-11214","1":"product","2":"type-product","3":"status-publish","4":"has-post-thumbnail","6":"product_brand-sistemi-chiller","7":"product_brand-velair-it","8":"product_cat-sistemi-di-condizionamento-comfort-a-bordo","9":"product_cat-velair-it","10":"desktop-align-center","11":"tablet-align-left","12":"mobile-align-left","14":"first","15":"instock","16":"shipping-taxable","17":"product-type-simple"},"acf":[],"_links":{"self":[{"href":"https:\/\/staging.uflex.it\/it\/wp-json\/wp\/v2\/product\/11214","targetHints":{"allow":["GET"]}}],"collection":[{"href":"https:\/\/staging.uflex.it\/it\/wp-json\/wp\/v2\/product"}],"about":[{"href":"https:\/\/staging.uflex.it\/it\/wp-json\/wp\/v2\/types\/product"}],"replies":[{"embeddable":true,"href":"https:\/\/staging.uflex.it\/it\/wp-json\/wp\/v2\/comments?post=11214"}],"version-history":[{"count":0,"href":"https:\/\/staging.uflex.it\/it\/wp-json\/wp\/v2\/product\/11214\/revisions"}],"wp:featuredmedia":[{"embeddable":true,"href":"https:\/\/staging.uflex.it\/it\/wp-json\/wp\/v2\/media\/1126"}],"wp:attachment":[{"href":"https:\/\/staging.uflex.it\/it\/wp-json\/wp\/v2\/media?parent=11214"}],"wp:term":[{"taxonomy":"product_brand","embeddable":true,"href":"https:\/\/staging.uflex.it\/it\/wp-json\/wp\/v2\/product_brand?post=11214"},{"taxonomy":"product_cat","embeddable":true,"href":"https:\/\/staging.uflex.it\/it\/wp-json\/wp\/v2\/product_cat?post=11214"},{"taxonomy":"product_tag","embeddable":true,"href":"https:\/\/staging.uflex.it\/it\/wp-json\/wp\/v2\/product_tag?post=11214"},{"taxonomy":"product_filter","embeddable":true,"href":"https:\/\/staging.uflex.it\/it\/wp-json\/wp\/v2\/product_filter?post=11214"}],"curies":[{"name":"wp","href":"https:\/\/api.w.org\/{rel}","templated":true}]}}