{"id":11341,"date":"2024-04-24T14:18:45","date_gmt":"2024-04-24T12:18:45","guid":{"rendered":"https:\/\/uflex.it\/product\/rg100-controller\/"},"modified":"2024-05-29T19:30:54","modified_gmt":"2024-05-29T17:30:54","slug":"rg100-controller","status":"publish","type":"product","link":"https:\/\/staging.uflex.it\/it\/prodotto\/rg100-controller\/","title":{"rendered":"RG100 CONTROLLER"},"content":{"rendered":"<p>\u2022 5A di potenza totale in uscita: tutte le uscite hanno 5A e una tensione di 12V.<br \/>\n\u2022 Funziona con l\u2019applicazione mobile Aquatic AV: scegli tra pi\u00f9 di mille colori diversi e di interfaccia.<br \/>\n\u2022 Impermeabile: controller progettato per durare nelle condizioni pi\u00f9 difficili.<br \/>\n\u2022 Collega fino a 32 altoparlanti: Inizia con quattro altoparlanti e connetti fino a 32 altoparlanti usando gli splitter Aquatic AV Y con un solo controller. La luminosit\u00e0 pu\u00f2 variare man mano che si aggiungono altri altoparlanti.<br \/>\n\u2022 Facile da installare: Due linguette sulla parte superiore e inferiore del dispositivo per una facile installazione e montaggio in una variet\u00e0 di ambienti.<br \/>\n\u2022 UNIVERSALE: pu\u00f2 essere utilizzato con speakers a LED di qualunque marca e con sistemi di luce a LED con input fino a 5A.<\/p>\n<p><strong>Le caratteristiche di Aquatic AV APP includono<\/strong>:<br \/>\n\u2022 Migliaia di colori selezionabili attraverso lo spettro arcobaleno.<br \/>\n\u2022 Salva i tuoi colori preferiti: si possono salvare fino a cinque colori tra i preferiti per una modifica pi\u00f9 rapida.<br \/>\n\u2022 Modalit\u00e0 multicolore: pi\u00f9 di 15 modalit\u00e0 multicolore integrate per una variet\u00e0 di stati d\u2019animo.<\/p>\n","protected":false},"excerpt":{"rendered":"<p>\u2022 5A di potenza totale in uscita: tutte le uscite hanno 5A e una tensione di 12V. \u2022 Funziona con [&hellip;]<\/p>\n","protected":false},"featured_media":7153,"comment_status":"open","ping_status":"closed","template":"","meta":{"_acf_changed":false,"site-sidebar-layout":"default","site-content-layout":"","ast-site-content-layout":"default","site-content-style":"default","site-sidebar-style":"default","ast-global-header-display":"","ast-banner-title-visibility":"","ast-main-header-display":"","ast-hfb-above-header-display":"","ast-hfb-below-header-display":"","ast-hfb-mobile-header-display":"","site-post-title":"","ast-breadcrumbs-content":"","ast-featured-img":"","footer-sml-layout":"","ast-disable-related-posts":"","theme-transparent-header-meta":"","adv-header-id-meta":"","stick-header-meta":"","header-above-stick-meta":"","header-main-stick-meta":"","header-below-stick-meta":"","astra-migrate-meta-layouts":"default","ast-page-background-enabled":"default","ast-page-background-meta":{"desktop":{"background-color":"var(--ast-global-color-4)","background-image":"","background-repeat":"repeat","background-position":"center center","background-size":"auto","background-attachment":"scroll","background-type":"","background-media":"","overlay-type":"","overlay-color":"","overlay-opacity":"","overlay-gradient":""},"tablet":{"background-color":"","background-image":"","background-repeat":"repeat","background-position":"center center","background-size":"auto","background-attachment":"scroll","background-type":"","background-media":"","overlay-type":"","overlay-color":"","overlay-opacity":"","overlay-gradient":""},"mobile":{"background-color":"","background-image":"","background-repeat":"repeat","background-position":"center center","background-size":"auto","background-attachment":"scroll","background-type":"","background-media":"","overlay-type":"","overlay-color":"","overlay-opacity":"","overlay-gradient":""}},"ast-content-background-meta":{"desktop":{"background-color":"var(--ast-global-color-5)","background-image":"","background-repeat":"repeat","background-position":"center center","background-size":"auto","background-attachment":"scroll","background-type":"","background-media":"","overlay-type":"","overlay-color":"","overlay-opacity":"","overlay-gradient":""},"tablet":{"background-color":"var(--ast-global-color-5)","background-image":"","background-repeat":"repeat","background-position":"center center","background-size":"auto","background-attachment":"scroll","background-type":"","background-media":"","overlay-type":"","overlay-color":"","overlay-opacity":"","overlay-gradient":""},"mobile":{"background-color":"var(--ast-global-color-5)","background-image":"","background-repeat":"repeat","background-position":"center center","background-size":"auto","background-attachment":"scroll","background-type":"","background-media":"","overlay-type":"","overlay-color":"","overlay-opacity":"","overlay-gradient":""}}},"product_brand":[1579,2370],"product_cat":[1703,1702],"product_tag":[],"product_filter":[],"class_list":{"0":"post-11341","1":"product","2":"type-product","3":"status-publish","4":"has-post-thumbnail","6":"product_brand-aquatic-av-it","7":"product_brand-speakers-it","8":"product_cat-aquatic-av-it","9":"product_cat-marine-av-systems-it","10":"desktop-align-center","11":"tablet-align-left","12":"mobile-align-left","14":"first","15":"instock","16":"shipping-taxable","17":"product-type-simple"},"acf":[],"_links":{"self":[{"href":"https:\/\/staging.uflex.it\/it\/wp-json\/wp\/v2\/product\/11341","targetHints":{"allow":["GET"]}}],"collection":[{"href":"https:\/\/staging.uflex.it\/it\/wp-json\/wp\/v2\/product"}],"about":[{"href":"https:\/\/staging.uflex.it\/it\/wp-json\/wp\/v2\/types\/product"}],"replies":[{"embeddable":true,"href":"https:\/\/staging.uflex.it\/it\/wp-json\/wp\/v2\/comments?post=11341"}],"version-history":[{"count":0,"href":"https:\/\/staging.uflex.it\/it\/wp-json\/wp\/v2\/product\/11341\/revisions"}],"wp:featuredmedia":[{"embeddable":true,"href":"https:\/\/staging.uflex.it\/it\/wp-json\/wp\/v2\/media\/7153"}],"wp:attachment":[{"href":"https:\/\/staging.uflex.it\/it\/wp-json\/wp\/v2\/media?parent=11341"}],"wp:term":[{"taxonomy":"product_brand","embeddable":true,"href":"https:\/\/staging.uflex.it\/it\/wp-json\/wp\/v2\/product_brand?post=11341"},{"taxonomy":"product_cat","embeddable":true,"href":"https:\/\/staging.uflex.it\/it\/wp-json\/wp\/v2\/product_cat?post=11341"},{"taxonomy":"product_tag","embeddable":true,"href":"https:\/\/staging.uflex.it\/it\/wp-json\/wp\/v2\/product_tag?post=11341"},{"taxonomy":"product_filter","embeddable":true,"href":"https:\/\/staging.uflex.it\/it\/wp-json\/wp\/v2\/product_filter?post=11341"}],"curies":[{"name":"wp","href":"https:\/\/api.w.org\/{rel}","templated":true}]}}