{"id":11343,"date":"2024-04-24T14:18:46","date_gmt":"2024-04-24T12:18:46","guid":{"rendered":"https:\/\/uflex.it\/product\/amplificatore-ad500-4\/"},"modified":"2024-05-29T19:29:50","modified_gmt":"2024-05-29T17:29:50","slug":"amplificatore-ad500-4","status":"publish","type":"product","link":"https:\/\/staging.uflex.it\/it\/prodotto\/amplificatore-ad500-4\/","title":{"rendered":"Amplificatore AD500.4"},"content":{"rendered":"<h2>Amplificatore AD500.4<\/h2>\n<p>L\u2019amplificatore AD500.4, con il suo design compatto, \u00e8 in grado di passare da 500mV a 10V\u00a0ed \u00e8 compatibile con tutti i tipi di impianti. Con 600 watt di potenza, questo amplificatore pu\u00f2 funzionare in 3 modi diversi, a quattro canali, a tre canali e a due canali. Completamente stagno (IP67), \u00e8 progettato per resistere ai raggi UV\/sale\/nebbia in modo da garantire prestazioni affidabili.<br \/>\nL\u2019amplificatore AD500.4 \u00e8 stabile a 2 ohm, ma pu\u00f2 essere usato anche con altoparlanti da 4 ohm ed \u00e8 una scelta perfetta per le applicazioni marine. Per garantire un miglior suono, raccomandiamo di accoppiarlo con gli altoparlanti stagni di Aquatic AV.<\/p>\n<p><strong>AD500.4<\/strong> &#8211; 24899U<\/p>\n","protected":false},"excerpt":{"rendered":"<p>Amplificatore AD500.4 L\u2019amplificatore AD500.4, con il suo design compatto, \u00e8 in grado di passare da 500mV a 10V\u00a0ed \u00e8 compatibile [&hellip;]<\/p>\n","protected":false},"featured_media":10284,"comment_status":"open","ping_status":"closed","template":"","meta":{"_acf_changed":false,"site-sidebar-layout":"default","site-content-layout":"","ast-site-content-layout":"default","site-content-style":"default","site-sidebar-style":"default","ast-global-header-display":"","ast-banner-title-visibility":"","ast-main-header-display":"","ast-hfb-above-header-display":"","ast-hfb-below-header-display":"","ast-hfb-mobile-header-display":"","site-post-title":"","ast-breadcrumbs-content":"","ast-featured-img":"","footer-sml-layout":"","ast-disable-related-posts":"","theme-transparent-header-meta":"default","adv-header-id-meta":"","stick-header-meta":"","header-above-stick-meta":"","header-main-stick-meta":"","header-below-stick-meta":"","astra-migrate-meta-layouts":"set","ast-page-background-enabled":"default","ast-page-background-meta":{"desktop":{"background-color":"var(--ast-global-color-4)","background-image":"","background-repeat":"repeat","background-position":"center center","background-size":"auto","background-attachment":"scroll","background-type":"","background-media":"","overlay-type":"","overlay-color":"","overlay-opacity":"","overlay-gradient":""},"tablet":{"background-color":"","background-image":"","background-repeat":"repeat","background-position":"center center","background-size":"auto","background-attachment":"scroll","background-type":"","background-media":"","overlay-type":"","overlay-color":"","overlay-opacity":"","overlay-gradient":""},"mobile":{"background-color":"","background-image":"","background-repeat":"repeat","background-position":"center center","background-size":"auto","background-attachment":"scroll","background-type":"","background-media":"","overlay-type":"","overlay-color":"","overlay-opacity":"","overlay-gradient":""}},"ast-content-background-meta":{"desktop":{"background-color":"var(--ast-global-color-5)","background-image":"","background-repeat":"repeat","background-position":"center center","background-size":"auto","background-attachment":"scroll","background-type":"","background-media":"","overlay-type":"","overlay-color":"","overlay-opacity":"","overlay-gradient":""},"tablet":{"background-color":"var(--ast-global-color-5)","background-image":"","background-repeat":"repeat","background-position":"center center","background-size":"auto","background-attachment":"scroll","background-type":"","background-media":"","overlay-type":"","overlay-color":"","overlay-opacity":"","overlay-gradient":""},"mobile":{"background-color":"var(--ast-global-color-5)","background-image":"","background-repeat":"repeat","background-position":"center center","background-size":"auto","background-attachment":"scroll","background-type":"","background-media":"","overlay-type":"","overlay-color":"","overlay-opacity":"","overlay-gradient":""}}},"product_brand":[1579,1423],"product_cat":[1703,1702],"product_tag":[],"product_filter":[],"class_list":{"0":"post-11343","1":"product","2":"type-product","3":"status-publish","4":"has-post-thumbnail","6":"product_brand-aquatic-av-it","7":"product_brand-unita-stereo","8":"product_cat-aquatic-av-it","9":"product_cat-marine-av-systems-it","10":"desktop-align-center","11":"tablet-align-left","12":"mobile-align-left","14":"first","15":"instock","16":"shipping-taxable","17":"product-type-simple"},"acf":[],"_links":{"self":[{"href":"https:\/\/staging.uflex.it\/it\/wp-json\/wp\/v2\/product\/11343","targetHints":{"allow":["GET"]}}],"collection":[{"href":"https:\/\/staging.uflex.it\/it\/wp-json\/wp\/v2\/product"}],"about":[{"href":"https:\/\/staging.uflex.it\/it\/wp-json\/wp\/v2\/types\/product"}],"replies":[{"embeddable":true,"href":"https:\/\/staging.uflex.it\/it\/wp-json\/wp\/v2\/comments?post=11343"}],"version-history":[{"count":0,"href":"https:\/\/staging.uflex.it\/it\/wp-json\/wp\/v2\/product\/11343\/revisions"}],"wp:featuredmedia":[{"embeddable":true,"href":"https:\/\/staging.uflex.it\/it\/wp-json\/wp\/v2\/media\/10284"}],"wp:attachment":[{"href":"https:\/\/staging.uflex.it\/it\/wp-json\/wp\/v2\/media?parent=11343"}],"wp:term":[{"taxonomy":"product_brand","embeddable":true,"href":"https:\/\/staging.uflex.it\/it\/wp-json\/wp\/v2\/product_brand?post=11343"},{"taxonomy":"product_cat","embeddable":true,"href":"https:\/\/staging.uflex.it\/it\/wp-json\/wp\/v2\/product_cat?post=11343"},{"taxonomy":"product_tag","embeddable":true,"href":"https:\/\/staging.uflex.it\/it\/wp-json\/wp\/v2\/product_tag?post=11343"},{"taxonomy":"product_filter","embeddable":true,"href":"https:\/\/staging.uflex.it\/it\/wp-json\/wp\/v2\/product_filter?post=11343"}],"curies":[{"name":"wp","href":"https:\/\/api.w.org\/{rel}","templated":true}]}}