{"id":11411,"date":"2024-04-24T14:19:20","date_gmt":"2024-04-24T12:19:20","guid":{"rendered":"https:\/\/uflex.it\/product\/vl-indicatore-di-velocita-mediante-gps-85-mm\/"},"modified":"2024-06-06T19:43:30","modified_gmt":"2024-06-06T17:43:30","slug":"vl-indicatore-di-velocita-mediante-gps-85-mm","status":"publish","type":"product","link":"https:\/\/staging.uflex.it\/it\/prodotto\/vl-indicatore-di-velocita-mediante-gps-85-mm\/","title":{"rendered":"VL INDICATORE DI VELOCIT\u00c0 MEDIANTE GPS 85 mm"},"content":{"rendered":"<h2><strong>VL INDICATORE DI VELOCIT\u00c0 MEDIANTE GPS &#8211; \u00d8 85 mm<\/strong><\/h2>\n<p>Questo strumento multifunzione con quadrante a segmenti \u00e8 adatto all\u2019uso anche su barche open. Utilizzando il corpo ViewLine, lo strumento completo offre un alto grado di protezione IP, un\u2019estetica moderna e alti standards di qualit\u00e0. Fornisce molti parametri in NMEA 2000\u00ae e molte opportunit\u00e0 di personalizzazione secondo le specifiche del cliente<\/p>\n<p>Gamma disponibile: 0-12 \/ 0-35 \/ 0-70 nodi<\/p>\n<p>\u2022 Antenna GPS integrata<br \/>\n\u2022 Opzione CAN (NMEA 2000)<br \/>\n\u2022 lancetta per indicazione analogica Speed over Ground (SOG)<br \/>\n\u2022 Allarme di velocit\u00e0 programmabile<br \/>\n\u2022 Display LC a segmenti fissi<br \/>\n\u2022 Possibilit\u00e0 di montaggio a incasso<br \/>\n\u2022 Protezione frontale classe IP67<br \/>\n\u2022 Bussola per Course over Ground (COG)<\/p>\n<p><strong>CONTENUTI NELL\u2019IMBALLO<\/strong><\/p>\n<p>Strumento GPS Speed, cavo GPS speed, ghiera rotonda, pulsanti per scelta tipo e configurazione, dado anti-svitamento, guarnizione di gomma, codice QR, istruzioni di sicurezza.<\/p>\n<p>&nbsp;<\/p>\n","protected":false},"excerpt":{"rendered":"<p>VL INDICATORE DI VELOCIT\u00c0 MEDIANTE GPS &#8211; \u00d8 85 mm Questo strumento multifunzione con quadrante a segmenti \u00e8 adatto all\u2019uso [&hellip;]<\/p>\n","protected":false},"featured_media":1635,"comment_status":"open","ping_status":"closed","template":"","meta":{"_acf_changed":false,"site-sidebar-layout":"default","site-content-layout":"","ast-site-content-layout":"default","site-content-style":"default","site-sidebar-style":"default","ast-global-header-display":"","ast-banner-title-visibility":"","ast-main-header-display":"","ast-hfb-above-header-display":"","ast-hfb-below-header-display":"","ast-hfb-mobile-header-display":"","site-post-title":"","ast-breadcrumbs-content":"","ast-featured-img":"","footer-sml-layout":"","ast-disable-related-posts":"","theme-transparent-header-meta":"","adv-header-id-meta":"","stick-header-meta":"","header-above-stick-meta":"","header-main-stick-meta":"","header-below-stick-meta":"","astra-migrate-meta-layouts":"default","ast-page-background-enabled":"default","ast-page-background-meta":{"desktop":{"background-color":"var(--ast-global-color-4)","background-image":"","background-repeat":"repeat","background-position":"center center","background-size":"auto","background-attachment":"scroll","background-type":"","background-media":"","overlay-type":"","overlay-color":"","overlay-opacity":"","overlay-gradient":""},"tablet":{"background-color":"","background-image":"","background-repeat":"repeat","background-position":"center center","background-size":"auto","background-attachment":"scroll","background-type":"","background-media":"","overlay-type":"","overlay-color":"","overlay-opacity":"","overlay-gradient":""},"mobile":{"background-color":"","background-image":"","background-repeat":"repeat","background-position":"center center","background-size":"auto","background-attachment":"scroll","background-type":"","background-media":"","overlay-type":"","overlay-color":"","overlay-opacity":"","overlay-gradient":""}},"ast-content-background-meta":{"desktop":{"background-color":"var(--ast-global-color-5)","background-image":"","background-repeat":"repeat","background-position":"center center","background-size":"auto","background-attachment":"scroll","background-type":"","background-media":"","overlay-type":"","overlay-color":"","overlay-opacity":"","overlay-gradient":""},"tablet":{"background-color":"var(--ast-global-color-5)","background-image":"","background-repeat":"repeat","background-position":"center center","background-size":"auto","background-attachment":"scroll","background-type":"","background-media":"","overlay-type":"","overlay-color":"","overlay-opacity":"","overlay-gradient":""},"mobile":{"background-color":"var(--ast-global-color-5)","background-image":"","background-repeat":"repeat","background-position":"center center","background-size":"auto","background-attachment":"scroll","background-type":"","background-media":"","overlay-type":"","overlay-color":"","overlay-opacity":"","overlay-gradient":""}}},"product_brand":[1590,2394],"product_cat":[1366,1352,1706],"product_tag":[],"product_filter":[],"class_list":{"0":"post-11411","1":"product","2":"type-product","3":"status-publish","4":"has-post-thumbnail","6":"product_brand-veratron-it","7":"product_brand-viewline-it","8":"product_cat-indicatori-rotondi","9":"product_cat-strumentazione-di-navigazione-monitoraggio-motore-elettronica-di-bordo","10":"product_cat-veratron-it","11":"desktop-align-center","12":"tablet-align-left","13":"mobile-align-left","15":"first","16":"instock","17":"shipping-taxable","18":"product-type-simple"},"acf":[],"_links":{"self":[{"href":"https:\/\/staging.uflex.it\/it\/wp-json\/wp\/v2\/product\/11411","targetHints":{"allow":["GET"]}}],"collection":[{"href":"https:\/\/staging.uflex.it\/it\/wp-json\/wp\/v2\/product"}],"about":[{"href":"https:\/\/staging.uflex.it\/it\/wp-json\/wp\/v2\/types\/product"}],"replies":[{"embeddable":true,"href":"https:\/\/staging.uflex.it\/it\/wp-json\/wp\/v2\/comments?post=11411"}],"version-history":[{"count":0,"href":"https:\/\/staging.uflex.it\/it\/wp-json\/wp\/v2\/product\/11411\/revisions"}],"wp:featuredmedia":[{"embeddable":true,"href":"https:\/\/staging.uflex.it\/it\/wp-json\/wp\/v2\/media\/1635"}],"wp:attachment":[{"href":"https:\/\/staging.uflex.it\/it\/wp-json\/wp\/v2\/media?parent=11411"}],"wp:term":[{"taxonomy":"product_brand","embeddable":true,"href":"https:\/\/staging.uflex.it\/it\/wp-json\/wp\/v2\/product_brand?post=11411"},{"taxonomy":"product_cat","embeddable":true,"href":"https:\/\/staging.uflex.it\/it\/wp-json\/wp\/v2\/product_cat?post=11411"},{"taxonomy":"product_tag","embeddable":true,"href":"https:\/\/staging.uflex.it\/it\/wp-json\/wp\/v2\/product_tag?post=11411"},{"taxonomy":"product_filter","embeddable":true,"href":"https:\/\/staging.uflex.it\/it\/wp-json\/wp\/v2\/product_filter?post=11411"}],"curies":[{"name":"wp","href":"https:\/\/api.w.org\/{rel}","templated":true}]}}