{"id":11518,"date":"2024-04-24T14:20:04","date_gmt":"2024-04-24T12:20:04","guid":{"rendered":"https:\/\/uflex.it\/product\/nav-sensor\/"},"modified":"2024-12-02T15:54:50","modified_gmt":"2024-12-02T14:54:50","slug":"nav-sensor","status":"publish","type":"product","link":"https:\/\/staging.uflex.it\/it\/prodotto\/nav-sensor\/","title":{"rendered":"NAV SENSOR"},"content":{"rendered":"<p><strong>NAV SENSOR<\/strong><\/p>\n<p>Il sensore multifunzionale Nav Sensor di AcquaLink\u00ae \u00e8 il top di tutti i sensori VDO. Il sensore inerziale integra il modulo ricevitore satellitare GPS incorporato per fornire letture accurate della velocit\u00e0 di navigazione, nonch\u00e8 del movimento della barca, indicandone in modo preciso il rollio, il beccheggio, la velocit\u00e0 di imbardata e l\u2019accelerazione laterale. Le letture della bussola possono essere visualizzate grazie alla bussola elettronica incorporata che inoltre permette le correzioni di rotta dell\u2019autopilota. I sensori barometrici e di temperatura dell\u2019aria sono i primi indicatori delle condizioni atmosferiche in arrivo<\/p>\n<p>\u2022 Connettore MicroC standard per NMEA 2000\u00ae<br \/>\n\u2022 Certificato NMEA 2000\u00ae<br \/>\n\u2022 Grado di protezione: IPX6<br \/>\n\u2022 Modulo GPS: posizione, orario, vettore di barche, qualit\u00e0 del segnale, satelliti<br \/>\n\u2022 Bussola: angolo di inclinazione +\/-40\u00b0, precisione &lt; 2\u00b0, allarmi (per cambio rapido di intensit\u00e0 di campo, eccedenza angolo di inclinazione, condizione sottotensione)<br \/>\n\u2022 Barometro<br \/>\n\u2022 Temperatura aria: -20\u00b0C \/ +65\u00b0C<br \/>\n\u2022 Temperatura di funzionamento -20\u00b0C \/ +70\u00b0C<\/p>\n","protected":false},"excerpt":{"rendered":"<p>NAV SENSOR Il sensore multifunzionale Nav Sensor di AcquaLink\u00ae \u00e8 il top di tutti i sensori VDO. Il sensore inerziale [&hellip;]<\/p>\n","protected":false},"featured_media":2154,"comment_status":"open","ping_status":"closed","template":"","meta":{"_acf_changed":false,"site-sidebar-layout":"default","site-content-layout":"","ast-site-content-layout":"default","site-content-style":"default","site-sidebar-style":"default","ast-global-header-display":"","ast-banner-title-visibility":"","ast-main-header-display":"","ast-hfb-above-header-display":"","ast-hfb-below-header-display":"","ast-hfb-mobile-header-display":"","site-post-title":"","ast-breadcrumbs-content":"","ast-featured-img":"","footer-sml-layout":"","ast-disable-related-posts":"","theme-transparent-header-meta":"","adv-header-id-meta":"","stick-header-meta":"","header-above-stick-meta":"","header-main-stick-meta":"","header-below-stick-meta":"","astra-migrate-meta-layouts":"set","ast-page-background-enabled":"default","ast-page-background-meta":{"desktop":{"background-color":"var(--ast-global-color-4)","background-image":"","background-repeat":"repeat","background-position":"center center","background-size":"auto","background-attachment":"scroll","background-type":"","background-media":"","overlay-type":"","overlay-color":"","overlay-opacity":"","overlay-gradient":""},"tablet":{"background-color":"","background-image":"","background-repeat":"repeat","background-position":"center center","background-size":"auto","background-attachment":"scroll","background-type":"","background-media":"","overlay-type":"","overlay-color":"","overlay-opacity":"","overlay-gradient":""},"mobile":{"background-color":"","background-image":"","background-repeat":"repeat","background-position":"center center","background-size":"auto","background-attachment":"scroll","background-type":"","background-media":"","overlay-type":"","overlay-color":"","overlay-opacity":"","overlay-gradient":""}},"ast-content-background-meta":{"desktop":{"background-color":"var(--ast-global-color-5)","background-image":"","background-repeat":"repeat","background-position":"center center","background-size":"auto","background-attachment":"scroll","background-type":"","background-media":"","overlay-type":"","overlay-color":"","overlay-opacity":"","overlay-gradient":""},"tablet":{"background-color":"var(--ast-global-color-5)","background-image":"","background-repeat":"repeat","background-position":"center center","background-size":"auto","background-attachment":"scroll","background-type":"","background-media":"","overlay-type":"","overlay-color":"","overlay-opacity":"","overlay-gradient":""},"mobile":{"background-color":"var(--ast-global-color-5)","background-image":"","background-repeat":"repeat","background-position":"center center","background-size":"auto","background-attachment":"scroll","background-type":"","background-media":"","overlay-type":"","overlay-color":"","overlay-opacity":"","overlay-gradient":""}}},"product_brand":[1590,2396],"product_cat":[1352,1706],"product_tag":[],"product_filter":[],"class_list":{"0":"post-11518","1":"product","2":"type-product","3":"status-publish","4":"has-post-thumbnail","6":"product_brand-veratron-it","7":"product_brand-oceanlink-it","8":"product_cat-strumentazione-di-navigazione-monitoraggio-motore-elettronica-di-bordo","9":"product_cat-veratron-it","10":"desktop-align-center","11":"tablet-align-left","12":"mobile-align-left","14":"first","15":"instock","16":"shipping-taxable","17":"product-type-simple"},"acf":[],"_links":{"self":[{"href":"https:\/\/staging.uflex.it\/it\/wp-json\/wp\/v2\/product\/11518","targetHints":{"allow":["GET"]}}],"collection":[{"href":"https:\/\/staging.uflex.it\/it\/wp-json\/wp\/v2\/product"}],"about":[{"href":"https:\/\/staging.uflex.it\/it\/wp-json\/wp\/v2\/types\/product"}],"replies":[{"embeddable":true,"href":"https:\/\/staging.uflex.it\/it\/wp-json\/wp\/v2\/comments?post=11518"}],"version-history":[{"count":0,"href":"https:\/\/staging.uflex.it\/it\/wp-json\/wp\/v2\/product\/11518\/revisions"}],"wp:featuredmedia":[{"embeddable":true,"href":"https:\/\/staging.uflex.it\/it\/wp-json\/wp\/v2\/media\/2154"}],"wp:attachment":[{"href":"https:\/\/staging.uflex.it\/it\/wp-json\/wp\/v2\/media?parent=11518"}],"wp:term":[{"taxonomy":"product_brand","embeddable":true,"href":"https:\/\/staging.uflex.it\/it\/wp-json\/wp\/v2\/product_brand?post=11518"},{"taxonomy":"product_cat","embeddable":true,"href":"https:\/\/staging.uflex.it\/it\/wp-json\/wp\/v2\/product_cat?post=11518"},{"taxonomy":"product_tag","embeddable":true,"href":"https:\/\/staging.uflex.it\/it\/wp-json\/wp\/v2\/product_tag?post=11518"},{"taxonomy":"product_filter","embeddable":true,"href":"https:\/\/staging.uflex.it\/it\/wp-json\/wp\/v2\/product_filter?post=11518"}],"curies":[{"name":"wp","href":"https:\/\/api.w.org\/{rel}","templated":true}]}}