{"id":11578,"date":"2024-04-24T14:20:26","date_gmt":"2024-04-24T12:20:26","guid":{"rendered":"https:\/\/uflex.it\/product\/wavestream-lloyds-approved-sistemi-di-filtraggio-acqua-di-sentina\/"},"modified":"2025-01-17T16:29:22","modified_gmt":"2025-01-17T15:29:22","slug":"wavestream-lloyds-approved-sistemi-di-filtraggio-acqua-di-sentina","status":"publish","type":"product","link":"https:\/\/staging.uflex.it\/it\/prodotto\/wavestream-lloyds-approved-sistemi-di-filtraggio-acqua-di-sentina\/","title":{"rendered":"WAVESTREAM\u2122 &#8211; LLOYDS APPROVED SISTEMI DI FILTRAGGIO ACQUA DI SENTINA"},"content":{"rendered":"<p><strong>WAVESTREAM\u2122 &#8211; LLOYDS APPROVED SISTEMI DI FILTRAGGIO ACQUA DI SENTINA<\/strong><\/p>\n<p>I filtri Wavestream si installano nel sistema tra le pompe di sentina e lo scarico a mare, e assicurano che solo acqua pulita, senza olii e altre sostanze inquinanti, sia scaricata in mare.<br \/>\nLe cartucce dei filtri devono essere sostituite ogni stagione, per assicurare una corretta manutenzione del sistema<br \/>\nApprovati Lloyds Register<\/p>\n<p><strong>WAVESTREAM MICRO<\/strong> &#8211; 65973 K<\/p>\n<p>Progettato per le sentine delle barche di piccolo cabotaggio, RIBs e piccole barche da diporto, \u00e8 utilizzato anche quando lo spazio disponibile \u00e8 ristretto. Il filtro MICRO \u00e8 facile da applicare nel sistema dell\u2019acqua di sentina usando raccordi da 3\/4\u201d BSP.<\/p>\n<p>\u2022 Portata: 1-40 litri\/minuto<br \/>\n\u2022 Pressione massima: 10 bar<br \/>\n\u2022 Temperatura massima: 40\u00b0C<br \/>\n\u2022 Temperatura minima: 1\u00b0C<br \/>\n\u2022 Raccordi: 3\/4\u201d BSP<br \/>\n\u2022 Cartuccia: WS-CM &#8211; 65977 U<\/p>\n<p><strong>WAVESTREAM 1000<\/strong> &#8211; 65974 M<\/p>\n<p>Il filtro Wavestream 1000 ha un filtro pi\u00f9 grande per rispondere alle esigenze di barche da diporto pi\u00f9 grandi fino a 20 m. La portata \u00e8 uguale al Micro di 40 litri\/minuto, ma si raddoppia il tempo di sostituzione della cartuccia del filtro<\/p>\n<p>\u2022 Portata: 1-40 litri\/minuto<br \/>\n\u2022 Pressione massima: 8 bar<br \/>\n\u2022 Temperatura massima: 40\u00b0C<br \/>\n\u2022 Temperatura minima: 1\u00b0C<br \/>\n\u2022 Raccordi: 3\/4\u201d BSP<br \/>\n\u2022 Cartuccia: WS-C1 &#8211; 65978 W<\/p>\n","protected":false},"excerpt":{"rendered":"<p>WAVESTREAM\u2122 &#8211; LLOYDS APPROVED SISTEMI DI FILTRAGGIO ACQUA DI SENTINA I filtri Wavestream si installano nel sistema tra le pompe [&hellip;]<\/p>\n","protected":false},"featured_media":2444,"comment_status":"closed","ping_status":"closed","template":"","meta":{"_acf_changed":false,"site-sidebar-layout":"default","site-content-layout":"","ast-site-content-layout":"default","site-content-style":"default","site-sidebar-style":"default","ast-global-header-display":"","ast-banner-title-visibility":"","ast-main-header-display":"","ast-hfb-above-header-display":"","ast-hfb-below-header-display":"","ast-hfb-mobile-header-display":"","site-post-title":"","ast-breadcrumbs-content":"","ast-featured-img":"","footer-sml-layout":"","ast-disable-related-posts":"","theme-transparent-header-meta":"default","adv-header-id-meta":"","stick-header-meta":"","header-above-stick-meta":"","header-main-stick-meta":"","header-below-stick-meta":"","astra-migrate-meta-layouts":"set","ast-page-background-enabled":"default","ast-page-background-meta":{"desktop":{"background-color":"var(--ast-global-color-4)","background-image":"","background-repeat":"repeat","background-position":"center center","background-size":"auto","background-attachment":"scroll","background-type":"","background-media":"","overlay-type":"","overlay-color":"","overlay-opacity":"","overlay-gradient":""},"tablet":{"background-color":"","background-image":"","background-repeat":"repeat","background-position":"center center","background-size":"auto","background-attachment":"scroll","background-type":"","background-media":"","overlay-type":"","overlay-color":"","overlay-opacity":"","overlay-gradient":""},"mobile":{"background-color":"","background-image":"","background-repeat":"repeat","background-position":"center center","background-size":"auto","background-attachment":"scroll","background-type":"","background-media":"","overlay-type":"","overlay-color":"","overlay-opacity":"","overlay-gradient":""}},"ast-content-background-meta":{"desktop":{"background-color":"var(--ast-global-color-5)","background-image":"","background-repeat":"repeat","background-position":"center center","background-size":"auto","background-attachment":"scroll","background-type":"","background-media":"","overlay-type":"","overlay-color":"","overlay-opacity":"","overlay-gradient":""},"tablet":{"background-color":"var(--ast-global-color-5)","background-image":"","background-repeat":"repeat","background-position":"center center","background-size":"auto","background-attachment":"scroll","background-type":"","background-media":"","overlay-type":"","overlay-color":"","overlay-opacity":"","overlay-gradient":""},"mobile":{"background-color":"var(--ast-global-color-5)","background-image":"","background-repeat":"repeat","background-position":"center center","background-size":"auto","background-attachment":"scroll","background-type":"","background-media":"","overlay-type":"","overlay-color":"","overlay-opacity":"","overlay-gradient":""}}},"product_brand":[1507],"product_cat":[1296,1299],"product_tag":[],"product_filter":[],"class_list":{"0":"post-11578","1":"product","2":"type-product","3":"status-publish","4":"has-post-thumbnail","6":"product_brand-pompe-di-sentina-e-filtri","7":"product_cat-idraulica-pompe-ventilazione","8":"product_cat-shurflo-idraulica-pompe-ventilazione","9":"desktop-align-center","10":"tablet-align-left","11":"mobile-align-left","13":"first","14":"instock","15":"shipping-taxable","16":"product-type-simple"},"acf":[],"_links":{"self":[{"href":"https:\/\/staging.uflex.it\/it\/wp-json\/wp\/v2\/product\/11578","targetHints":{"allow":["GET"]}}],"collection":[{"href":"https:\/\/staging.uflex.it\/it\/wp-json\/wp\/v2\/product"}],"about":[{"href":"https:\/\/staging.uflex.it\/it\/wp-json\/wp\/v2\/types\/product"}],"replies":[{"embeddable":true,"href":"https:\/\/staging.uflex.it\/it\/wp-json\/wp\/v2\/comments?post=11578"}],"version-history":[{"count":0,"href":"https:\/\/staging.uflex.it\/it\/wp-json\/wp\/v2\/product\/11578\/revisions"}],"wp:featuredmedia":[{"embeddable":true,"href":"https:\/\/staging.uflex.it\/it\/wp-json\/wp\/v2\/media\/2444"}],"wp:attachment":[{"href":"https:\/\/staging.uflex.it\/it\/wp-json\/wp\/v2\/media?parent=11578"}],"wp:term":[{"taxonomy":"product_brand","embeddable":true,"href":"https:\/\/staging.uflex.it\/it\/wp-json\/wp\/v2\/product_brand?post=11578"},{"taxonomy":"product_cat","embeddable":true,"href":"https:\/\/staging.uflex.it\/it\/wp-json\/wp\/v2\/product_cat?post=11578"},{"taxonomy":"product_tag","embeddable":true,"href":"https:\/\/staging.uflex.it\/it\/wp-json\/wp\/v2\/product_tag?post=11578"},{"taxonomy":"product_filter","embeddable":true,"href":"https:\/\/staging.uflex.it\/it\/wp-json\/wp\/v2\/product_filter?post=11578"}],"curies":[{"name":"wp","href":"https:\/\/api.w.org\/{rel}","templated":true}]}}