{"id":11606,"date":"2024-04-24T14:20:44","date_gmt":"2024-04-24T12:20:44","guid":{"rendered":"https:\/\/uflex.it\/product\/cavi-di-alimentazione-eel\/"},"modified":"2024-05-30T11:10:48","modified_gmt":"2024-05-30T09:10:48","slug":"cavi-di-alimentazione-eel","status":"publish","type":"product","link":"https:\/\/staging.uflex.it\/it\/prodotto\/cavi-di-alimentazione-eel\/","title":{"rendered":"CAVI DI ALIMENTAZIONE EEL"},"content":{"rendered":"<p><strong>CAVI DI ALIMENTAZIONE EEL<\/strong><\/p>\n<p><strong>MASSIMA POTENZA CON IL GESTO DI UNA MANO<\/strong><br \/>\nCavo di alimentazione da banchina EEL (Easily Engaged Lock) brevettato. Il design del sistema di collegamento consente di collegare\/sganciare con una mano il cavo dalla presa lato barca, inoltre la nuova giunzione impermeabile elimina la necessit\u00e0 dell\u2019anello di bloccaggio. La connessione EEL \u00e8 stata pensata per gli ambienti pi\u00f9 difficili ed \u00e8 approvata da UL. Incorporata nel cavo vi \u00e8 una luce che funziona con l\u2019ingresso di corrente ed ha lo scopo di avvisare quando il cavo rimane collegato. I cavi EEL si collegano alle prese Marinco esistenti.<\/p>\n<p><strong>TECNOLOGIA EEL BREVETTATA<\/strong><br \/>\nProgettati per l\u2019utilizzo con prese standard (NEMA)<br \/>\n\u2022 Funzionamento con una mano<br \/>\n\u2022 Nessun anello di tenuta richiesto<br \/>\n\u2022 La tecnologia brevettata del connettore garantisce sempre una tenuta impermeabile<\/p>\n<p><strong>CARATTERISTICHE E VANTAGGI<\/strong><br \/>\n\u2022 Luce incorporata nel cavo per una maggiore sicurezza &#8211; la spia di segnalazione indica se il cavo \u00e8 collegato e alimentato<br \/>\n\u2022 La spia di alimentazione a entrambe le estremit\u00e0 indica se la potenza totale \u00e8 passata attraverso il cavo<br \/>\n\u2022 Conforme agli standard UL<br \/>\n\u2022 Modelli da 50 Amp 125\/250V, lunghezze disponibili da 25\u2019, e 50\u2019 sia in bianco che in giallo<br \/>\n\u2022 La linea di prodotti EEL include connettori, adattatori dritti e a \u201cY\u201d<\/p>\n","protected":false},"excerpt":{"rendered":"<p>CAVI DI ALIMENTAZIONE EEL MASSIMA POTENZA CON IL GESTO DI UNA MANO Cavo di alimentazione da banchina EEL (Easily Engaged [&hellip;]<\/p>\n","protected":false},"featured_media":2620,"comment_status":"open","ping_status":"closed","template":"","meta":{"_acf_changed":false,"site-sidebar-layout":"default","site-content-layout":"","ast-site-content-layout":"default","site-content-style":"default","site-sidebar-style":"default","ast-global-header-display":"","ast-banner-title-visibility":"","ast-main-header-display":"","ast-hfb-above-header-display":"","ast-hfb-below-header-display":"","ast-hfb-mobile-header-display":"","site-post-title":"","ast-breadcrumbs-content":"","ast-featured-img":"","footer-sml-layout":"","ast-disable-related-posts":"","theme-transparent-header-meta":"","adv-header-id-meta":"","stick-header-meta":"","header-above-stick-meta":"","header-main-stick-meta":"","header-below-stick-meta":"","astra-migrate-meta-layouts":"default","ast-page-background-enabled":"default","ast-page-background-meta":{"desktop":{"background-color":"var(--ast-global-color-4)","background-image":"","background-repeat":"repeat","background-position":"center center","background-size":"auto","background-attachment":"scroll","background-type":"","background-media":"","overlay-type":"","overlay-color":"","overlay-opacity":"","overlay-gradient":""},"tablet":{"background-color":"","background-image":"","background-repeat":"repeat","background-position":"center center","background-size":"auto","background-attachment":"scroll","background-type":"","background-media":"","overlay-type":"","overlay-color":"","overlay-opacity":"","overlay-gradient":""},"mobile":{"background-color":"","background-image":"","background-repeat":"repeat","background-position":"center center","background-size":"auto","background-attachment":"scroll","background-type":"","background-media":"","overlay-type":"","overlay-color":"","overlay-opacity":"","overlay-gradient":""}},"ast-content-background-meta":{"desktop":{"background-color":"var(--ast-global-color-5)","background-image":"","background-repeat":"repeat","background-position":"center center","background-size":"auto","background-attachment":"scroll","background-type":"","background-media":"","overlay-type":"","overlay-color":"","overlay-opacity":"","overlay-gradient":""},"tablet":{"background-color":"var(--ast-global-color-5)","background-image":"","background-repeat":"repeat","background-position":"center center","background-size":"auto","background-attachment":"scroll","background-type":"","background-media":"","overlay-type":"","overlay-color":"","overlay-opacity":"","overlay-gradient":""},"mobile":{"background-color":"var(--ast-global-color-5)","background-image":"","background-repeat":"repeat","background-position":"center center","background-size":"auto","background-attachment":"scroll","background-type":"","background-media":"","overlay-type":"","overlay-color":"","overlay-opacity":"","overlay-gradient":""}}},"product_brand":[2378,1587],"product_cat":[1305,1308],"product_tag":[],"product_filter":[],"class_list":{"0":"post-11606","1":"product","2":"type-product","3":"status-publish","4":"has-post-thumbnail","6":"product_brand-alimentazione-da-banchina","7":"product_brand-marinco-it","8":"product_cat-alimentazione-da-banchina-componentistica-elettrica-fari-trombe-tergicristalli-rilevatori-gas-fumo","9":"product_cat-marinco-alimentazione-da-banchina-componentistica-elettrica-fari-trombe-tergicristalli-rilevatori-gas-fumo","10":"desktop-align-center","11":"tablet-align-left","12":"mobile-align-left","14":"first","15":"instock","16":"shipping-taxable","17":"product-type-simple"},"acf":[],"_links":{"self":[{"href":"https:\/\/staging.uflex.it\/it\/wp-json\/wp\/v2\/product\/11606","targetHints":{"allow":["GET"]}}],"collection":[{"href":"https:\/\/staging.uflex.it\/it\/wp-json\/wp\/v2\/product"}],"about":[{"href":"https:\/\/staging.uflex.it\/it\/wp-json\/wp\/v2\/types\/product"}],"replies":[{"embeddable":true,"href":"https:\/\/staging.uflex.it\/it\/wp-json\/wp\/v2\/comments?post=11606"}],"version-history":[{"count":0,"href":"https:\/\/staging.uflex.it\/it\/wp-json\/wp\/v2\/product\/11606\/revisions"}],"wp:featuredmedia":[{"embeddable":true,"href":"https:\/\/staging.uflex.it\/it\/wp-json\/wp\/v2\/media\/2620"}],"wp:attachment":[{"href":"https:\/\/staging.uflex.it\/it\/wp-json\/wp\/v2\/media?parent=11606"}],"wp:term":[{"taxonomy":"product_brand","embeddable":true,"href":"https:\/\/staging.uflex.it\/it\/wp-json\/wp\/v2\/product_brand?post=11606"},{"taxonomy":"product_cat","embeddable":true,"href":"https:\/\/staging.uflex.it\/it\/wp-json\/wp\/v2\/product_cat?post=11606"},{"taxonomy":"product_tag","embeddable":true,"href":"https:\/\/staging.uflex.it\/it\/wp-json\/wp\/v2\/product_tag?post=11606"},{"taxonomy":"product_filter","embeddable":true,"href":"https:\/\/staging.uflex.it\/it\/wp-json\/wp\/v2\/product_filter?post=11606"}],"curies":[{"name":"wp","href":"https:\/\/api.w.org\/{rel}","templated":true}]}}