{"id":11644,"date":"2024-04-24T14:21:04","date_gmt":"2024-04-24T12:21:04","guid":{"rendered":"https:\/\/uflex.it\/product\/pannelli-ed-interruttori-stagni-serie-csp6\/"},"modified":"2024-04-24T16:02:55","modified_gmt":"2024-04-24T14:02:55","slug":"pannelli-ed-interruttori-stagni-serie-csp6","status":"publish","type":"product","link":"https:\/\/staging.uflex.it\/it\/prodotto\/pannelli-ed-interruttori-stagni-serie-csp6\/","title":{"rendered":"PANNELLI ED INTERRUTTORI STAGNI SERIE CSP6"},"content":{"rendered":"<p>I pannelli della serie CSP6 sono disponibili in tre diverse versioni. Tutti i modelli sono retroilluminati.<br \/>\n<strong>CSP6<\/strong> con sei interruttori senza fusibili, per installazioni con fusibili separati.<br \/>\n<strong>CSP6-F<\/strong> con sei interruttori e tre porta fusibili in linea WAFH-14.<br \/>\n<strong>CSP6-PTC<\/strong> questo modello utilizza una protezione innovativa contro i sovraccarichi. I PTC sono fusibili resettabili allo stato solido sensibili alla variazione di temperatura: quando si presenta un\u2019anomalia il PTC modifica la sua resistenza fino ad un valore molto alto, interrompendo il circuito. Per resettare il fusibile \u00e8 necessario spegnere l\u2019utenza per 10 sec.; se il problema permane il PTC innalzer\u00e0 nuovamente il valore di resistenza, altrimenti permetter\u00e0 il passaggio di corrente. Questo pannello viene fornito con 6 fusibili resettabili da 9 Amp\u00e8re, montati internamente.<\/p>\n<p><strong>CARATTERISTICHE:<\/strong><\/p>\n<p>\u2022 Interruttori protetti da cappucci in neoprene d\u2019alta qualit\u00e0<br \/>\n\u2022 Etichette retroilluminate da LED verdi<br \/>\n\u2022 LED rossi per utenza ON<br \/>\n\u2022 Copertura mobile nasconde le viti e il drenaggio dell\u2019acqua<br \/>\n\u2022 Gli interruttori sono dimensionati a 20Amp DC<br \/>\n\u2022 Colore di serie grigio scuro<\/p>\n<p><strong>RICAMBI PER PANNELLI STAGNI<\/strong><\/p>\n<p>\u2022 WAFH-14 Portafusibile in linea stagno<br \/>\n\u2022 SW-M331 Cappuccio stagno<\/p>\n","protected":false},"excerpt":{"rendered":"<p>I pannelli della serie CSP6 sono disponibili in tre diverse versioni. Tutti i modelli sono retroilluminati. CSP6 con sei interruttori [&hellip;]<\/p>\n","protected":false},"featured_media":2840,"comment_status":"open","ping_status":"closed","template":"","meta":{"_acf_changed":false,"site-sidebar-layout":"default","site-content-layout":"","ast-site-content-layout":"default","site-content-style":"default","site-sidebar-style":"default","ast-global-header-display":"","ast-banner-title-visibility":"","ast-main-header-display":"","ast-hfb-above-header-display":"","ast-hfb-below-header-display":"","ast-hfb-mobile-header-display":"","site-post-title":"","ast-breadcrumbs-content":"","ast-featured-img":"","footer-sml-layout":"","ast-disable-related-posts":"","theme-transparent-header-meta":"","adv-header-id-meta":"","stick-header-meta":"","header-above-stick-meta":"","header-main-stick-meta":"","header-below-stick-meta":"","astra-migrate-meta-layouts":"default","ast-page-background-enabled":"default","ast-page-background-meta":{"desktop":{"background-color":"var(--ast-global-color-4)","background-image":"","background-repeat":"repeat","background-position":"center center","background-size":"auto","background-attachment":"scroll","background-type":"","background-media":"","overlay-type":"","overlay-color":"","overlay-opacity":"","overlay-gradient":""},"tablet":{"background-color":"","background-image":"","background-repeat":"repeat","background-position":"center center","background-size":"auto","background-attachment":"scroll","background-type":"","background-media":"","overlay-type":"","overlay-color":"","overlay-opacity":"","overlay-gradient":""},"mobile":{"background-color":"","background-image":"","background-repeat":"repeat","background-position":"center center","background-size":"auto","background-attachment":"scroll","background-type":"","background-media":"","overlay-type":"","overlay-color":"","overlay-opacity":"","overlay-gradient":""}},"ast-content-background-meta":{"desktop":{"background-color":"var(--ast-global-color-5)","background-image":"","background-repeat":"repeat","background-position":"center center","background-size":"auto","background-attachment":"scroll","background-type":"","background-media":"","overlay-type":"","overlay-color":"","overlay-opacity":"","overlay-gradient":""},"tablet":{"background-color":"var(--ast-global-color-5)","background-image":"","background-repeat":"repeat","background-position":"center center","background-size":"auto","background-attachment":"scroll","background-type":"","background-media":"","overlay-type":"","overlay-color":"","overlay-opacity":"","overlay-gradient":""},"mobile":{"background-color":"var(--ast-global-color-5)","background-image":"","background-repeat":"repeat","background-position":"center center","background-size":"auto","background-attachment":"scroll","background-type":"","background-media":"","overlay-type":"","overlay-color":"","overlay-opacity":"","overlay-gradient":""}}},"product_brand":[1437],"product_cat":[1305,1311],"product_tag":[],"product_filter":[],"class_list":{"0":"post-11644","1":"product","2":"type-product","3":"status-publish","4":"has-post-thumbnail","6":"product_brand-pannelli-di-controllo-ac-dc","7":"product_cat-alimentazione-da-banchina-componentistica-elettrica-fari-trombe-tergicristalli-rilevatori-gas-fumo","8":"product_cat-bep-alimentazione-da-banchina-componentistica-elettrica-fari-trombe-tergicristalli-rilevatori-gas-fumo","9":"desktop-align-center","10":"tablet-align-left","11":"mobile-align-left","13":"first","14":"instock","15":"shipping-taxable","16":"product-type-simple"},"acf":[],"_links":{"self":[{"href":"https:\/\/staging.uflex.it\/it\/wp-json\/wp\/v2\/product\/11644","targetHints":{"allow":["GET"]}}],"collection":[{"href":"https:\/\/staging.uflex.it\/it\/wp-json\/wp\/v2\/product"}],"about":[{"href":"https:\/\/staging.uflex.it\/it\/wp-json\/wp\/v2\/types\/product"}],"replies":[{"embeddable":true,"href":"https:\/\/staging.uflex.it\/it\/wp-json\/wp\/v2\/comments?post=11644"}],"version-history":[{"count":0,"href":"https:\/\/staging.uflex.it\/it\/wp-json\/wp\/v2\/product\/11644\/revisions"}],"wp:featuredmedia":[{"embeddable":true,"href":"https:\/\/staging.uflex.it\/it\/wp-json\/wp\/v2\/media\/2840"}],"wp:attachment":[{"href":"https:\/\/staging.uflex.it\/it\/wp-json\/wp\/v2\/media?parent=11644"}],"wp:term":[{"taxonomy":"product_brand","embeddable":true,"href":"https:\/\/staging.uflex.it\/it\/wp-json\/wp\/v2\/product_brand?post=11644"},{"taxonomy":"product_cat","embeddable":true,"href":"https:\/\/staging.uflex.it\/it\/wp-json\/wp\/v2\/product_cat?post=11644"},{"taxonomy":"product_tag","embeddable":true,"href":"https:\/\/staging.uflex.it\/it\/wp-json\/wp\/v2\/product_tag?post=11644"},{"taxonomy":"product_filter","embeddable":true,"href":"https:\/\/staging.uflex.it\/it\/wp-json\/wp\/v2\/product_filter?post=11644"}],"curies":[{"name":"wp","href":"https:\/\/api.w.org\/{rel}","templated":true}]}}