{"id":11666,"date":"2024-04-24T14:21:14","date_gmt":"2024-04-24T12:21:14","guid":{"rendered":"https:\/\/uflex.it\/product\/dual-battery-charging-voltage-sensing-switch-vss\/"},"modified":"2024-05-29T21:34:16","modified_gmt":"2024-05-29T19:34:16","slug":"dual-battery-charging-voltage-sensing-switch-vss","status":"publish","type":"product","link":"https:\/\/staging.uflex.it\/it\/prodotto\/dual-battery-charging-voltage-sensing-switch-vss\/","title":{"rendered":"DUAL BATTERY CHARGING VOLTAGE SENSING SWITCH (VSS)"},"content":{"rendered":"<p><strong>COMANDI A DISTANZA CON PARALLELO DI EMERGENZA<\/strong><\/p>\n<p>Gli switch VSS ad alta intensit\u00e0 di corrente utilizzano lo stesso funzionamento degli interruttori MD ed hanno delle caratteristiche che ne completano la gamma.<\/p>\n<p>\u2022 Rileva la tensione di 2 batterie<br \/>\n\u2022 Funzione di parallelatore a distanza in emergenza. Gli switch 701-MDVS e 720- MDVSO possono essere azionati mediante un pulsante momentaneo posto sul cruscotto che metter\u00e0 in parallelo le batterie per la durata di 10 minuti. Alla fine dei 10 minuti, se la tensione \u00e8 abbastanza alta da permettere al Voltage Sensitive Switch di operare, questo entrer\u00e0 in funzione, altrimenti si disinserir\u00e0.<br \/>\n\u2022 Sensibile al funzionamento del motore. VSS entra in funzione quando la tensione sia della batteria di avviamento che quella dei servizi raggiungeranno 13,7 Volts.<br \/>\n\u2022 Se la tensione combinata delle batterie scende al di sotto di 13,0 Volts e il motore non \u00e8 in funzione, dopo 5 secondi i contatti si apriranno e staranno aperti finch\u00e9 la tensione della batteria di avviamento o quella dei servizi superer\u00e0 13,7 Volts. Se la tensione combinata delle batterie scende al di sotto<br \/>\ndi 12,2 Volts e il motore \u00e8 in funzione, dopo 5 minuti i contatti si apriranno e staranno aperti finch\u00e9 la tensione della batteria di avviamento o quella dei servizi superer\u00e0 13,7 Volts. Se la tensione scende sotto i 13,0 Volts e sta sopra i 12,2 Volts sia nella batteria di avviamento che in quella dei servizi mentre il motore \u00e8 in moto, il VSS rester\u00e0 in funzione.<br \/>\n\u2022 Opzione di manual override<br \/>\n\u2022 Il VSS ad alta intensit\u00e0 permette di caricare 2 batterie e fare il parallelo di emergenza tramite pulsante<\/p>\n<p>&nbsp;<\/p>\n<p>Gli switch della serie VSS rilevano automaticamente il voltaggio dei banchi batterie collegati e gestiscono in modo ottimale la carica del secondo banco. I VSS consentono di combinare o isolare banchi batterie indipendenti a seconda della presenza di una sorgente di carica, ( alternatore o caricabattterie ), offrendo inoltre la funzione di parallelo di emergenza<\/p>\n<p>Gli switch sono antideflagranti, e possono essere montati a incasso o in superficie<\/p>\n<p><strong>Specifiche 720 \u2013 MDVSO<\/strong><\/p>\n<p>\u2022 Dual voltage 12\/24 V ( con stesso voltaggio dei due banchi batterie )<br \/>\n\u2022 Basso assorbimento &lt; 6 mA<br \/>\n\u2022 Basso voltaggio di Cut in ( 13.3 \/ 26.6 V )<\/p>\n<p><strong>Specifiche 80-701-0018-00 e 720-MDO-EP ( Emergency Parallel only )<\/strong><\/p>\n<p>\u2022 Attivazione parallelo di emergenza per 10 minuti<br \/>\n\u2022 Dual voltage 12\/24 V ( con stesso voltaggio dei due banchi batterie )<\/p>\n","protected":false},"excerpt":{"rendered":"<p>COMANDI A DISTANZA CON PARALLELO DI EMERGENZA Gli switch VSS ad alta intensit\u00e0 di corrente utilizzano lo stesso funzionamento degli [&hellip;]<\/p>\n","protected":false},"featured_media":2948,"comment_status":"open","ping_status":"closed","template":"","meta":{"_acf_changed":false,"site-sidebar-layout":"default","site-content-layout":"","ast-site-content-layout":"default","site-content-style":"default","site-sidebar-style":"default","ast-global-header-display":"","ast-banner-title-visibility":"","ast-main-header-display":"","ast-hfb-above-header-display":"","ast-hfb-below-header-display":"","ast-hfb-mobile-header-display":"","site-post-title":"","ast-breadcrumbs-content":"","ast-featured-img":"","footer-sml-layout":"","ast-disable-related-posts":"","theme-transparent-header-meta":"","adv-header-id-meta":"","stick-header-meta":"","header-above-stick-meta":"","header-main-stick-meta":"","header-below-stick-meta":"","astra-migrate-meta-layouts":"default","ast-page-background-enabled":"default","ast-page-background-meta":{"desktop":{"background-color":"var(--ast-global-color-4)","background-image":"","background-repeat":"repeat","background-position":"center center","background-size":"auto","background-attachment":"scroll","background-type":"","background-media":"","overlay-type":"","overlay-color":"","overlay-opacity":"","overlay-gradient":""},"tablet":{"background-color":"","background-image":"","background-repeat":"repeat","background-position":"center center","background-size":"auto","background-attachment":"scroll","background-type":"","background-media":"","overlay-type":"","overlay-color":"","overlay-opacity":"","overlay-gradient":""},"mobile":{"background-color":"","background-image":"","background-repeat":"repeat","background-position":"center center","background-size":"auto","background-attachment":"scroll","background-type":"","background-media":"","overlay-type":"","overlay-color":"","overlay-opacity":"","overlay-gradient":""}},"ast-content-background-meta":{"desktop":{"background-color":"var(--ast-global-color-5)","background-image":"","background-repeat":"repeat","background-position":"center center","background-size":"auto","background-attachment":"scroll","background-type":"","background-media":"","overlay-type":"","overlay-color":"","overlay-opacity":"","overlay-gradient":""},"tablet":{"background-color":"var(--ast-global-color-5)","background-image":"","background-repeat":"repeat","background-position":"center center","background-size":"auto","background-attachment":"scroll","background-type":"","background-media":"","overlay-type":"","overlay-color":"","overlay-opacity":"","overlay-gradient":""},"mobile":{"background-color":"var(--ast-global-color-5)","background-image":"","background-repeat":"repeat","background-position":"center center","background-size":"auto","background-attachment":"scroll","background-type":"","background-media":"","overlay-type":"","overlay-color":"","overlay-opacity":"","overlay-gradient":""}}},"product_brand":[1582],"product_cat":[1305,1311],"product_tag":[],"product_filter":[],"class_list":{"0":"post-11666","1":"product","2":"type-product","3":"status-publish","4":"has-post-thumbnail","6":"product_brand-battery-switches-it","7":"product_cat-alimentazione-da-banchina-componentistica-elettrica-fari-trombe-tergicristalli-rilevatori-gas-fumo","8":"product_cat-bep-alimentazione-da-banchina-componentistica-elettrica-fari-trombe-tergicristalli-rilevatori-gas-fumo","9":"desktop-align-center","10":"tablet-align-left","11":"mobile-align-left","13":"first","14":"instock","15":"shipping-taxable","16":"product-type-simple"},"acf":[],"_links":{"self":[{"href":"https:\/\/staging.uflex.it\/it\/wp-json\/wp\/v2\/product\/11666","targetHints":{"allow":["GET"]}}],"collection":[{"href":"https:\/\/staging.uflex.it\/it\/wp-json\/wp\/v2\/product"}],"about":[{"href":"https:\/\/staging.uflex.it\/it\/wp-json\/wp\/v2\/types\/product"}],"replies":[{"embeddable":true,"href":"https:\/\/staging.uflex.it\/it\/wp-json\/wp\/v2\/comments?post=11666"}],"version-history":[{"count":0,"href":"https:\/\/staging.uflex.it\/it\/wp-json\/wp\/v2\/product\/11666\/revisions"}],"wp:featuredmedia":[{"embeddable":true,"href":"https:\/\/staging.uflex.it\/it\/wp-json\/wp\/v2\/media\/2948"}],"wp:attachment":[{"href":"https:\/\/staging.uflex.it\/it\/wp-json\/wp\/v2\/media?parent=11666"}],"wp:term":[{"taxonomy":"product_brand","embeddable":true,"href":"https:\/\/staging.uflex.it\/it\/wp-json\/wp\/v2\/product_brand?post=11666"},{"taxonomy":"product_cat","embeddable":true,"href":"https:\/\/staging.uflex.it\/it\/wp-json\/wp\/v2\/product_cat?post=11666"},{"taxonomy":"product_tag","embeddable":true,"href":"https:\/\/staging.uflex.it\/it\/wp-json\/wp\/v2\/product_tag?post=11666"},{"taxonomy":"product_filter","embeddable":true,"href":"https:\/\/staging.uflex.it\/it\/wp-json\/wp\/v2\/product_filter?post=11666"}],"curies":[{"name":"wp","href":"https:\/\/api.w.org\/{rel}","templated":true}]}}