{"id":11698,"date":"2024-04-24T14:21:29","date_gmt":"2024-04-24T12:21:29","guid":{"rendered":"https:\/\/uflex.it\/product\/rilevatori-gas\/"},"modified":"2025-02-04T11:10:07","modified_gmt":"2025-02-04T10:10:07","slug":"rilevatori-gas","status":"publish","type":"product","link":"https:\/\/staging.uflex.it\/it\/prodotto\/rilevatori-gas\/","title":{"rendered":"RILEVATORI GAS"},"content":{"rendered":"<p><strong>RILEVATORI GAS<\/strong><\/p>\n<p>I rilevatori di gas BEP utilizzano un microprocessore di controllo per garantire una corretta sensibilit\u00e0. Sono dotati di allarmi acustici e visivi e di doppi sensori che hanno la capacit\u00e0 di rilevare i fumi di benzina e GPL<\/p>\n<p>\u2022 Doppio sensore per GPL e benzina<br \/>\n\u2022 Allarmi acustici e visivi, predisposizione per allarmi esterni<br \/>\n\u2022 Comando automatico di stacco solenoide tramite circuito di impulso e tenuta per un risparmio di corrente (solo 600-GDL)<br \/>\n\u2022 Autodiagnosi<br \/>\n\u2022 Attivazione del ventilatore di sentina<br \/>\n\u2022 Dimensioni 67 X 88 X 17 mm<\/p>\n<p><strong>600-GD<\/strong> &#8211; 68008 A<\/p>\n<p>Il modello 600-GD rileva i fumi di GPL, benzina e CNG. Viene fornito con un sensore, con l\u2019opzione per un secondo sensore (BL-SL-L) per attivare allarmi remoti e ventilatori. Il rilevatore 600-GD pu\u00f2 essere utilizzato con sistemi a 12 o 24V<\/p>\n<p><strong>600-GDL<\/strong> &#8211; 63597 X<\/p>\n<p>Stesse caratteristiche del 600-GD con la possibilit\u00e0 di attivare una valvola. Un circuito \u201cPulse &amp; Hold\u201d\u00e8 integrato nello strumento. Questo permette di attivare la valvola a 12V che rimane energizzata, riducendo il consumo e il calore.<\/p>\n<p><strong>600-GDRV<\/strong> &#8211; 20871 Y<\/p>\n<p>Il modello 600-GDRV ha il sensore montato frontalmente, realizzando un\u2019unit\u00e0 compatta stand alone. \u00c8 pensato per il montaggio sul punto pi\u00f9 basso dell\u2019imbarcazione<\/p>\n<p><strong>BL-SL-L<\/strong> &#8211; 64487 V<\/p>\n<p>Sensore rilevatore gas con cavo da 5 metri, fornito di serie con GD e GDL, il secondo sensore da ordinare separatamente<\/p>\n","protected":false},"excerpt":{"rendered":"<p>RILEVATORI GAS I rilevatori di gas BEP utilizzano un microprocessore di controllo per garantire una corretta sensibilit\u00e0. Sono dotati di [&hellip;]<\/p>\n","protected":false},"featured_media":3093,"comment_status":"closed","ping_status":"closed","template":"","meta":{"_acf_changed":false,"site-sidebar-layout":"default","site-content-layout":"","ast-site-content-layout":"default","site-content-style":"default","site-sidebar-style":"default","ast-global-header-display":"","ast-banner-title-visibility":"","ast-main-header-display":"","ast-hfb-above-header-display":"","ast-hfb-below-header-display":"","ast-hfb-mobile-header-display":"","site-post-title":"","ast-breadcrumbs-content":"","ast-featured-img":"","footer-sml-layout":"","ast-disable-related-posts":"","theme-transparent-header-meta":"default","adv-header-id-meta":"","stick-header-meta":"","header-above-stick-meta":"","header-main-stick-meta":"","header-below-stick-meta":"","astra-migrate-meta-layouts":"set","ast-page-background-enabled":"default","ast-page-background-meta":{"desktop":{"background-color":"var(--ast-global-color-4)","background-image":"","background-repeat":"repeat","background-position":"center center","background-size":"auto","background-attachment":"scroll","background-type":"","background-media":"","overlay-type":"","overlay-color":"","overlay-opacity":"","overlay-gradient":""},"tablet":{"background-color":"","background-image":"","background-repeat":"repeat","background-position":"center center","background-size":"auto","background-attachment":"scroll","background-type":"","background-media":"","overlay-type":"","overlay-color":"","overlay-opacity":"","overlay-gradient":""},"mobile":{"background-color":"","background-image":"","background-repeat":"repeat","background-position":"center center","background-size":"auto","background-attachment":"scroll","background-type":"","background-media":"","overlay-type":"","overlay-color":"","overlay-opacity":"","overlay-gradient":""}},"ast-content-background-meta":{"desktop":{"background-color":"var(--ast-global-color-5)","background-image":"","background-repeat":"repeat","background-position":"center center","background-size":"auto","background-attachment":"scroll","background-type":"","background-media":"","overlay-type":"","overlay-color":"","overlay-opacity":"","overlay-gradient":""},"tablet":{"background-color":"var(--ast-global-color-5)","background-image":"","background-repeat":"repeat","background-position":"center center","background-size":"auto","background-attachment":"scroll","background-type":"","background-media":"","overlay-type":"","overlay-color":"","overlay-opacity":"","overlay-gradient":""},"mobile":{"background-color":"var(--ast-global-color-5)","background-image":"","background-repeat":"repeat","background-position":"center center","background-size":"auto","background-attachment":"scroll","background-type":"","background-media":"","overlay-type":"","overlay-color":"","overlay-opacity":"","overlay-gradient":""}}},"product_brand":[1446],"product_cat":[2422,2428],"product_tag":[],"product_filter":[],"class_list":{"0":"post-11698","1":"product","2":"type-product","3":"status-publish","4":"has-post-thumbnail","6":"product_brand-monitoraggio","7":"product_cat-rilevatori-fumo","8":"product_cat-bep-gas-it","9":"desktop-align-center","10":"tablet-align-left","11":"mobile-align-left","13":"first","14":"instock","15":"shipping-taxable","16":"product-type-simple"},"acf":[],"_links":{"self":[{"href":"https:\/\/staging.uflex.it\/it\/wp-json\/wp\/v2\/product\/11698","targetHints":{"allow":["GET"]}}],"collection":[{"href":"https:\/\/staging.uflex.it\/it\/wp-json\/wp\/v2\/product"}],"about":[{"href":"https:\/\/staging.uflex.it\/it\/wp-json\/wp\/v2\/types\/product"}],"replies":[{"embeddable":true,"href":"https:\/\/staging.uflex.it\/it\/wp-json\/wp\/v2\/comments?post=11698"}],"version-history":[{"count":0,"href":"https:\/\/staging.uflex.it\/it\/wp-json\/wp\/v2\/product\/11698\/revisions"}],"wp:featuredmedia":[{"embeddable":true,"href":"https:\/\/staging.uflex.it\/it\/wp-json\/wp\/v2\/media\/3093"}],"wp:attachment":[{"href":"https:\/\/staging.uflex.it\/it\/wp-json\/wp\/v2\/media?parent=11698"}],"wp:term":[{"taxonomy":"product_brand","embeddable":true,"href":"https:\/\/staging.uflex.it\/it\/wp-json\/wp\/v2\/product_brand?post=11698"},{"taxonomy":"product_cat","embeddable":true,"href":"https:\/\/staging.uflex.it\/it\/wp-json\/wp\/v2\/product_cat?post=11698"},{"taxonomy":"product_tag","embeddable":true,"href":"https:\/\/staging.uflex.it\/it\/wp-json\/wp\/v2\/product_tag?post=11698"},{"taxonomy":"product_filter","embeddable":true,"href":"https:\/\/staging.uflex.it\/it\/wp-json\/wp\/v2\/product_filter?post=11698"}],"curies":[{"name":"wp","href":"https:\/\/api.w.org\/{rel}","templated":true}]}}