{"id":11708,"date":"2024-04-24T14:21:34","date_gmt":"2024-04-24T12:21:34","guid":{"rendered":"https:\/\/uflex.it\/product\/carica-batterie-serie-blue-smart-stagni-ip67\/"},"modified":"2024-06-06T12:11:15","modified_gmt":"2024-06-06T10:11:15","slug":"carica-batterie-serie-blue-smart-stagni-ip67","status":"publish","type":"product","link":"https:\/\/staging.uflex.it\/it\/prodotto\/carica-batterie-serie-blue-smart-stagni-ip67\/","title":{"rendered":"CARICA BATTERIE SERIE BLUE SMART: STAGNI IP67"},"content":{"rendered":"<p>\u2022 Alimentazione: 180-265 VAC<br \/>\n\u2022 Corpo completamente stagno. Questo modello \u00e8 protetto da danni derivanti da acqua, olio o impurit\u00e0. La custodia \u00e8 realizzata in alluminio fuso mentre tutta l\u2019elettronica \u00e8 stampata in resina<br \/>\n\u2022 Alta efficienza: con il 92% e oltre di efficienza, questi caricabatterie disperdono da tre a quattro volte meno calore.<br \/>\n\u2022 Algoritmo di carica adattativa a 4 stadi: bulk \u2013 absorption \u2013 float \u2013 storage. La carica delle batterie \u00e8 controllata da un microprocessore che ottimizza automaticamente il processo di carica in base al tipo di utilizzo che viene fatto della batteria.<br \/>\n\u2022 Comunicazione Bluetooth per monitoraggio da smartphone<\/p>\n<p>I modelli con suffisso (1+SI) sono dotati di una seconda uscita limitata in corrente, che viene sempre alimentata fino a quando sull\u2019ingresso sono presenti 180-265 Vac. Questa uscita pu\u00f2 essere utilizzata, ad esempio, per evitare che un veicolo si avvii prima che venga staccato il caricabatterie (funzione di interruzione avvio).<\/p>\n","protected":false},"excerpt":{"rendered":"<p>\u2022 Alimentazione: 180-265 VAC \u2022 Corpo completamente stagno. Questo modello \u00e8 protetto da danni derivanti da acqua, olio o impurit\u00e0. [&hellip;]<\/p>\n","protected":false},"featured_media":3212,"comment_status":"open","ping_status":"closed","template":"","meta":{"_acf_changed":false,"site-sidebar-layout":"default","site-content-layout":"","ast-site-content-layout":"default","site-content-style":"default","site-sidebar-style":"default","ast-global-header-display":"","ast-banner-title-visibility":"","ast-main-header-display":"","ast-hfb-above-header-display":"","ast-hfb-below-header-display":"","ast-hfb-mobile-header-display":"","site-post-title":"","ast-breadcrumbs-content":"","ast-featured-img":"","footer-sml-layout":"","ast-disable-related-posts":"","theme-transparent-header-meta":"","adv-header-id-meta":"","stick-header-meta":"","header-above-stick-meta":"","header-main-stick-meta":"","header-below-stick-meta":"","astra-migrate-meta-layouts":"default","ast-page-background-enabled":"default","ast-page-background-meta":{"desktop":{"background-color":"var(--ast-global-color-4)","background-image":"","background-repeat":"repeat","background-position":"center center","background-size":"auto","background-attachment":"scroll","background-type":"","background-media":"","overlay-type":"","overlay-color":"","overlay-opacity":"","overlay-gradient":""},"tablet":{"background-color":"","background-image":"","background-repeat":"repeat","background-position":"center center","background-size":"auto","background-attachment":"scroll","background-type":"","background-media":"","overlay-type":"","overlay-color":"","overlay-opacity":"","overlay-gradient":""},"mobile":{"background-color":"","background-image":"","background-repeat":"repeat","background-position":"center center","background-size":"auto","background-attachment":"scroll","background-type":"","background-media":"","overlay-type":"","overlay-color":"","overlay-opacity":"","overlay-gradient":""}},"ast-content-background-meta":{"desktop":{"background-color":"var(--ast-global-color-5)","background-image":"","background-repeat":"repeat","background-position":"center center","background-size":"auto","background-attachment":"scroll","background-type":"","background-media":"","overlay-type":"","overlay-color":"","overlay-opacity":"","overlay-gradient":""},"tablet":{"background-color":"var(--ast-global-color-5)","background-image":"","background-repeat":"repeat","background-position":"center center","background-size":"auto","background-attachment":"scroll","background-type":"","background-media":"","overlay-type":"","overlay-color":"","overlay-opacity":"","overlay-gradient":""},"mobile":{"background-color":"var(--ast-global-color-5)","background-image":"","background-repeat":"repeat","background-position":"center center","background-size":"auto","background-attachment":"scroll","background-type":"","background-media":"","overlay-type":"","overlay-color":"","overlay-opacity":"","overlay-gradient":""}}},"product_brand":[2365,2357],"product_cat":[1317,1326],"product_tag":[],"product_filter":[],"class_list":{"0":"post-11708","1":"product","2":"type-product","3":"status-publish","4":"has-post-thumbnail","6":"product_brand-caricabatterie-it","7":"product_brand-victron-energy-it","8":"product_cat-generazione-accumulo-gestione-elettrica-elettronica-di-potenza-a-bordo","9":"product_cat-victron-energy-generazione-accumulo-gestione-elettrica-elettronica-di-potenza-a-bordo","10":"desktop-align-center","11":"tablet-align-left","12":"mobile-align-left","14":"first","15":"instock","16":"shipping-taxable","17":"product-type-simple"},"acf":[],"_links":{"self":[{"href":"https:\/\/staging.uflex.it\/it\/wp-json\/wp\/v2\/product\/11708","targetHints":{"allow":["GET"]}}],"collection":[{"href":"https:\/\/staging.uflex.it\/it\/wp-json\/wp\/v2\/product"}],"about":[{"href":"https:\/\/staging.uflex.it\/it\/wp-json\/wp\/v2\/types\/product"}],"replies":[{"embeddable":true,"href":"https:\/\/staging.uflex.it\/it\/wp-json\/wp\/v2\/comments?post=11708"}],"version-history":[{"count":0,"href":"https:\/\/staging.uflex.it\/it\/wp-json\/wp\/v2\/product\/11708\/revisions"}],"wp:featuredmedia":[{"embeddable":true,"href":"https:\/\/staging.uflex.it\/it\/wp-json\/wp\/v2\/media\/3212"}],"wp:attachment":[{"href":"https:\/\/staging.uflex.it\/it\/wp-json\/wp\/v2\/media?parent=11708"}],"wp:term":[{"taxonomy":"product_brand","embeddable":true,"href":"https:\/\/staging.uflex.it\/it\/wp-json\/wp\/v2\/product_brand?post=11708"},{"taxonomy":"product_cat","embeddable":true,"href":"https:\/\/staging.uflex.it\/it\/wp-json\/wp\/v2\/product_cat?post=11708"},{"taxonomy":"product_tag","embeddable":true,"href":"https:\/\/staging.uflex.it\/it\/wp-json\/wp\/v2\/product_tag?post=11708"},{"taxonomy":"product_filter","embeddable":true,"href":"https:\/\/staging.uflex.it\/it\/wp-json\/wp\/v2\/product_filter?post=11708"}],"curies":[{"name":"wp","href":"https:\/\/api.w.org\/{rel}","templated":true}]}}