{"id":11716,"date":"2024-04-24T14:21:37","date_gmt":"2024-04-24T12:21:37","guid":{"rendered":"https:\/\/uflex.it\/product\/carica-batterie-skilla-ip65\/"},"modified":"2024-06-06T12:09:46","modified_gmt":"2024-06-06T10:09:46","slug":"carica-batterie-skilla-ip65","status":"publish","type":"product","link":"https:\/\/staging.uflex.it\/it\/prodotto\/carica-batterie-skilla-ip65\/","title":{"rendered":"CARICA BATTERIE SKILLA IP65"},"content":{"rendered":"<p><strong>Carica batterie a 2 o 3 uscite<\/strong><br \/>\n<strong>Skylla-IP65 (1+1)<\/strong>: due uscite per caricare 2 banchi batterie &#8211; Lo Skylla-IP65 (1+1) dispone di 2 uscite isolate. La seconda uscita, con un limite di circa 3A ed una tensione di uscita leggermente inferiore, \u00e8 predisposta per ricaricare una batteria di avviamento.<br \/>\n<strong>Skylla-IP65 (3)<\/strong>: tre uscite di corrente per caricare 3 banchi batterie &#8211; Lo Skylla-IP65 (3) dispone di 3 uscite isolate. Ogni uscita pu\u00f2 fornire la massima corrente di uscita nominale.<\/p>\n<p><strong>Protezione IP65<\/strong><br \/>\nLa copertura \u00e8 di acciaio ricoperto di polvere epossidica e a tenuta di spruzzi. Resiste agli ambienti pi\u00f9 difficili: calore, umidit\u00e0 e atmosfera salina. I circuiti elettronici sono protetti dalla corrosione con un rivestimento acrilico. I sensori per la temperatura assicurano che tutti i componenti operino in modo ottimale, se necessario attraverso una riduzione automatica della corrente in uscita in estreme condizioni ambientali.<\/p>\n<p><strong>Display LCD<\/strong><br \/>\nPer il controllo dello stato e per adattare facilmente l\u2019algoritmo di carica a una batteria specifica e alle sue condizioni di utilizzo.<\/p>\n<p><strong>Interfaccia CAN bus (NMEA2000)<\/strong><br \/>\nPer collegare una rete CAN bus a un pannello di Controllo Skylla-i o al display digitale Color Control.<\/p>\n<p><strong>Funzionamento sincronizzato in parallelo<\/strong><br \/>\nVari caricabatterie possono essere collegati in parallelo e sincronizzati con l\u2019aiuto dell&#8217;interfaccia CAN bus. Ci\u00f2 si ottiene mediante la semplice interconnessione dei caricabatterie con cavi RJ45 UTP.<\/p>\n<p><strong>La giusta quantit\u00e0 di carica per le batterie al piombo-acido: tempo di assorbimento variabile<\/strong><br \/>\nIn caso di scarica della batteria di ridotta entit\u00e0, la durata della fase di assorbimento viene limitata al fine di evitare il sovraccarico della batteria. Dopo una scarica profonda, invece, il tempo di assorbimento viene prolungato automaticamente al fine di caricare completamente la batteria.<\/p>\n<p><strong>Prevenzione dei danni provocati da una quantit\u00e0 eccessiva di gas: la modalit\u00e0 BatterySafe<\/strong><br \/>\nSe per abbreviare il tempo di carica si opta per una corrente di carica elevata e per una tensione di assorbimento superiore, lo Skylla-IP65 eviter\u00e0 i danni da gassificazione della batteria limitando automaticamente la velocit\u00e0 di aumento della tensione dopo il raggiungimento della tensione di gassificazione.<\/p>\n<p><strong>Minore manutenzione e invecchiamento quando la batteria non \u00e8 utilizzata: modalit\u00e0 di accumulo<\/strong><br \/>\nLa modalit\u00e0 di accumulo si attiva se la batteria non viene mai sollecitata per 24 ore. In tal caso, la tensione di mantenimento si abbassa fino a 2,2V\/cella (26,4V per una batteria da 24V). Cos\u00ec facendo, si limiter\u00e0 al minimo la formazione di gas e la corrosione delle piastre positive. La tensione viene riportata a livello &#8220;assorbimento&#8221; una volta alla settimana per &#8220;ristorare&#8221; la batteria. Questa funzione impedisce la stratificazione dell\u2019elettrolita e la solfatazione, cause principali dell\u2019invecchiamento prematuro delle batterie.<\/p>\n<p><strong>Compensazione della temperatura per aumentare la durata della batteria<\/strong><br \/>\nOgni Skylla-IP65 ha in dotazione un sensore di temperatura della batteria. Una volta collegato, la tensione di carica diminuisce automaticamente all&#8217;aumentare della temperatura della batteria. Ci\u00f2 \u00e8 particolarmente importante per le batterie piombo-acido sigillate e\/o quando si prevedono importanti fluttuazioni della temperatura delle batterie.<\/p>\n<p><strong>Rilevamento della tensione di batteria<\/strong><br \/>\nPer poter compensare le perdite di tensione dovute alla resistenza dei cavi, lo Skylla-IP65 \u00e8 dotato di una funzione di rilevamento della tensione che fa s\u00ec che la batteria riceva sempre la tensione di carica corretta.<\/p>\n<p><strong>Utilizzabile come fonte di alimentazione<\/strong><br \/>\nGrazie all\u2019eccellente circuito di controllo, lo Skylla-IP65 pu\u00f2 essere utilizzato come fonte di alimentazione con una perfetta stabilizzazione della tensione di uscita, se non sono disponibili batterie o grandi condensatori tampone.<\/p>\n<p><strong>Predisposizione Li-Ion (LiFePO4)<\/strong><br \/>\nUn semplice comando acceso\/spento pu\u00f2 essere implementato collegando un rel\u00e8 o l&#8217;uscita fotoaccoppiatore open collector di un BMS Li-Ion alla porta di telecomando del caricabatterie. In alternativa \u00e8 possibile ottenere il completo controllo della tensione e della corrente mediante la connessione alla porta CAN bus.<\/p>\n","protected":false},"excerpt":{"rendered":"<p>Carica batterie a 2 o 3 uscite Skylla-IP65 (1+1): due uscite per caricare 2 banchi batterie &#8211; Lo Skylla-IP65 (1+1) [&hellip;]<\/p>\n","protected":false},"featured_media":8056,"comment_status":"open","ping_status":"closed","template":"","meta":{"_acf_changed":false,"site-sidebar-layout":"default","site-content-layout":"","ast-site-content-layout":"default","site-content-style":"default","site-sidebar-style":"default","ast-global-header-display":"","ast-banner-title-visibility":"","ast-main-header-display":"","ast-hfb-above-header-display":"","ast-hfb-below-header-display":"","ast-hfb-mobile-header-display":"","site-post-title":"","ast-breadcrumbs-content":"","ast-featured-img":"","footer-sml-layout":"","ast-disable-related-posts":"","theme-transparent-header-meta":"","adv-header-id-meta":"","stick-header-meta":"","header-above-stick-meta":"","header-main-stick-meta":"","header-below-stick-meta":"","astra-migrate-meta-layouts":"default","ast-page-background-enabled":"default","ast-page-background-meta":{"desktop":{"background-color":"var(--ast-global-color-4)","background-image":"","background-repeat":"repeat","background-position":"center center","background-size":"auto","background-attachment":"scroll","background-type":"","background-media":"","overlay-type":"","overlay-color":"","overlay-opacity":"","overlay-gradient":""},"tablet":{"background-color":"","background-image":"","background-repeat":"repeat","background-position":"center center","background-size":"auto","background-attachment":"scroll","background-type":"","background-media":"","overlay-type":"","overlay-color":"","overlay-opacity":"","overlay-gradient":""},"mobile":{"background-color":"","background-image":"","background-repeat":"repeat","background-position":"center center","background-size":"auto","background-attachment":"scroll","background-type":"","background-media":"","overlay-type":"","overlay-color":"","overlay-opacity":"","overlay-gradient":""}},"ast-content-background-meta":{"desktop":{"background-color":"var(--ast-global-color-5)","background-image":"","background-repeat":"repeat","background-position":"center center","background-size":"auto","background-attachment":"scroll","background-type":"","background-media":"","overlay-type":"","overlay-color":"","overlay-opacity":"","overlay-gradient":""},"tablet":{"background-color":"var(--ast-global-color-5)","background-image":"","background-repeat":"repeat","background-position":"center center","background-size":"auto","background-attachment":"scroll","background-type":"","background-media":"","overlay-type":"","overlay-color":"","overlay-opacity":"","overlay-gradient":""},"mobile":{"background-color":"var(--ast-global-color-5)","background-image":"","background-repeat":"repeat","background-position":"center center","background-size":"auto","background-attachment":"scroll","background-type":"","background-media":"","overlay-type":"","overlay-color":"","overlay-opacity":"","overlay-gradient":""}}},"product_brand":[2365,2357],"product_cat":[1317,1326],"product_tag":[],"product_filter":[],"class_list":{"0":"post-11716","1":"product","2":"type-product","3":"status-publish","4":"has-post-thumbnail","6":"product_brand-caricabatterie-it","7":"product_brand-victron-energy-it","8":"product_cat-generazione-accumulo-gestione-elettrica-elettronica-di-potenza-a-bordo","9":"product_cat-victron-energy-generazione-accumulo-gestione-elettrica-elettronica-di-potenza-a-bordo","10":"desktop-align-center","11":"tablet-align-left","12":"mobile-align-left","14":"first","15":"instock","16":"shipping-taxable","17":"product-type-simple"},"acf":[],"_links":{"self":[{"href":"https:\/\/staging.uflex.it\/it\/wp-json\/wp\/v2\/product\/11716","targetHints":{"allow":["GET"]}}],"collection":[{"href":"https:\/\/staging.uflex.it\/it\/wp-json\/wp\/v2\/product"}],"about":[{"href":"https:\/\/staging.uflex.it\/it\/wp-json\/wp\/v2\/types\/product"}],"replies":[{"embeddable":true,"href":"https:\/\/staging.uflex.it\/it\/wp-json\/wp\/v2\/comments?post=11716"}],"version-history":[{"count":0,"href":"https:\/\/staging.uflex.it\/it\/wp-json\/wp\/v2\/product\/11716\/revisions"}],"wp:featuredmedia":[{"embeddable":true,"href":"https:\/\/staging.uflex.it\/it\/wp-json\/wp\/v2\/media\/8056"}],"wp:attachment":[{"href":"https:\/\/staging.uflex.it\/it\/wp-json\/wp\/v2\/media?parent=11716"}],"wp:term":[{"taxonomy":"product_brand","embeddable":true,"href":"https:\/\/staging.uflex.it\/it\/wp-json\/wp\/v2\/product_brand?post=11716"},{"taxonomy":"product_cat","embeddable":true,"href":"https:\/\/staging.uflex.it\/it\/wp-json\/wp\/v2\/product_cat?post=11716"},{"taxonomy":"product_tag","embeddable":true,"href":"https:\/\/staging.uflex.it\/it\/wp-json\/wp\/v2\/product_tag?post=11716"},{"taxonomy":"product_filter","embeddable":true,"href":"https:\/\/staging.uflex.it\/it\/wp-json\/wp\/v2\/product_filter?post=11716"}],"curies":[{"name":"wp","href":"https:\/\/api.w.org\/{rel}","templated":true}]}}