{"id":11722,"date":"2024-04-24T14:21:40","date_gmt":"2024-04-24T12:21:40","guid":{"rendered":"https:\/\/uflex.it\/product\/inverter-phoenix-smart-1600va-5000va\/"},"modified":"2024-04-24T16:03:00","modified_gmt":"2024-04-24T14:03:00","slug":"inverter-phoenix-smart-1600va-5000va","status":"publish","type":"product","link":"https:\/\/staging.uflex.it\/it\/prodotto\/inverter-phoenix-smart-1600va-5000va\/","title":{"rendered":"INVERTER PHOENIX SMART 1600VA &#8211; 5000VA"},"content":{"rendered":"<p>L\u2019inverter Phoenix Smart \u00e8 efficiente ed affidabile. Costruito nella piattaforma Phoenix Inverter, provata e testata sul campo, ora possiede un nuovo e pi\u00f9 sottile design e una custodia completamente in metallo. Sono disponibili i modelli da 1600VA, 2000 VA e 3000VA per sistemi da 12 \/ 24 Volt<\/p>\n<p>\u00c8 abbastanza potente da poter alimentare i vostri elettrodomestici per barca, RV o casa. Un trasformatore toroidale fornisce un\u2019alta capacit\u00e0 di aumento della potenza di picco, una tensione e una frequenza stabili e un\u2019onda sinusoidale di gran qualit\u00e0.<\/p>\n<p>L\u2019installazione \u00e8 pi\u00f9 semplice che mai, grazie ai morsetti pi\u00f9 accessibili per l\u2019installatore, che consentono una finitura pi\u00f9 professionale.<\/p>\n<p>Il Bluetooth \u00e8 integrato e rende pi\u00f9 semplice che mai la configurazione del vostro inverter ad alta potenza. Tramite VictronConnet potete configurare allarmi, rel\u00e8 di allarme, interruzioni di tensione, tensione di uscita, frequenza, modalit\u00e0 ECO e molto altro.<\/p>\n<p>Modalit\u00e0 ECO: Quando si trova in modalit\u00e0 ECO, l\u2019inverter passer\u00e0 a standby se il carico scende sotto un valore prestabilito. In standby, l\u2019inverter si attiver\u00e0 per un corto periodo di tempo ogni 2,5 secondi (regolabili). Se il carico supera il livello prestabilito, l\u2019inverter rimarr\u00e0 acceso.<\/p>\n<p>(1) potenza continua a 25\u00b0C<\/p>\n","protected":false},"excerpt":{"rendered":"<p>L\u2019inverter Phoenix Smart \u00e8 efficiente ed affidabile. Costruito nella piattaforma Phoenix Inverter, provata e testata sul campo, ora possiede un [&hellip;]<\/p>\n","protected":false},"featured_media":3257,"comment_status":"open","ping_status":"closed","template":"","meta":{"_acf_changed":false,"site-sidebar-layout":"default","site-content-layout":"","ast-site-content-layout":"default","site-content-style":"default","site-sidebar-style":"default","ast-global-header-display":"","ast-banner-title-visibility":"","ast-main-header-display":"","ast-hfb-above-header-display":"","ast-hfb-below-header-display":"","ast-hfb-mobile-header-display":"","site-post-title":"","ast-breadcrumbs-content":"","ast-featured-img":"","footer-sml-layout":"","ast-disable-related-posts":"","theme-transparent-header-meta":"","adv-header-id-meta":"","stick-header-meta":"","header-above-stick-meta":"","header-main-stick-meta":"","header-below-stick-meta":"","astra-migrate-meta-layouts":"default","ast-page-background-enabled":"default","ast-page-background-meta":{"desktop":{"background-color":"var(--ast-global-color-4)","background-image":"","background-repeat":"repeat","background-position":"center center","background-size":"auto","background-attachment":"scroll","background-type":"","background-media":"","overlay-type":"","overlay-color":"","overlay-opacity":"","overlay-gradient":""},"tablet":{"background-color":"","background-image":"","background-repeat":"repeat","background-position":"center center","background-size":"auto","background-attachment":"scroll","background-type":"","background-media":"","overlay-type":"","overlay-color":"","overlay-opacity":"","overlay-gradient":""},"mobile":{"background-color":"","background-image":"","background-repeat":"repeat","background-position":"center center","background-size":"auto","background-attachment":"scroll","background-type":"","background-media":"","overlay-type":"","overlay-color":"","overlay-opacity":"","overlay-gradient":""}},"ast-content-background-meta":{"desktop":{"background-color":"var(--ast-global-color-5)","background-image":"","background-repeat":"repeat","background-position":"center center","background-size":"auto","background-attachment":"scroll","background-type":"","background-media":"","overlay-type":"","overlay-color":"","overlay-opacity":"","overlay-gradient":""},"tablet":{"background-color":"var(--ast-global-color-5)","background-image":"","background-repeat":"repeat","background-position":"center center","background-size":"auto","background-attachment":"scroll","background-type":"","background-media":"","overlay-type":"","overlay-color":"","overlay-opacity":"","overlay-gradient":""},"mobile":{"background-color":"var(--ast-global-color-5)","background-image":"","background-repeat":"repeat","background-position":"center center","background-size":"auto","background-attachment":"scroll","background-type":"","background-media":"","overlay-type":"","overlay-color":"","overlay-opacity":"","overlay-gradient":""}}},"product_brand":[1565],"product_cat":[1317,1326],"product_tag":[],"product_filter":[],"class_list":{"0":"post-11722","1":"product","2":"type-product","3":"status-publish","4":"has-post-thumbnail","6":"product_brand-inverter-e-combinati","7":"product_cat-generazione-accumulo-gestione-elettrica-elettronica-di-potenza-a-bordo","8":"product_cat-victron-energy-generazione-accumulo-gestione-elettrica-elettronica-di-potenza-a-bordo","9":"desktop-align-center","10":"tablet-align-left","11":"mobile-align-left","13":"first","14":"instock","15":"shipping-taxable","16":"product-type-simple"},"acf":[],"_links":{"self":[{"href":"https:\/\/staging.uflex.it\/it\/wp-json\/wp\/v2\/product\/11722","targetHints":{"allow":["GET"]}}],"collection":[{"href":"https:\/\/staging.uflex.it\/it\/wp-json\/wp\/v2\/product"}],"about":[{"href":"https:\/\/staging.uflex.it\/it\/wp-json\/wp\/v2\/types\/product"}],"replies":[{"embeddable":true,"href":"https:\/\/staging.uflex.it\/it\/wp-json\/wp\/v2\/comments?post=11722"}],"version-history":[{"count":0,"href":"https:\/\/staging.uflex.it\/it\/wp-json\/wp\/v2\/product\/11722\/revisions"}],"wp:featuredmedia":[{"embeddable":true,"href":"https:\/\/staging.uflex.it\/it\/wp-json\/wp\/v2\/media\/3257"}],"wp:attachment":[{"href":"https:\/\/staging.uflex.it\/it\/wp-json\/wp\/v2\/media?parent=11722"}],"wp:term":[{"taxonomy":"product_brand","embeddable":true,"href":"https:\/\/staging.uflex.it\/it\/wp-json\/wp\/v2\/product_brand?post=11722"},{"taxonomy":"product_cat","embeddable":true,"href":"https:\/\/staging.uflex.it\/it\/wp-json\/wp\/v2\/product_cat?post=11722"},{"taxonomy":"product_tag","embeddable":true,"href":"https:\/\/staging.uflex.it\/it\/wp-json\/wp\/v2\/product_tag?post=11722"},{"taxonomy":"product_filter","embeddable":true,"href":"https:\/\/staging.uflex.it\/it\/wp-json\/wp\/v2\/product_filter?post=11722"}],"curies":[{"name":"wp","href":"https:\/\/api.w.org\/{rel}","templated":true}]}}