{"id":11726,"date":"2024-04-24T14:21:42","date_gmt":"2024-04-24T12:21:42","guid":{"rendered":"https:\/\/uflex.it\/product\/inverter-phoenix-1200va-5000va\/"},"modified":"2024-04-24T16:03:00","modified_gmt":"2024-04-24T14:03:00","slug":"inverter-phoenix-1200va-5000va","status":"publish","type":"product","link":"https:\/\/staging.uflex.it\/it\/prodotto\/inverter-phoenix-1200va-5000va\/","title":{"rendered":"INVERTER PHOENIX 1200VA \u2013 5000VA"},"content":{"rendered":"<p>Gli inverter Phoenix sono concepiti per un utilizzo professionale e sono adatti per le applicazioni pi\u00f9 diversificate.<br \/>\nParticolare della tecnologia SinusMax \u00e8 l\u2019alta potenza di picco per avviamenti. La tecnologia convenzionale delle alte frequenze non \u00e8 in grado di offrire una tale prestazione. Gli inverter Phoenix sono pertanto particolarmente indicati per tutti quegli apparecchi che richiedono un\u2019alta potenza di avvio come i compressori per sistemi frigoriferi, motori elettrici e apparecchi simili.<br \/>\nUna potenza praticamente illimitata grazie al collegamento in parallelo e alla configurazione trifase.<br \/>\n\u00c8 possibile collegare in parallelo fino a 6 unit\u00e0 per raggiungere una potenza in uscita pi\u00f9 alta. Per esempio, 6 Phoenix 24\/5000 possono fornire una potenza in uscita di 24KW \/ 30KVA. Gli inverter possono inoltre essere collegati in configurazione trifase.<br \/>\nCommutazione ad un\u2019altra sorgente di alimentazione in CA: il dispositivo di commutazione interamente Automatico.<br \/>\nSe si desidera la funzione di commutazione automatica, si consiglia di utilizzare il modello inverter\/caricabatteria MultiPlus. Il MultiPlus ha questo dispositivo di commutazione integrato ed \u00e8 possibile disattivare la funzione caricabatterie. I tempi di commutazione del MultiPlus sono talmente brevi<br \/>\n(circa 20 ms) che i computer e tutti gli altri apparecchi sensibili continuano a funzionare senza interruzioni.<br \/>\nConnessione al PC: Tutti i modelli sono equipaggiati con un porta seriale<br \/>\nRS-485. Per una corretta connessione al PC \u00e8 sufficiente il nostro interfaccia MK2 (vd. Accessori) che garantisce l\u2019isolamento galvanico tra l\u2019inverter e il computer e converte da RS-485 a RS-232.<\/p>\n<p><strong>Caratteristiche standard<\/strong><br \/>\nInvolucro in alluminio con trattamento epossidico, protezione antigocciolamento, protezione della scheda con vernice acrilica, ventilazione forzata con sensori di temperatura, protezione contro: cortocircuito sull\u2019uscita, sovraccarico, bassa tensione batteria, alta tensione batteria, inversione polarit\u00e0, tensione di ritorno su uscita, armoniche su alimentazione, alta temperatura. Relay multifunzione.<\/p>\n<p>(1) potenza continua a 25\u00b0C<br \/>\nTutti i modelli sono predisposti per installazione in parallelo (fino a sei unit\u00e0) e configurazione trifase<br \/>\nOPTIONAL: pannello di controllo Phonix CC Inverter &#8211; 65006E<br \/>\nDisponibili i modelli 3000\/5000 a 48V<\/p>\n","protected":false},"excerpt":{"rendered":"<p>Gli inverter Phoenix sono concepiti per un utilizzo professionale e sono adatti per le applicazioni pi\u00f9 diversificate. Particolare della tecnologia [&hellip;]<\/p>\n","protected":false},"featured_media":3262,"comment_status":"open","ping_status":"closed","template":"","meta":{"_acf_changed":false,"site-sidebar-layout":"default","site-content-layout":"","ast-site-content-layout":"default","site-content-style":"default","site-sidebar-style":"default","ast-global-header-display":"","ast-banner-title-visibility":"","ast-main-header-display":"","ast-hfb-above-header-display":"","ast-hfb-below-header-display":"","ast-hfb-mobile-header-display":"","site-post-title":"","ast-breadcrumbs-content":"","ast-featured-img":"","footer-sml-layout":"","ast-disable-related-posts":"","theme-transparent-header-meta":"","adv-header-id-meta":"","stick-header-meta":"","header-above-stick-meta":"","header-main-stick-meta":"","header-below-stick-meta":"","astra-migrate-meta-layouts":"default","ast-page-background-enabled":"default","ast-page-background-meta":{"desktop":{"background-color":"var(--ast-global-color-4)","background-image":"","background-repeat":"repeat","background-position":"center center","background-size":"auto","background-attachment":"scroll","background-type":"","background-media":"","overlay-type":"","overlay-color":"","overlay-opacity":"","overlay-gradient":""},"tablet":{"background-color":"","background-image":"","background-repeat":"repeat","background-position":"center center","background-size":"auto","background-attachment":"scroll","background-type":"","background-media":"","overlay-type":"","overlay-color":"","overlay-opacity":"","overlay-gradient":""},"mobile":{"background-color":"","background-image":"","background-repeat":"repeat","background-position":"center center","background-size":"auto","background-attachment":"scroll","background-type":"","background-media":"","overlay-type":"","overlay-color":"","overlay-opacity":"","overlay-gradient":""}},"ast-content-background-meta":{"desktop":{"background-color":"var(--ast-global-color-5)","background-image":"","background-repeat":"repeat","background-position":"center center","background-size":"auto","background-attachment":"scroll","background-type":"","background-media":"","overlay-type":"","overlay-color":"","overlay-opacity":"","overlay-gradient":""},"tablet":{"background-color":"var(--ast-global-color-5)","background-image":"","background-repeat":"repeat","background-position":"center center","background-size":"auto","background-attachment":"scroll","background-type":"","background-media":"","overlay-type":"","overlay-color":"","overlay-opacity":"","overlay-gradient":""},"mobile":{"background-color":"var(--ast-global-color-5)","background-image":"","background-repeat":"repeat","background-position":"center center","background-size":"auto","background-attachment":"scroll","background-type":"","background-media":"","overlay-type":"","overlay-color":"","overlay-opacity":"","overlay-gradient":""}}},"product_brand":[1565],"product_cat":[1317,1326],"product_tag":[],"product_filter":[],"class_list":{"0":"post-11726","1":"product","2":"type-product","3":"status-publish","4":"has-post-thumbnail","6":"product_brand-inverter-e-combinati","7":"product_cat-generazione-accumulo-gestione-elettrica-elettronica-di-potenza-a-bordo","8":"product_cat-victron-energy-generazione-accumulo-gestione-elettrica-elettronica-di-potenza-a-bordo","9":"desktop-align-center","10":"tablet-align-left","11":"mobile-align-left","13":"first","14":"instock","15":"shipping-taxable","16":"product-type-simple"},"acf":[],"_links":{"self":[{"href":"https:\/\/staging.uflex.it\/it\/wp-json\/wp\/v2\/product\/11726","targetHints":{"allow":["GET"]}}],"collection":[{"href":"https:\/\/staging.uflex.it\/it\/wp-json\/wp\/v2\/product"}],"about":[{"href":"https:\/\/staging.uflex.it\/it\/wp-json\/wp\/v2\/types\/product"}],"replies":[{"embeddable":true,"href":"https:\/\/staging.uflex.it\/it\/wp-json\/wp\/v2\/comments?post=11726"}],"version-history":[{"count":0,"href":"https:\/\/staging.uflex.it\/it\/wp-json\/wp\/v2\/product\/11726\/revisions"}],"wp:featuredmedia":[{"embeddable":true,"href":"https:\/\/staging.uflex.it\/it\/wp-json\/wp\/v2\/media\/3262"}],"wp:attachment":[{"href":"https:\/\/staging.uflex.it\/it\/wp-json\/wp\/v2\/media?parent=11726"}],"wp:term":[{"taxonomy":"product_brand","embeddable":true,"href":"https:\/\/staging.uflex.it\/it\/wp-json\/wp\/v2\/product_brand?post=11726"},{"taxonomy":"product_cat","embeddable":true,"href":"https:\/\/staging.uflex.it\/it\/wp-json\/wp\/v2\/product_cat?post=11726"},{"taxonomy":"product_tag","embeddable":true,"href":"https:\/\/staging.uflex.it\/it\/wp-json\/wp\/v2\/product_tag?post=11726"},{"taxonomy":"product_filter","embeddable":true,"href":"https:\/\/staging.uflex.it\/it\/wp-json\/wp\/v2\/product_filter?post=11726"}],"curies":[{"name":"wp","href":"https:\/\/api.w.org\/{rel}","templated":true}]}}