{"id":11728,"date":"2024-04-24T14:21:43","date_gmt":"2024-04-24T12:21:43","guid":{"rendered":"https:\/\/uflex.it\/product\/quattro-carica-batterie-inverter\/"},"modified":"2025-02-06T11:30:06","modified_gmt":"2025-02-06T10:30:06","slug":"quattro-carica-batterie-inverter","status":"publish","type":"product","link":"https:\/\/staging.uflex.it\/it\/prodotto\/quattro-carica-batterie-inverter\/","title":{"rendered":"QUATTRO &#8211; CARICA BATTERIE\/INVERTER"},"content":{"rendered":"<h1>QUATTRO &#8211; CARICA BATTERIE\/INVERTER<\/h1>\n<p><strong>Transfer Switch integrato<\/strong><br \/>\nIl Quattro pu\u00f2 essere collegato a due sorgenti AC indipendenti: mediante uno switch integrato, automaticamente si collega alla sorgente attiva.<\/p>\n<p><strong>Due uscite AC<\/strong><br \/>\nL\u2019uscita principale presenta la funzione di non discontinuit\u00e0: nel caso in cui la rete o l\u2019alimentazione della banchina o del generatore venga a mancare, il Quattro subentra nell\u2019alimentazione dei carichi attaccati senza discontinuit\u00e0. La seconda uscita \u00e8 viva solo quando \u00e8 disponibile una sorgente AC.<br \/>\nQuei carichi che potrebbero scaricare la batteria, come ad esempio il boiler, dovrebbero essere attaccati a questa uscita.<\/p>\n<p><strong>Alimentazione praticamente illimitata<\/strong><br \/>\nFino a 10 unit\u00e0 il Quattro pu\u00f2 funzionare in parallelo. Ad esempio 10 unit\u00e0 24\/5000\/120 forniranno una potenza di 40kW \/ 50kVA e una corrente di 1200 Amp.<\/p>\n<p><strong>Configurazione trifase<\/strong><br \/>\nTre unit\u00e0 possono essere configurate con uscita trifase e 6 sets di 3 unit\u00e0 possono essere connessi in parallelo fornendo una potenza di 75kW \/ 90kVA e una corrente di 2000 Amp.<\/p>\n<p><strong>Power Control<\/strong><br \/>\nPoich\u00e9 il Quattro \u00e8 un carica batterie molto potente, assorbir\u00e0 molta corrente dal generatore o dall\u2019alimentazione della banchina (16A ogni Quattro a 230VAC).<br \/>\nUn limite di corrente pu\u00f2 essere inserito per entrambe queste entrate AC.<br \/>\nIl Quattro terr\u00e0 quindi conto di altri carichi AC e user\u00e0 altre fonti disponibili per caricarsi, evitando il sovraccarico al generatore o all\u2019alimentazione da banchina.<\/p>\n<p><strong>Power Assist<\/strong><br \/>\nMolto spesso sono richiesti dei picchi per un limitato intervallo di tempo: il Quattro provvede a compensare l\u2019alimentazione insufficiente del generatore o della banchina traendo energia dalla batteria. Quando il carico si riduce, l\u2019energia in pi\u00f9 sar\u00e0 usata per ricaricare la batteria.<br \/>\nQuesta caratteristica risolve definitivamente i problemi d\u2019insufficiente alimentazione del generatore o della banchina: l\u2019aria condizionata, un\u2019apparecchiatura elettrica, la lavatrice, la lavastoviglie, una connessione di banchina di 16A, o anche meno, non saranno pi\u00f9 un limite.<\/p>\n","protected":false},"excerpt":{"rendered":"<p>QUATTRO &#8211; CARICA BATTERIE\/INVERTER Transfer Switch integrato Il Quattro pu\u00f2 essere collegato a due sorgenti AC indipendenti: mediante uno switch [&hellip;]<\/p>\n","protected":false},"featured_media":27986,"comment_status":"closed","ping_status":"closed","template":"","meta":{"_acf_changed":false,"site-sidebar-layout":"default","site-content-layout":"","ast-site-content-layout":"default","site-content-style":"default","site-sidebar-style":"default","ast-global-header-display":"","ast-banner-title-visibility":"","ast-main-header-display":"","ast-hfb-above-header-display":"","ast-hfb-below-header-display":"","ast-hfb-mobile-header-display":"","site-post-title":"","ast-breadcrumbs-content":"","ast-featured-img":"","footer-sml-layout":"","ast-disable-related-posts":"","theme-transparent-header-meta":"default","adv-header-id-meta":"","stick-header-meta":"","header-above-stick-meta":"","header-main-stick-meta":"","header-below-stick-meta":"","astra-migrate-meta-layouts":"set","ast-page-background-enabled":"default","ast-page-background-meta":{"desktop":{"background-color":"var(--ast-global-color-4)","background-image":"","background-repeat":"repeat","background-position":"center center","background-size":"auto","background-attachment":"scroll","background-type":"","background-media":"","overlay-type":"","overlay-color":"","overlay-opacity":"","overlay-gradient":""},"tablet":{"background-color":"","background-image":"","background-repeat":"repeat","background-position":"center center","background-size":"auto","background-attachment":"scroll","background-type":"","background-media":"","overlay-type":"","overlay-color":"","overlay-opacity":"","overlay-gradient":""},"mobile":{"background-color":"","background-image":"","background-repeat":"repeat","background-position":"center center","background-size":"auto","background-attachment":"scroll","background-type":"","background-media":"","overlay-type":"","overlay-color":"","overlay-opacity":"","overlay-gradient":""}},"ast-content-background-meta":{"desktop":{"background-color":"var(--ast-global-color-5)","background-image":"","background-repeat":"repeat","background-position":"center center","background-size":"auto","background-attachment":"scroll","background-type":"","background-media":"","overlay-type":"","overlay-color":"","overlay-opacity":"","overlay-gradient":""},"tablet":{"background-color":"var(--ast-global-color-5)","background-image":"","background-repeat":"repeat","background-position":"center center","background-size":"auto","background-attachment":"scroll","background-type":"","background-media":"","overlay-type":"","overlay-color":"","overlay-opacity":"","overlay-gradient":""},"mobile":{"background-color":"var(--ast-global-color-5)","background-image":"","background-repeat":"repeat","background-position":"center center","background-size":"auto","background-attachment":"scroll","background-type":"","background-media":"","overlay-type":"","overlay-color":"","overlay-opacity":"","overlay-gradient":""}}},"product_brand":[1565],"product_cat":[1317,1326],"product_tag":[],"product_filter":[],"class_list":{"0":"post-11728","1":"product","2":"type-product","3":"status-publish","4":"has-post-thumbnail","6":"product_brand-inverter-e-combinati","7":"product_cat-generazione-accumulo-gestione-elettrica-elettronica-di-potenza-a-bordo","8":"product_cat-victron-energy-generazione-accumulo-gestione-elettrica-elettronica-di-potenza-a-bordo","9":"desktop-align-center","10":"tablet-align-left","11":"mobile-align-left","13":"first","14":"instock","15":"shipping-taxable","16":"product-type-simple"},"acf":[],"_links":{"self":[{"href":"https:\/\/staging.uflex.it\/it\/wp-json\/wp\/v2\/product\/11728","targetHints":{"allow":["GET"]}}],"collection":[{"href":"https:\/\/staging.uflex.it\/it\/wp-json\/wp\/v2\/product"}],"about":[{"href":"https:\/\/staging.uflex.it\/it\/wp-json\/wp\/v2\/types\/product"}],"replies":[{"embeddable":true,"href":"https:\/\/staging.uflex.it\/it\/wp-json\/wp\/v2\/comments?post=11728"}],"version-history":[{"count":0,"href":"https:\/\/staging.uflex.it\/it\/wp-json\/wp\/v2\/product\/11728\/revisions"}],"wp:featuredmedia":[{"embeddable":true,"href":"https:\/\/staging.uflex.it\/it\/wp-json\/wp\/v2\/media\/27986"}],"wp:attachment":[{"href":"https:\/\/staging.uflex.it\/it\/wp-json\/wp\/v2\/media?parent=11728"}],"wp:term":[{"taxonomy":"product_brand","embeddable":true,"href":"https:\/\/staging.uflex.it\/it\/wp-json\/wp\/v2\/product_brand?post=11728"},{"taxonomy":"product_cat","embeddable":true,"href":"https:\/\/staging.uflex.it\/it\/wp-json\/wp\/v2\/product_cat?post=11728"},{"taxonomy":"product_tag","embeddable":true,"href":"https:\/\/staging.uflex.it\/it\/wp-json\/wp\/v2\/product_tag?post=11728"},{"taxonomy":"product_filter","embeddable":true,"href":"https:\/\/staging.uflex.it\/it\/wp-json\/wp\/v2\/product_filter?post=11728"}],"curies":[{"name":"wp","href":"https:\/\/api.w.org\/{rel}","templated":true}]}}