{"id":11730,"date":"2024-04-24T14:21:44","date_gmt":"2024-04-24T12:21:44","guid":{"rendered":"https:\/\/uflex.it\/product\/multiplus-carica-batterie-inverter\/"},"modified":"2024-04-24T16:03:00","modified_gmt":"2024-04-24T14:03:00","slug":"multiplus-carica-batterie-inverter","status":"publish","type":"product","link":"https:\/\/staging.uflex.it\/it\/prodotto\/multiplus-carica-batterie-inverter\/","title":{"rendered":"MULTIPLUS &#8211; CARICA BATTERIE\/INVERTER"},"content":{"rendered":"<p>Il nuovo modello di MultiPlus 500 \u2013 1600 VA \u00e8 stato pensato per sostituire la precedente gamma di MultiPlus Compact. \u00c8 un potente inverter ad onda sinusoidale pura, un caricabatterie sofisticato con tecnologia di ricarica adattiva e un interruttore di trasferimento CA ad alta velocit\u00e0, il tutto in un singolo alloggiamento compatto.<\/p>\n<p><strong>Modelli da 800VA \u2013 5kVA<\/strong><br \/>\nIl MultiPlus, come suggerisce il nome, \u00e8 un inverter e un caricabatterie combinato in un solo elegante pacchetto. Le sue molteplici funzionalit\u00e0 comprendono un inverter ad onda sinusoidale pura, carica adattiva, tecnologia PowerAssist ibrida oltre a varie caratteristiche di integrazione di sistema.<br \/>\nPotenza virtualmente illimitata grazie al funzionamento in parallelo. \u00c8 possibile far funzionare in parallelo fino a 6 unit\u00e0 Multi per ottenere una maggiore erogazione di potenza. Sei unit\u00e0 24\/5000\/120, ad esempio, forniranno 25kW \/ 30kVA di potenza in uscita e 720 Ampere di capacit\u00e0 di carica.<br \/>\nCapacit\u00e0 trifase. Oltre al collegamento in parallelo, tre unit\u00e0 dello stesso modello possono essere configurate per un&#8217;uscita trifase. Ma non \u00e8 tutto: possono essere collegati in parallelo fino a 6 set di tre unit\u00e0, per un enorme inverter da 75kW \/ 90kVA e pi\u00f9 di 2000A di capacit\u00e0 di carica.<\/p>\n<p>PowerAssist &#8211; Aumentare la capacit\u00e0 dell&#8217;alimentazione da banchina o da generatore. Questa caratteristica porta il principio del PowerControl a una dimensione successiva. Permette al MultiPlus di integrare la capacit\u00e0 della fonte alternativa. Quando la potenza di picco \u00e8 necessaria solo per un breve periodo di tempo, il MultiPlus si assicurer\u00e0 che un&#8217;insufficienza del generatore o della banchina sia immediatamente compensata dalla capacit\u00e0 della batteria. Quando il carico si riduce, l&#8217;alimentazione eccedente viene utilizzata per ricaricare la batteria.<\/p>\n<p>(1) potenza continua a 25\u00b0C. Disponibile Color Control GX &#8211; 68999W che offre la possibilit\u00e0 di monitorare e gestire le funzioni del sistema.<\/p>\n","protected":false},"excerpt":{"rendered":"<p>Il nuovo modello di MultiPlus 500 \u2013 1600 VA \u00e8 stato pensato per sostituire la precedente gamma di MultiPlus Compact. [&hellip;]<\/p>\n","protected":false},"featured_media":3272,"comment_status":"open","ping_status":"closed","template":"","meta":{"_acf_changed":false,"site-sidebar-layout":"default","site-content-layout":"","ast-site-content-layout":"default","site-content-style":"default","site-sidebar-style":"default","ast-global-header-display":"","ast-banner-title-visibility":"","ast-main-header-display":"","ast-hfb-above-header-display":"","ast-hfb-below-header-display":"","ast-hfb-mobile-header-display":"","site-post-title":"","ast-breadcrumbs-content":"","ast-featured-img":"","footer-sml-layout":"","ast-disable-related-posts":"","theme-transparent-header-meta":"","adv-header-id-meta":"","stick-header-meta":"","header-above-stick-meta":"","header-main-stick-meta":"","header-below-stick-meta":"","astra-migrate-meta-layouts":"default","ast-page-background-enabled":"default","ast-page-background-meta":{"desktop":{"background-color":"var(--ast-global-color-4)","background-image":"","background-repeat":"repeat","background-position":"center center","background-size":"auto","background-attachment":"scroll","background-type":"","background-media":"","overlay-type":"","overlay-color":"","overlay-opacity":"","overlay-gradient":""},"tablet":{"background-color":"","background-image":"","background-repeat":"repeat","background-position":"center center","background-size":"auto","background-attachment":"scroll","background-type":"","background-media":"","overlay-type":"","overlay-color":"","overlay-opacity":"","overlay-gradient":""},"mobile":{"background-color":"","background-image":"","background-repeat":"repeat","background-position":"center center","background-size":"auto","background-attachment":"scroll","background-type":"","background-media":"","overlay-type":"","overlay-color":"","overlay-opacity":"","overlay-gradient":""}},"ast-content-background-meta":{"desktop":{"background-color":"var(--ast-global-color-5)","background-image":"","background-repeat":"repeat","background-position":"center center","background-size":"auto","background-attachment":"scroll","background-type":"","background-media":"","overlay-type":"","overlay-color":"","overlay-opacity":"","overlay-gradient":""},"tablet":{"background-color":"var(--ast-global-color-5)","background-image":"","background-repeat":"repeat","background-position":"center center","background-size":"auto","background-attachment":"scroll","background-type":"","background-media":"","overlay-type":"","overlay-color":"","overlay-opacity":"","overlay-gradient":""},"mobile":{"background-color":"var(--ast-global-color-5)","background-image":"","background-repeat":"repeat","background-position":"center center","background-size":"auto","background-attachment":"scroll","background-type":"","background-media":"","overlay-type":"","overlay-color":"","overlay-opacity":"","overlay-gradient":""}}},"product_brand":[1565],"product_cat":[1317,1326],"product_tag":[],"product_filter":[],"class_list":{"0":"post-11730","1":"product","2":"type-product","3":"status-publish","4":"has-post-thumbnail","6":"product_brand-inverter-e-combinati","7":"product_cat-generazione-accumulo-gestione-elettrica-elettronica-di-potenza-a-bordo","8":"product_cat-victron-energy-generazione-accumulo-gestione-elettrica-elettronica-di-potenza-a-bordo","9":"desktop-align-center","10":"tablet-align-left","11":"mobile-align-left","13":"first","14":"instock","15":"shipping-taxable","16":"product-type-simple"},"acf":[],"_links":{"self":[{"href":"https:\/\/staging.uflex.it\/it\/wp-json\/wp\/v2\/product\/11730","targetHints":{"allow":["GET"]}}],"collection":[{"href":"https:\/\/staging.uflex.it\/it\/wp-json\/wp\/v2\/product"}],"about":[{"href":"https:\/\/staging.uflex.it\/it\/wp-json\/wp\/v2\/types\/product"}],"replies":[{"embeddable":true,"href":"https:\/\/staging.uflex.it\/it\/wp-json\/wp\/v2\/comments?post=11730"}],"version-history":[{"count":0,"href":"https:\/\/staging.uflex.it\/it\/wp-json\/wp\/v2\/product\/11730\/revisions"}],"wp:featuredmedia":[{"embeddable":true,"href":"https:\/\/staging.uflex.it\/it\/wp-json\/wp\/v2\/media\/3272"}],"wp:attachment":[{"href":"https:\/\/staging.uflex.it\/it\/wp-json\/wp\/v2\/media?parent=11730"}],"wp:term":[{"taxonomy":"product_brand","embeddable":true,"href":"https:\/\/staging.uflex.it\/it\/wp-json\/wp\/v2\/product_brand?post=11730"},{"taxonomy":"product_cat","embeddable":true,"href":"https:\/\/staging.uflex.it\/it\/wp-json\/wp\/v2\/product_cat?post=11730"},{"taxonomy":"product_tag","embeddable":true,"href":"https:\/\/staging.uflex.it\/it\/wp-json\/wp\/v2\/product_tag?post=11730"},{"taxonomy":"product_filter","embeddable":true,"href":"https:\/\/staging.uflex.it\/it\/wp-json\/wp\/v2\/product_filter?post=11730"}],"curies":[{"name":"wp","href":"https:\/\/api.w.org\/{rel}","templated":true}]}}