{"id":11732,"date":"2024-04-24T14:21:45","date_gmt":"2024-04-24T12:21:45","guid":{"rendered":"https:\/\/uflex.it\/product\/multiplus-ii-carica-batterie-inverter\/"},"modified":"2024-04-24T16:03:00","modified_gmt":"2024-04-24T14:03:00","slug":"multiplus-ii-carica-batterie-inverter","status":"publish","type":"product","link":"https:\/\/staging.uflex.it\/it\/prodotto\/multiplus-ii-carica-batterie-inverter\/","title":{"rendered":"MULTIPLUS-II &#8211; CARICA BATTERIE\/INVERTER"},"content":{"rendered":"<p>Il MultiPlus-II \u00e8 un inverter\/caricabatterie polivalente, con tutte le caratteristiche del MultiPlus, pi\u00f9 l\u2019opzione di un sensore esterno che amplia la funzione del PowerControl e del PowerAssist a 50 A e 100 A rispettivamente. Il MultiPlus-II \u00e8 ideale per le applicazioni fuori rete professionali per la navigazione, gli yacht, i veicoli e l\u2019agricoltura. Possiede anche una funzionalit\u00e0 anti isolamento integrata e una lista in costante aggiornamento di certificati di omologazione di vari Paesi per le applicazioni ESS. Sono possibili varie configurazioni del sistema.<\/p>\n<p><strong>PowerControl e PowerAssist &#8211; Aumentare la capacit\u00e0 da rete o da generatore<\/strong>: si pu\u00f2 impostare una corrente massima da rete o da generatore. Il MultiPlus-II prender\u00e0 quindi in considerazione altri carichi CA e utilizzer\u00e0 l&#8217;eccedente per la carica della batteria, evitando cos\u00ec il sovraccarico dell&#8217;alimentazione da generatore o dalla rete (funzione PowerControl). Il PowerAssist porta il principio del PowerControl a una dimensione successiva. Quando si richiede spesso una potenza massima, ma solo per brevi periodi di tempo, il MultiPlus-II compensa la carenza di alimentazione da generatore, da banchina o da rete con l&#8217;alimentazione dalla batteria. Quando il carico si riduce, l&#8217;alimentazione eccedente viene utilizzata per ricaricare la batteria.<br \/>\n<strong>Due uscite CA<\/strong>: l&#8217;uscita principale dispone di un sistema no break. Il MultiPlus-II alimenta i carichi collegati in caso di errore nella rete, o quando l&#8217;alimentazione generatore\/banchina \u00e8 scollegata. Questo avviene in un modo cos\u00ec rapido (meno di 20 millisecondi) che i computer e le altre apparecchiature elettroniche continuano a funzionare senza interruzioni.<br \/>\nLa seconda uscita \u00e8 attiva solo quando la CA \u00e8 disponibile nell\u2019entrata del MultiPlus-II. A questa uscita di possono collegare carichi che non scaricano la batteria, come, ad esempio, un boiler per l&#8217;acqua.<br \/>\n<strong>Sistema di configurazione, monitoraggio e controllo in loco<\/strong>: grazie al software VEConfigure, le impostazioni si possono cambiare in pochi minuti (sono necessari un computer o un portatile e un\u2019interfaccia MK3-USB).<br \/>\n<strong>Configurazione e monitoraggio remoti<\/strong>: installare un Color Control GX o un altro prodotto GX per collegarsi ad Internet.<br \/>\nI dati operativi possono essere salvati e visualizzati gratuitamente sul nostro sito VRM (Victron Remote Management). Quando sono collegati a Internet, si pu\u00f2 accedere remotamente ai sistemi e cambiare le impostazioni.<\/p>\n<p>Disponibili anche i modelli con ingresso a 48V<\/p>\n<p>&nbsp;<\/p>\n","protected":false},"excerpt":{"rendered":"<p>Il MultiPlus-II \u00e8 un inverter\/caricabatterie polivalente, con tutte le caratteristiche del MultiPlus, pi\u00f9 l\u2019opzione di un sensore esterno che amplia [&hellip;]<\/p>\n","protected":false},"featured_media":8061,"comment_status":"open","ping_status":"closed","template":"","meta":{"_acf_changed":false,"site-sidebar-layout":"default","site-content-layout":"","ast-site-content-layout":"default","site-content-style":"default","site-sidebar-style":"default","ast-global-header-display":"","ast-banner-title-visibility":"","ast-main-header-display":"","ast-hfb-above-header-display":"","ast-hfb-below-header-display":"","ast-hfb-mobile-header-display":"","site-post-title":"","ast-breadcrumbs-content":"","ast-featured-img":"","footer-sml-layout":"","ast-disable-related-posts":"","theme-transparent-header-meta":"","adv-header-id-meta":"","stick-header-meta":"","header-above-stick-meta":"","header-main-stick-meta":"","header-below-stick-meta":"","astra-migrate-meta-layouts":"default","ast-page-background-enabled":"default","ast-page-background-meta":{"desktop":{"background-color":"var(--ast-global-color-4)","background-image":"","background-repeat":"repeat","background-position":"center center","background-size":"auto","background-attachment":"scroll","background-type":"","background-media":"","overlay-type":"","overlay-color":"","overlay-opacity":"","overlay-gradient":""},"tablet":{"background-color":"","background-image":"","background-repeat":"repeat","background-position":"center center","background-size":"auto","background-attachment":"scroll","background-type":"","background-media":"","overlay-type":"","overlay-color":"","overlay-opacity":"","overlay-gradient":""},"mobile":{"background-color":"","background-image":"","background-repeat":"repeat","background-position":"center center","background-size":"auto","background-attachment":"scroll","background-type":"","background-media":"","overlay-type":"","overlay-color":"","overlay-opacity":"","overlay-gradient":""}},"ast-content-background-meta":{"desktop":{"background-color":"var(--ast-global-color-5)","background-image":"","background-repeat":"repeat","background-position":"center center","background-size":"auto","background-attachment":"scroll","background-type":"","background-media":"","overlay-type":"","overlay-color":"","overlay-opacity":"","overlay-gradient":""},"tablet":{"background-color":"var(--ast-global-color-5)","background-image":"","background-repeat":"repeat","background-position":"center center","background-size":"auto","background-attachment":"scroll","background-type":"","background-media":"","overlay-type":"","overlay-color":"","overlay-opacity":"","overlay-gradient":""},"mobile":{"background-color":"var(--ast-global-color-5)","background-image":"","background-repeat":"repeat","background-position":"center center","background-size":"auto","background-attachment":"scroll","background-type":"","background-media":"","overlay-type":"","overlay-color":"","overlay-opacity":"","overlay-gradient":""}}},"product_brand":[1565],"product_cat":[1317,1326],"product_tag":[],"product_filter":[],"class_list":{"0":"post-11732","1":"product","2":"type-product","3":"status-publish","4":"has-post-thumbnail","6":"product_brand-inverter-e-combinati","7":"product_cat-generazione-accumulo-gestione-elettrica-elettronica-di-potenza-a-bordo","8":"product_cat-victron-energy-generazione-accumulo-gestione-elettrica-elettronica-di-potenza-a-bordo","9":"desktop-align-center","10":"tablet-align-left","11":"mobile-align-left","13":"first","14":"instock","15":"shipping-taxable","16":"product-type-simple"},"acf":[],"_links":{"self":[{"href":"https:\/\/staging.uflex.it\/it\/wp-json\/wp\/v2\/product\/11732","targetHints":{"allow":["GET"]}}],"collection":[{"href":"https:\/\/staging.uflex.it\/it\/wp-json\/wp\/v2\/product"}],"about":[{"href":"https:\/\/staging.uflex.it\/it\/wp-json\/wp\/v2\/types\/product"}],"replies":[{"embeddable":true,"href":"https:\/\/staging.uflex.it\/it\/wp-json\/wp\/v2\/comments?post=11732"}],"version-history":[{"count":0,"href":"https:\/\/staging.uflex.it\/it\/wp-json\/wp\/v2\/product\/11732\/revisions"}],"wp:featuredmedia":[{"embeddable":true,"href":"https:\/\/staging.uflex.it\/it\/wp-json\/wp\/v2\/media\/8061"}],"wp:attachment":[{"href":"https:\/\/staging.uflex.it\/it\/wp-json\/wp\/v2\/media?parent=11732"}],"wp:term":[{"taxonomy":"product_brand","embeddable":true,"href":"https:\/\/staging.uflex.it\/it\/wp-json\/wp\/v2\/product_brand?post=11732"},{"taxonomy":"product_cat","embeddable":true,"href":"https:\/\/staging.uflex.it\/it\/wp-json\/wp\/v2\/product_cat?post=11732"},{"taxonomy":"product_tag","embeddable":true,"href":"https:\/\/staging.uflex.it\/it\/wp-json\/wp\/v2\/product_tag?post=11732"},{"taxonomy":"product_filter","embeddable":true,"href":"https:\/\/staging.uflex.it\/it\/wp-json\/wp\/v2\/product_filter?post=11732"}],"curies":[{"name":"wp","href":"https:\/\/api.w.org\/{rel}","templated":true}]}}