{"id":11742,"date":"2024-04-24T14:21:49","date_gmt":"2024-04-24T12:21:49","guid":{"rendered":"https:\/\/uflex.it\/product\/convertitori-dc-dc-serie-orion-tr-smart-isolati\/"},"modified":"2024-06-05T20:16:58","modified_gmt":"2024-06-05T18:16:58","slug":"convertitori-dc-dc-serie-orion-tr-smart-isolati","status":"publish","type":"product","link":"https:\/\/staging.uflex.it\/it\/prodotto\/convertitori-dc-dc-serie-orion-tr-smart-isolati\/","title":{"rendered":"CONVERTITORI DC-DC SERIE ORION-TR SMART ISOLATI"},"content":{"rendered":"<p>I converter\/caricabatterie Orion-Tr Smart CC-CC sono caricabatterie professionali CC a CC adattivi a tre fasi con Bluetooth integrato.<\/p>\n<p>Da utilizzare in sistemi di batterie doppie o in barche in cui l\u2019alternatore (intelligente) e la batteria di avviamento sono utilizzati per caricare la batteria di servizio. L\u2019unit\u00e0 pu\u00f2 essere monitorata e programmata tramite Bluetooth, pu\u00f2 essere controllata tramite interruttore on\/ off remoto e possiede un meccanismo di rilevamento del funzionamento del motore.<\/p>\n<p>Il caricabatterie Orion-Tr Smart si pu\u00f2 utilizzare in sistemi a 12V o 24V ed \u00e8 compatibile sia con batterie piombo-acido che al litio. Sono disponibili modelli fino a 400W e si possono collegare in parallelo unit\u00e0 multiple, per aumentare la potenza di uscita.<\/p>\n<p>Compatibile con temperature fino a 55\u00b0C con un\u2019uscita massima nominale fino a 40\u00b0C.<\/p>\n","protected":false},"excerpt":{"rendered":"<p>I converter\/caricabatterie Orion-Tr Smart CC-CC sono caricabatterie professionali CC a CC adattivi a tre fasi con Bluetooth integrato. Da utilizzare [&hellip;]<\/p>\n","protected":false},"featured_media":3295,"comment_status":"open","ping_status":"closed","template":"","meta":{"_acf_changed":false,"site-sidebar-layout":"default","site-content-layout":"","ast-site-content-layout":"default","site-content-style":"default","site-sidebar-style":"default","ast-global-header-display":"","ast-banner-title-visibility":"","ast-main-header-display":"","ast-hfb-above-header-display":"","ast-hfb-below-header-display":"","ast-hfb-mobile-header-display":"","site-post-title":"","ast-breadcrumbs-content":"","ast-featured-img":"","footer-sml-layout":"","ast-disable-related-posts":"","theme-transparent-header-meta":"","adv-header-id-meta":"","stick-header-meta":"","header-above-stick-meta":"","header-main-stick-meta":"","header-below-stick-meta":"","astra-migrate-meta-layouts":"default","ast-page-background-enabled":"default","ast-page-background-meta":{"desktop":{"background-color":"var(--ast-global-color-4)","background-image":"","background-repeat":"repeat","background-position":"center center","background-size":"auto","background-attachment":"scroll","background-type":"","background-media":"","overlay-type":"","overlay-color":"","overlay-opacity":"","overlay-gradient":""},"tablet":{"background-color":"","background-image":"","background-repeat":"repeat","background-position":"center center","background-size":"auto","background-attachment":"scroll","background-type":"","background-media":"","overlay-type":"","overlay-color":"","overlay-opacity":"","overlay-gradient":""},"mobile":{"background-color":"","background-image":"","background-repeat":"repeat","background-position":"center center","background-size":"auto","background-attachment":"scroll","background-type":"","background-media":"","overlay-type":"","overlay-color":"","overlay-opacity":"","overlay-gradient":""}},"ast-content-background-meta":{"desktop":{"background-color":"var(--ast-global-color-5)","background-image":"","background-repeat":"repeat","background-position":"center center","background-size":"auto","background-attachment":"scroll","background-type":"","background-media":"","overlay-type":"","overlay-color":"","overlay-opacity":"","overlay-gradient":""},"tablet":{"background-color":"var(--ast-global-color-5)","background-image":"","background-repeat":"repeat","background-position":"center center","background-size":"auto","background-attachment":"scroll","background-type":"","background-media":"","overlay-type":"","overlay-color":"","overlay-opacity":"","overlay-gradient":""},"mobile":{"background-color":"var(--ast-global-color-5)","background-image":"","background-repeat":"repeat","background-position":"center center","background-size":"auto","background-attachment":"scroll","background-type":"","background-media":"","overlay-type":"","overlay-color":"","overlay-opacity":"","overlay-gradient":""}}},"product_brand":[1568,2357],"product_cat":[1317,1326],"product_tag":[],"product_filter":[],"class_list":{"0":"post-11742","1":"product","2":"type-product","3":"status-publish","4":"has-post-thumbnail","6":"product_brand-convertitori-e-gestione-impianti","7":"product_brand-victron-energy-it","8":"product_cat-generazione-accumulo-gestione-elettrica-elettronica-di-potenza-a-bordo","9":"product_cat-victron-energy-generazione-accumulo-gestione-elettrica-elettronica-di-potenza-a-bordo","10":"desktop-align-center","11":"tablet-align-left","12":"mobile-align-left","14":"first","15":"instock","16":"shipping-taxable","17":"product-type-simple"},"acf":[],"_links":{"self":[{"href":"https:\/\/staging.uflex.it\/it\/wp-json\/wp\/v2\/product\/11742","targetHints":{"allow":["GET"]}}],"collection":[{"href":"https:\/\/staging.uflex.it\/it\/wp-json\/wp\/v2\/product"}],"about":[{"href":"https:\/\/staging.uflex.it\/it\/wp-json\/wp\/v2\/types\/product"}],"replies":[{"embeddable":true,"href":"https:\/\/staging.uflex.it\/it\/wp-json\/wp\/v2\/comments?post=11742"}],"version-history":[{"count":0,"href":"https:\/\/staging.uflex.it\/it\/wp-json\/wp\/v2\/product\/11742\/revisions"}],"wp:featuredmedia":[{"embeddable":true,"href":"https:\/\/staging.uflex.it\/it\/wp-json\/wp\/v2\/media\/3295"}],"wp:attachment":[{"href":"https:\/\/staging.uflex.it\/it\/wp-json\/wp\/v2\/media?parent=11742"}],"wp:term":[{"taxonomy":"product_brand","embeddable":true,"href":"https:\/\/staging.uflex.it\/it\/wp-json\/wp\/v2\/product_brand?post=11742"},{"taxonomy":"product_cat","embeddable":true,"href":"https:\/\/staging.uflex.it\/it\/wp-json\/wp\/v2\/product_cat?post=11742"},{"taxonomy":"product_tag","embeddable":true,"href":"https:\/\/staging.uflex.it\/it\/wp-json\/wp\/v2\/product_tag?post=11742"},{"taxonomy":"product_filter","embeddable":true,"href":"https:\/\/staging.uflex.it\/it\/wp-json\/wp\/v2\/product_filter?post=11742"}],"curies":[{"name":"wp","href":"https:\/\/api.w.org\/{rel}","templated":true}]}}