{"id":11780,"date":"2024-04-24T14:22:08","date_gmt":"2024-04-24T12:22:08","guid":{"rendered":"https:\/\/uflex.it\/product\/regolatori-di-carica-smartsolar-mppt\/"},"modified":"2025-02-06T13:19:23","modified_gmt":"2025-02-06T12:19:23","slug":"regolatori-di-carica-smartsolar-mppt","status":"publish","type":"product","link":"https:\/\/staging.uflex.it\/it\/prodotto\/regolatori-di-carica-smartsolar-mppt\/","title":{"rendered":"REGOLATORI DI CARICA SMARTSOLAR MPPT"},"content":{"rendered":"<p>\u2022 Maximum Power Point Tracking (MPPT) ultra rapido: soprattutto in caso di cielo nuvoloso, quando l\u2019intensit\u00e0 luminosa cambia in continuazione, un regolatore di tipo MPPT ultra rapido aumenta l\u2019energia raccolta fino al 30% in pi\u00f9 rispetto ad uno di tipo PWM e fino al 10% in pi\u00f9 rispetto ai regolatori MPPT pi\u00f9 lenti<br \/>\n\u2022 Uscita sul carico: collegando tutti i carichi all\u2019uscita del regolatore si pu\u00f2 evitare la scarica completa delle batterie. L\u2019output a prova di corto circuito \u00e8 infatti collegato ad una determinata soglia di tensione sotto la quale i carichi vengono automaticamente scollegati<br \/>\n\u2022 BatteryLife: sistema intelligente di gestione della batteria. Algoritmo che monitora e permette di ottimizzare sempre la carica delle batterie anche in caso di parziale ricarica, evitandone il deterioramento precoce<br \/>\n\u2022 Componenti elettronici incapsulati in resina<br \/>\n\u2022 Programmazione oraria giorno\/notte e opzione di regolazione della luminosit\u00e0<br \/>\n\u2022 Eccezionale efficienza di conversione: l\u2019efficienza massima supera il 98%. Piena corrente in uscita anche con temperature ambientali che superano i 40\u00b0C. Nessuna ventola di raffreddamento<br \/>\n\u2022 Rilevamento avanzato del punto di massima potenza in caso di parziale ombreggiamento: nel caso in cui si verifichi un parziale ombreggiamento dei pannelli PV, l\u2019innovativo algoritmo BlueSolar si concentra sempre sulla ricerca del punto di massima potenza ottimale, massimizzando cos\u00ec l\u2019energia raccolta<br \/>\n\u2022 Algoritmo di carica flessibile: otto algoritmi pre-programmati selezionabili tramite apposito interruttore; un algoritmo programmabile. Sensore di temperatura della batteria per compensare la carica<br \/>\n\u2022 Ampia protezione elettronica: Protezione da sovratemperatura con riduzione della potenza. Protezione da corto circuito ed inversione di polarit\u00e0 nel sistema PV. Protezione da inversione di corrente<br \/>\n\u2022 Bluetooth Smart built-in: la soluzione wireless per settare, monitorare, aggiornare e sincronizzare i regolatori di carica Smartsolar<\/p>\n","protected":false},"excerpt":{"rendered":"<p>\u2022 Maximum Power Point Tracking (MPPT) ultra rapido: soprattutto in caso di cielo nuvoloso, quando l\u2019intensit\u00e0 luminosa cambia in continuazione, [&hellip;]<\/p>\n","protected":false},"featured_media":3407,"comment_status":"closed","ping_status":"closed","template":"","meta":{"_acf_changed":false,"site-sidebar-layout":"default","site-content-layout":"","ast-site-content-layout":"default","site-content-style":"default","site-sidebar-style":"default","ast-global-header-display":"","ast-banner-title-visibility":"","ast-main-header-display":"","ast-hfb-above-header-display":"","ast-hfb-below-header-display":"","ast-hfb-mobile-header-display":"","site-post-title":"","ast-breadcrumbs-content":"","ast-featured-img":"","footer-sml-layout":"","ast-disable-related-posts":"","theme-transparent-header-meta":"default","adv-header-id-meta":"","stick-header-meta":"","header-above-stick-meta":"","header-main-stick-meta":"","header-below-stick-meta":"","astra-migrate-meta-layouts":"set","ast-page-background-enabled":"default","ast-page-background-meta":{"desktop":{"background-color":"var(--ast-global-color-4)","background-image":"","background-repeat":"repeat","background-position":"center center","background-size":"auto","background-attachment":"scroll","background-type":"","background-media":"","overlay-type":"","overlay-color":"","overlay-opacity":"","overlay-gradient":""},"tablet":{"background-color":"","background-image":"","background-repeat":"repeat","background-position":"center center","background-size":"auto","background-attachment":"scroll","background-type":"","background-media":"","overlay-type":"","overlay-color":"","overlay-opacity":"","overlay-gradient":""},"mobile":{"background-color":"","background-image":"","background-repeat":"repeat","background-position":"center center","background-size":"auto","background-attachment":"scroll","background-type":"","background-media":"","overlay-type":"","overlay-color":"","overlay-opacity":"","overlay-gradient":""}},"ast-content-background-meta":{"desktop":{"background-color":"var(--ast-global-color-5)","background-image":"","background-repeat":"repeat","background-position":"center center","background-size":"auto","background-attachment":"scroll","background-type":"","background-media":"","overlay-type":"","overlay-color":"","overlay-opacity":"","overlay-gradient":""},"tablet":{"background-color":"var(--ast-global-color-5)","background-image":"","background-repeat":"repeat","background-position":"center center","background-size":"auto","background-attachment":"scroll","background-type":"","background-media":"","overlay-type":"","overlay-color":"","overlay-opacity":"","overlay-gradient":""},"mobile":{"background-color":"var(--ast-global-color-5)","background-image":"","background-repeat":"repeat","background-position":"center center","background-size":"auto","background-attachment":"scroll","background-type":"","background-media":"","overlay-type":"","overlay-color":"","overlay-opacity":"","overlay-gradient":""}}},"product_brand":[1568,2357],"product_cat":[1317,1326],"product_tag":[],"product_filter":[],"class_list":{"0":"post-11780","1":"product","2":"type-product","3":"status-publish","4":"has-post-thumbnail","6":"product_brand-convertitori-e-gestione-impianti","7":"product_brand-victron-energy-it","8":"product_cat-generazione-accumulo-gestione-elettrica-elettronica-di-potenza-a-bordo","9":"product_cat-victron-energy-generazione-accumulo-gestione-elettrica-elettronica-di-potenza-a-bordo","10":"desktop-align-center","11":"tablet-align-left","12":"mobile-align-left","14":"first","15":"instock","16":"shipping-taxable","17":"product-type-simple"},"acf":[],"_links":{"self":[{"href":"https:\/\/staging.uflex.it\/it\/wp-json\/wp\/v2\/product\/11780","targetHints":{"allow":["GET"]}}],"collection":[{"href":"https:\/\/staging.uflex.it\/it\/wp-json\/wp\/v2\/product"}],"about":[{"href":"https:\/\/staging.uflex.it\/it\/wp-json\/wp\/v2\/types\/product"}],"replies":[{"embeddable":true,"href":"https:\/\/staging.uflex.it\/it\/wp-json\/wp\/v2\/comments?post=11780"}],"version-history":[{"count":0,"href":"https:\/\/staging.uflex.it\/it\/wp-json\/wp\/v2\/product\/11780\/revisions"}],"wp:featuredmedia":[{"embeddable":true,"href":"https:\/\/staging.uflex.it\/it\/wp-json\/wp\/v2\/media\/3407"}],"wp:attachment":[{"href":"https:\/\/staging.uflex.it\/it\/wp-json\/wp\/v2\/media?parent=11780"}],"wp:term":[{"taxonomy":"product_brand","embeddable":true,"href":"https:\/\/staging.uflex.it\/it\/wp-json\/wp\/v2\/product_brand?post=11780"},{"taxonomy":"product_cat","embeddable":true,"href":"https:\/\/staging.uflex.it\/it\/wp-json\/wp\/v2\/product_cat?post=11780"},{"taxonomy":"product_tag","embeddable":true,"href":"https:\/\/staging.uflex.it\/it\/wp-json\/wp\/v2\/product_tag?post=11780"},{"taxonomy":"product_filter","embeddable":true,"href":"https:\/\/staging.uflex.it\/it\/wp-json\/wp\/v2\/product_filter?post=11780"}],"curies":[{"name":"wp","href":"https:\/\/api.w.org\/{rel}","templated":true}]}}