{"id":11800,"date":"2024-04-24T14:22:20","date_gmt":"2024-04-24T12:22:20","guid":{"rendered":"https:\/\/uflex.it\/product\/pannelli-fono-assorbenti-halyard\/"},"modified":"2024-05-30T10:56:16","modified_gmt":"2024-05-30T08:56:16","slug":"pannelli-fono-assorbenti-halyard","status":"publish","type":"product","link":"https:\/\/staging.uflex.it\/it\/prodotto\/pannelli-fono-assorbenti-halyard\/","title":{"rendered":"PANNELLI FONO-ASSORBENTI HALYARD\u00ae"},"content":{"rendered":"<p><strong>PANNELLI FONO-ASSORBENTI HALYARD\u00ae<\/strong><\/p>\n<p>I pannelli isolanti Halyard sono costruiti con materiali ad alte prestazioni per ottenere ottimi risultati acustici con i rumori a basse frequenze, tipici dei motori diesel, e di altri equipaggiamenti di bordo che possono generare rumore ( es. generatori )<\/p>\n<p>I pannelli da 12 e 32 mm di spessore sono contenuti in 4 fogli da 1000 x 600 mm per imballo, coprendo cos\u00ec un\u2019area di 2.4 MQ per scatola<\/p>\n<p>I pannelli da 45 mm di spessore sono contenuti in 2 fogli da 1000 x 600 mm per imballo, coprendo cos\u00ec un\u2019area di 1.2 MQ per scatola<\/p>\n<p>Sono disponibili tre tipi di rivestimenti: Maritex, Sealglass e Sylver Polyester rinforzato, e una gamma di nastri di giunzione ed accessori per l\u2019installazione<\/p>\n<p>Conformi alla normativa \u201cEuropean Recreational Craft Directive\u201d<\/p>\n<p><strong>CARATTERISTICHE Costruttive<\/strong><\/p>\n<p><strong>Lo strato assorbente<\/strong> Uno strato spesso di schiuma ignifuga che assorbe il rumore e gli impedisce di rimbalzare nel vano motore.<\/p>\n<p>\u2022 <strong>Lo strato intermedio<\/strong> Una barriera ad alta densit\u00e0 fornisce una massa pi\u00f9 alta possibile e procura la miglior riduzione del rumore. Questo strato smorzante pesa 5 kg per metro quadrato, pi\u00f9 del foglio di piombo usato nei vecchi materiali<\/p>\n<p>\u2022 <strong>Lo strato isolante<\/strong> Questo strato leggero di schiuma ha una funzione cruciale: agisce come il vuoto nelle finestre a doppio vetro e impedisce che il rumore che urta lo strato intermedio si trasmetta alla parete. Usando una costruzione multi-strato Halyard\u00ae ottiene il miglior risultato fono-assorbente possibile con uno spessore dei pannelli che deve tener conto degli spazi ristretti dei vani motore<\/p>\n","protected":false},"excerpt":{"rendered":"<p>PANNELLI FONO-ASSORBENTI HALYARD\u00ae I pannelli isolanti Halyard sono costruiti con materiali ad alte prestazioni per ottenere ottimi risultati acustici con [&hellip;]<\/p>\n","protected":false},"featured_media":3627,"comment_status":"closed","ping_status":"closed","template":"","meta":{"_acf_changed":false,"site-sidebar-layout":"default","site-content-layout":"","ast-site-content-layout":"default","site-content-style":"default","site-sidebar-style":"default","ast-global-header-display":"","ast-banner-title-visibility":"","ast-main-header-display":"","ast-hfb-above-header-display":"","ast-hfb-below-header-display":"","ast-hfb-mobile-header-display":"","site-post-title":"","ast-breadcrumbs-content":"","ast-featured-img":"","footer-sml-layout":"","ast-disable-related-posts":"","theme-transparent-header-meta":"default","adv-header-id-meta":"","stick-header-meta":"","header-above-stick-meta":"","header-main-stick-meta":"","header-below-stick-meta":"","astra-migrate-meta-layouts":"set","ast-page-background-enabled":"default","ast-page-background-meta":{"desktop":{"background-color":"var(--ast-global-color-4)","background-image":"","background-repeat":"repeat","background-position":"center center","background-size":"auto","background-attachment":"scroll","background-type":"","background-media":"","overlay-type":"","overlay-color":"","overlay-opacity":"","overlay-gradient":""},"tablet":{"background-color":"","background-image":"","background-repeat":"repeat","background-position":"center center","background-size":"auto","background-attachment":"scroll","background-type":"","background-media":"","overlay-type":"","overlay-color":"","overlay-opacity":"","overlay-gradient":""},"mobile":{"background-color":"","background-image":"","background-repeat":"repeat","background-position":"center center","background-size":"auto","background-attachment":"scroll","background-type":"","background-media":"","overlay-type":"","overlay-color":"","overlay-opacity":"","overlay-gradient":""}},"ast-content-background-meta":{"desktop":{"background-color":"var(--ast-global-color-5)","background-image":"","background-repeat":"repeat","background-position":"center center","background-size":"auto","background-attachment":"scroll","background-type":"","background-media":"","overlay-type":"","overlay-color":"","overlay-opacity":"","overlay-gradient":""},"tablet":{"background-color":"var(--ast-global-color-5)","background-image":"","background-repeat":"repeat","background-position":"center center","background-size":"auto","background-attachment":"scroll","background-type":"","background-media":"","overlay-type":"","overlay-color":"","overlay-opacity":"","overlay-gradient":""},"mobile":{"background-color":"var(--ast-global-color-5)","background-image":"","background-repeat":"repeat","background-position":"center center","background-size":"auto","background-attachment":"scroll","background-type":"","background-media":"","overlay-type":"","overlay-color":"","overlay-opacity":"","overlay-gradient":""}}},"product_brand":[1459,2362,1585,1476],"product_cat":[1317,1701,1710,1709],"product_tag":[],"product_filter":[],"class_list":{"0":"post-11800","1":"product","2":"type-product","3":"status-publish","4":"has-post-thumbnail","6":"product_brand-accessori-di-installazione","7":"product_brand-eneon-it","8":"product_brand-halyard-it","9":"product_brand-materiale-fonoassorbente","10":"product_cat-generazione-accumulo-gestione-elettrica-elettronica-di-potenza-a-bordo","11":"product_cat-eneon-it","12":"product_cat-halyard-it","13":"product_cat-exhaust-systems-sound-proofing-it","14":"desktop-align-center","15":"tablet-align-left","16":"mobile-align-left","18":"first","19":"instock","20":"shipping-taxable","21":"product-type-simple"},"acf":[],"_links":{"self":[{"href":"https:\/\/staging.uflex.it\/it\/wp-json\/wp\/v2\/product\/11800","targetHints":{"allow":["GET"]}}],"collection":[{"href":"https:\/\/staging.uflex.it\/it\/wp-json\/wp\/v2\/product"}],"about":[{"href":"https:\/\/staging.uflex.it\/it\/wp-json\/wp\/v2\/types\/product"}],"replies":[{"embeddable":true,"href":"https:\/\/staging.uflex.it\/it\/wp-json\/wp\/v2\/comments?post=11800"}],"version-history":[{"count":0,"href":"https:\/\/staging.uflex.it\/it\/wp-json\/wp\/v2\/product\/11800\/revisions"}],"wp:featuredmedia":[{"embeddable":true,"href":"https:\/\/staging.uflex.it\/it\/wp-json\/wp\/v2\/media\/3627"}],"wp:attachment":[{"href":"https:\/\/staging.uflex.it\/it\/wp-json\/wp\/v2\/media?parent=11800"}],"wp:term":[{"taxonomy":"product_brand","embeddable":true,"href":"https:\/\/staging.uflex.it\/it\/wp-json\/wp\/v2\/product_brand?post=11800"},{"taxonomy":"product_cat","embeddable":true,"href":"https:\/\/staging.uflex.it\/it\/wp-json\/wp\/v2\/product_cat?post=11800"},{"taxonomy":"product_tag","embeddable":true,"href":"https:\/\/staging.uflex.it\/it\/wp-json\/wp\/v2\/product_tag?post=11800"},{"taxonomy":"product_filter","embeddable":true,"href":"https:\/\/staging.uflex.it\/it\/wp-json\/wp\/v2\/product_filter?post=11800"}],"curies":[{"name":"wp","href":"https:\/\/api.w.org\/{rel}","templated":true}]}}