{"id":11823,"date":"2024-04-24T14:22:28","date_gmt":"2024-04-24T12:22:28","guid":{"rendered":"https:\/\/uflex.it\/product\/riscaldatori-a-gasolio-per-imbarcazioni\/"},"modified":"2024-05-22T10:51:26","modified_gmt":"2024-05-22T08:51:26","slug":"riscaldatori-a-gasolio-per-imbarcazioni","status":"publish","type":"product","link":"https:\/\/staging.uflex.it\/it\/prodotto\/riscaldatori-a-gasolio-per-imbarcazioni\/","title":{"rendered":"RISCALDATORI A GASOLIO PER IMBARCAZIONI"},"content":{"rendered":"<p><strong>RISCALDATORI A GASOLIO PER IMBARCAZIONI<\/strong><\/p>\n<p>I riscaldatori a gasolio della Wallas\u00ae rappresentano un valido sistema, <strong>estremamente facile da installare<\/strong>, per riscaldare imbarcazioni fino a 15 m (50 ft)<\/p>\n<p>Grazie alla combustione di tipo \u00ablaminare\u00bb della fiamma, tipica dei bruciatori Wallas\u00ae, <strong>la rumorosit\u00e0 del riscaldatore \u00e8 incredibilmente bassa<\/strong>, tanto che l\u2019unit\u00e0 pu\u00f2 essere montata direttamente sotto il divano o sotto il letto. La silenziosit\u00e0 della combustione sar\u00e0 molto apprezzata anche dai proprietari delle barche vicine.<\/p>\n<p><strong>I consumi elettrici sono i pi\u00f9 bassi<\/strong> rispetto a tutti i riscaldatori della concorrenza, permettendo una lunga autonomia anche con batterie di bassa capacit\u00e0. Ogni riscaldatore viene testato singolarmente prima di lasciare lo stabilimento finlandese. Questo garantisce un prodotto di elevata qualit\u00e0 e affidabilit\u00e0<\/p>\n<p><strong>Pannello di comando<\/strong> fornito con il riscaldatore.<\/p>\n<p>\u2022 Controllo termostatico PI continuativo del calore erogato dal riscaldatore<br \/>\n\u2022 Regolazione manuale della temperatura desiderata<br \/>\n\u2022 Funzione boost che aumenta la portata d\u2019aria<br \/>\n\u2022 Funzionamento ventilazione estiva<br \/>\n\u2022 Spegnimento in caso di sole e aumento temperatura interna<br \/>\n\u2022 Protezione contro accensioni\/spegnimenti involontari<br \/>\n\u2022 Possibilit\u00e0 di montaggio a filo parete<\/p>\n<p><strong>Modelli disponibili<\/strong> ( 12 Volt )<\/p>\n<p>22GB ( 1000 \u2013 2500 Watt )<\/p>\n<p>30GB ( 1000 \u2013 3200 Watt )<\/p>\n<p>50 Spartan Air ( 1400 \u2013 4500 Watt )<\/p>\n<p><strong>Wallas\u00ae Remote Control<\/strong> (optional): sistema di monitoraggio remoto dei riscaldatori Wallas\u00ae tramite App dedicata ( solo per modello Spartan )<\/p>\n","protected":false},"excerpt":{"rendered":"<p>RISCALDATORI A GASOLIO PER IMBARCAZIONI I riscaldatori a gasolio della Wallas\u00ae rappresentano un valido sistema, estremamente facile da installare, per [&hellip;]<\/p>\n","protected":false},"featured_media":3738,"comment_status":"open","ping_status":"closed","template":"","meta":{"_acf_changed":false,"site-sidebar-layout":"default","site-content-layout":"","ast-site-content-layout":"default","site-content-style":"default","site-sidebar-style":"default","ast-global-header-display":"","ast-banner-title-visibility":"","ast-main-header-display":"","ast-hfb-above-header-display":"","ast-hfb-below-header-display":"","ast-hfb-mobile-header-display":"","site-post-title":"","ast-breadcrumbs-content":"","ast-featured-img":"","footer-sml-layout":"","ast-disable-related-posts":"","theme-transparent-header-meta":"default","adv-header-id-meta":"","stick-header-meta":"","header-above-stick-meta":"","header-main-stick-meta":"","header-below-stick-meta":"","astra-migrate-meta-layouts":"set","ast-page-background-enabled":"default","ast-page-background-meta":{"desktop":{"background-color":"var(--ast-global-color-4)","background-image":"","background-repeat":"repeat","background-position":"center center","background-size":"auto","background-attachment":"scroll","background-type":"","background-media":"","overlay-type":"","overlay-color":"","overlay-opacity":"","overlay-gradient":""},"tablet":{"background-color":"","background-image":"","background-repeat":"repeat","background-position":"center center","background-size":"auto","background-attachment":"scroll","background-type":"","background-media":"","overlay-type":"","overlay-color":"","overlay-opacity":"","overlay-gradient":""},"mobile":{"background-color":"","background-image":"","background-repeat":"repeat","background-position":"center center","background-size":"auto","background-attachment":"scroll","background-type":"","background-media":"","overlay-type":"","overlay-color":"","overlay-opacity":"","overlay-gradient":""}},"ast-content-background-meta":{"desktop":{"background-color":"var(--ast-global-color-5)","background-image":"","background-repeat":"repeat","background-position":"center center","background-size":"auto","background-attachment":"scroll","background-type":"","background-media":"","overlay-type":"","overlay-color":"","overlay-opacity":"","overlay-gradient":""},"tablet":{"background-color":"var(--ast-global-color-5)","background-image":"","background-repeat":"repeat","background-position":"center center","background-size":"auto","background-attachment":"scroll","background-type":"","background-media":"","overlay-type":"","overlay-color":"","overlay-opacity":"","overlay-gradient":""},"mobile":{"background-color":"var(--ast-global-color-5)","background-image":"","background-repeat":"repeat","background-position":"center center","background-size":"auto","background-attachment":"scroll","background-type":"","background-media":"","overlay-type":"","overlay-color":"","overlay-opacity":"","overlay-gradient":""}}},"product_brand":[],"product_cat":[2374],"product_tag":[],"product_filter":[],"class_list":{"0":"post-11823","1":"product","2":"type-product","3":"status-publish","4":"has-post-thumbnail","6":"product_cat-uncategorized","7":"desktop-align-center","8":"tablet-align-left","9":"mobile-align-left","11":"first","12":"instock","13":"shipping-taxable","14":"product-type-simple"},"acf":[],"_links":{"self":[{"href":"https:\/\/staging.uflex.it\/it\/wp-json\/wp\/v2\/product\/11823","targetHints":{"allow":["GET"]}}],"collection":[{"href":"https:\/\/staging.uflex.it\/it\/wp-json\/wp\/v2\/product"}],"about":[{"href":"https:\/\/staging.uflex.it\/it\/wp-json\/wp\/v2\/types\/product"}],"replies":[{"embeddable":true,"href":"https:\/\/staging.uflex.it\/it\/wp-json\/wp\/v2\/comments?post=11823"}],"version-history":[{"count":0,"href":"https:\/\/staging.uflex.it\/it\/wp-json\/wp\/v2\/product\/11823\/revisions"}],"wp:featuredmedia":[{"embeddable":true,"href":"https:\/\/staging.uflex.it\/it\/wp-json\/wp\/v2\/media\/3738"}],"wp:attachment":[{"href":"https:\/\/staging.uflex.it\/it\/wp-json\/wp\/v2\/media?parent=11823"}],"wp:term":[{"taxonomy":"product_brand","embeddable":true,"href":"https:\/\/staging.uflex.it\/it\/wp-json\/wp\/v2\/product_brand?post=11823"},{"taxonomy":"product_cat","embeddable":true,"href":"https:\/\/staging.uflex.it\/it\/wp-json\/wp\/v2\/product_cat?post=11823"},{"taxonomy":"product_tag","embeddable":true,"href":"https:\/\/staging.uflex.it\/it\/wp-json\/wp\/v2\/product_tag?post=11823"},{"taxonomy":"product_filter","embeddable":true,"href":"https:\/\/staging.uflex.it\/it\/wp-json\/wp\/v2\/product_filter?post=11823"}],"curies":[{"name":"wp","href":"https:\/\/api.w.org\/{rel}","templated":true}]}}