{"id":27606,"date":"2025-01-17T12:03:48","date_gmt":"2025-01-17T11:03:48","guid":{"rendered":"https:\/\/uflex.it\/?post_type=product&#038;p=27606"},"modified":"2025-01-17T12:08:28","modified_gmt":"2025-01-17T11:08:28","slug":"vmh-flex","status":"publish","type":"product","link":"https:\/\/staging.uflex.it\/it\/prodotto\/vmh-flex\/","title":{"rendered":"VMH Flex"},"content":{"rendered":"<h1>VMH Flex<\/h1>\n<p>Leggero e performante, il VMH Flex \u00e8 il perfetto compromesso per visualizzare una grande quantit\u00e0 di dati dell\u2019imbarcazione in un dispositivo compatto. Sia che si indossino i guanti, o sotto la pioggia, l\u2019innovativo pulsante a sfioramento laser consente di scorrere fino a 5 schermate diverse.<br \/>\nOgni schermata pu\u00f2 essere personalizzata con le informazioni pi\u00f9 importanti e il settaggio, compresi gli allarmi, pu\u00f2 essere facilmente eseguito con il proprio smartphone con un semplice \u201ctap\u201d.<\/p>\n<p>In grado di leggere sia dai sensori che da CAN, il VMH Flex non ha limiti. Grazie alla connettivit\u00e0 LIN, VMH Flex pu\u00f2 inoltre ottenere tutte le informazioni dalla batteria grazie al Sensore batteria intelligente (IBS).<\/p>\n<h2>Caratteristiche:<\/h2>\n<p>\u2022 Fino a 5 schermate con singolo o doppio dato<br \/>\n\u2022 Innovativo pulsante laser affidabile in ogni condizione pratica<br \/>\n\u2022 Connettivit\u00e0 CAN bus (NMEA 2000\u00ae o J1939)<br \/>\n\u2022 2 x ingressi analogici per connessione diretta dei sensori<br \/>\n\u2022 Convertitore da analogico ad NMEA 2000\u00ae integrato<br \/>\n\u2022 Interfaccia LIN per sensore batteria intelligente (IBS)<br \/>\n\u2022 Dimensioni: 60 mm ( esterno ) 52 mm ( foro montaggio )<br \/>\n\u2022 Display: 1.44\u201d TFT a colori leggibile anche alla luce del sole<br \/>\n\u2022 Voltaggio nominale: 12\/24 V<br \/>\n\u2022 Voltaggio operativo: 9 \u2013 32 V<br \/>\n\u2022 Protezione: IPX7 ( se installato con i connettori )<br \/>\n\u2022 Temperatura operativa -20\u00b0C + 70\u00b0C<\/p>\n","protected":false},"excerpt":{"rendered":"<p>VMH Flex Leggero e performante, il VMH Flex \u00e8 il perfetto compromesso per visualizzare una grande quantit\u00e0 di dati dell\u2019imbarcazione [&hellip;]<\/p>\n","protected":false},"featured_media":27607,"comment_status":"open","ping_status":"closed","template":"","meta":{"_acf_changed":false,"site-sidebar-layout":"default","site-content-layout":"","ast-site-content-layout":"default","site-content-style":"default","site-sidebar-style":"default","ast-global-header-display":"","ast-banner-title-visibility":"","ast-main-header-display":"","ast-hfb-above-header-display":"","ast-hfb-below-header-display":"","ast-hfb-mobile-header-display":"","site-post-title":"","ast-breadcrumbs-content":"","ast-featured-img":"","footer-sml-layout":"","ast-disable-related-posts":"","theme-transparent-header-meta":"default","adv-header-id-meta":"","stick-header-meta":"","header-above-stick-meta":"","header-main-stick-meta":"","header-below-stick-meta":"","astra-migrate-meta-layouts":"set","ast-page-background-enabled":"default","ast-page-background-meta":{"desktop":{"background-color":"var(--ast-global-color-4)","background-image":"","background-repeat":"repeat","background-position":"center center","background-size":"auto","background-attachment":"scroll","background-type":"","background-media":"","overlay-type":"","overlay-color":"","overlay-opacity":"","overlay-gradient":""},"tablet":{"background-color":"","background-image":"","background-repeat":"repeat","background-position":"center center","background-size":"auto","background-attachment":"scroll","background-type":"","background-media":"","overlay-type":"","overlay-color":"","overlay-opacity":"","overlay-gradient":""},"mobile":{"background-color":"","background-image":"","background-repeat":"repeat","background-position":"center center","background-size":"auto","background-attachment":"scroll","background-type":"","background-media":"","overlay-type":"","overlay-color":"","overlay-opacity":"","overlay-gradient":""}},"ast-content-background-meta":{"desktop":{"background-color":"var(--ast-global-color-5)","background-image":"","background-repeat":"repeat","background-position":"center center","background-size":"auto","background-attachment":"scroll","background-type":"","background-media":"","overlay-type":"","overlay-color":"","overlay-opacity":"","overlay-gradient":""},"tablet":{"background-color":"var(--ast-global-color-5)","background-image":"","background-repeat":"repeat","background-position":"center center","background-size":"auto","background-attachment":"scroll","background-type":"","background-media":"","overlay-type":"","overlay-color":"","overlay-opacity":"","overlay-gradient":""},"mobile":{"background-color":"var(--ast-global-color-5)","background-image":"","background-repeat":"repeat","background-position":"center center","background-size":"auto","background-attachment":"scroll","background-type":"","background-media":"","overlay-type":"","overlay-color":"","overlay-opacity":"","overlay-gradient":""}}},"product_brand":[1590,1540],"product_cat":[1706,1366,1352],"product_tag":[],"product_filter":[],"class_list":{"0":"post-27606","1":"product","2":"type-product","3":"status-publish","4":"has-post-thumbnail","6":"product_brand-veratron-it","7":"product_brand-vmh-veratron-it","8":"product_cat-veratron-it","9":"product_cat-indicatori-rotondi","10":"product_cat-strumentazione-di-navigazione-monitoraggio-motore-elettronica-di-bordo","11":"desktop-align-center","12":"tablet-align-left","13":"mobile-align-left","15":"first","16":"instock","17":"shipping-taxable","18":"product-type-simple"},"acf":[],"_links":{"self":[{"href":"https:\/\/staging.uflex.it\/it\/wp-json\/wp\/v2\/product\/27606","targetHints":{"allow":["GET"]}}],"collection":[{"href":"https:\/\/staging.uflex.it\/it\/wp-json\/wp\/v2\/product"}],"about":[{"href":"https:\/\/staging.uflex.it\/it\/wp-json\/wp\/v2\/types\/product"}],"replies":[{"embeddable":true,"href":"https:\/\/staging.uflex.it\/it\/wp-json\/wp\/v2\/comments?post=27606"}],"version-history":[{"count":0,"href":"https:\/\/staging.uflex.it\/it\/wp-json\/wp\/v2\/product\/27606\/revisions"}],"wp:featuredmedia":[{"embeddable":true,"href":"https:\/\/staging.uflex.it\/it\/wp-json\/wp\/v2\/media\/27607"}],"wp:attachment":[{"href":"https:\/\/staging.uflex.it\/it\/wp-json\/wp\/v2\/media?parent=27606"}],"wp:term":[{"taxonomy":"product_brand","embeddable":true,"href":"https:\/\/staging.uflex.it\/it\/wp-json\/wp\/v2\/product_brand?post=27606"},{"taxonomy":"product_cat","embeddable":true,"href":"https:\/\/staging.uflex.it\/it\/wp-json\/wp\/v2\/product_cat?post=27606"},{"taxonomy":"product_tag","embeddable":true,"href":"https:\/\/staging.uflex.it\/it\/wp-json\/wp\/v2\/product_tag?post=27606"},{"taxonomy":"product_filter","embeddable":true,"href":"https:\/\/staging.uflex.it\/it\/wp-json\/wp\/v2\/product_filter?post=27606"}],"curies":[{"name":"wp","href":"https:\/\/api.w.org\/{rel}","templated":true}]}}