{"id":28014,"date":"2025-02-06T12:36:05","date_gmt":"2025-02-06T11:36:05","guid":{"rendered":"https:\/\/uflex.it\/product\/lynx-smart-bms-500a-m8-and-1000a-m10\/"},"modified":"2025-02-06T12:53:05","modified_gmt":"2025-02-06T11:53:05","slug":"lynx-smart-bms-500a-m8-and-1000a-m10","status":"publish","type":"product","link":"https:\/\/staging.uflex.it\/it\/prodotto\/lynx-smart-bms-500a-m8-and-1000a-m10\/","title":{"rendered":"LYNX SMART BMS 500A (M8) and 1000A (M10)"},"content":{"rendered":"<h1>LYNX SMART BMS 500A (M8) and 1000A (M10)<\/h1>\n<p>Il BMS Lynx Smart \u00e8 un Sistema di Gestione della Batteria dedicato per Batterie al litio Smart di Victron. Sono disponibili vari BMS per la nostra serie di batterie Litio Smart, e il Lynx Smart \u00e8 l\u2019opzione pi\u00f9 ricca di funzionalit\u00e0 e pi\u00f9 completa. Le sue principali caratteristiche sono:<\/p>\n<p>\u2022 Contattore integrato da 500 A\/1000 A, utilizzato come ulteriore meccanismo di sicurezza e disponibile anche come interruttore del sistema principale controllabile in remoto<br \/>\n\u2022 Monitor della batteria che indica la percentuale dello stato di carica e altri dati.<br \/>\n\u2022 Segnale di preallarme: fornisce un avvertimento prima che il sistema si arresti in seguito, ad esempio, a cella bassa.<br \/>\n\u2022 Bluetooth da utilizzare con la nostra App VictronConnect per la configurazione e il monitoraggio.<br \/>\n\u2022 Monitoraggio locale e remoto mediante un dispositivo GX Victron, ad esempio il Cerbo GX.<\/p>\n<p><strong>Lynx Smart BMS 500 (M8) &#8211; <\/strong>25157B<br \/>\n<strong>Lynx Smart BMS 1000 (M10) &#8211; <\/strong>25582T<br \/>\n<strong>Lynx DC Distributor (M8) &#8211; <\/strong>22366V<br \/>\n<strong>Lynx DC Distributor (M10) &#8211; <\/strong>25583V<br \/>\n<strong>Lynx Power In (M8) &#8211; <\/strong>23412E<br \/>\n<strong>Lynx Power In (M10) &#8211; <\/strong>25789S<br \/>\n<strong>Lynx Shunt Ve.Can (M8) &#8211; <\/strong>23741A<\/p>\n","protected":false},"excerpt":{"rendered":"<p>LYNX SMART BMS 500A (M8) and 1000A (M10) Il BMS Lynx Smart \u00e8 un Sistema di Gestione della Batteria dedicato [&hellip;]<\/p>\n","protected":false},"featured_media":28011,"comment_status":"closed","ping_status":"closed","template":"","meta":{"_acf_changed":false,"site-sidebar-layout":"default","site-content-layout":"","ast-site-content-layout":"default","site-content-style":"default","site-sidebar-style":"default","ast-global-header-display":"","ast-banner-title-visibility":"","ast-main-header-display":"","ast-hfb-above-header-display":"","ast-hfb-below-header-display":"","ast-hfb-mobile-header-display":"","site-post-title":"","ast-breadcrumbs-content":"","ast-featured-img":"","footer-sml-layout":"","ast-disable-related-posts":"","theme-transparent-header-meta":"default","adv-header-id-meta":"","stick-header-meta":"","header-above-stick-meta":"","header-main-stick-meta":"","header-below-stick-meta":"","astra-migrate-meta-layouts":"set","ast-page-background-enabled":"default","ast-page-background-meta":{"desktop":{"background-color":"var(--ast-global-color-4)","background-image":"","background-repeat":"repeat","background-position":"center center","background-size":"auto","background-attachment":"scroll","background-type":"","background-media":"","overlay-type":"","overlay-color":"","overlay-opacity":"","overlay-gradient":""},"tablet":{"background-color":"","background-image":"","background-repeat":"repeat","background-position":"center center","background-size":"auto","background-attachment":"scroll","background-type":"","background-media":"","overlay-type":"","overlay-color":"","overlay-opacity":"","overlay-gradient":""},"mobile":{"background-color":"","background-image":"","background-repeat":"repeat","background-position":"center center","background-size":"auto","background-attachment":"scroll","background-type":"","background-media":"","overlay-type":"","overlay-color":"","overlay-opacity":"","overlay-gradient":""}},"ast-content-background-meta":{"desktop":{"background-color":"var(--ast-global-color-5)","background-image":"","background-repeat":"repeat","background-position":"center center","background-size":"auto","background-attachment":"scroll","background-type":"","background-media":"","overlay-type":"","overlay-color":"","overlay-opacity":"","overlay-gradient":""},"tablet":{"background-color":"var(--ast-global-color-5)","background-image":"","background-repeat":"repeat","background-position":"center center","background-size":"auto","background-attachment":"scroll","background-type":"","background-media":"","overlay-type":"","overlay-color":"","overlay-opacity":"","overlay-gradient":""},"mobile":{"background-color":"var(--ast-global-color-5)","background-image":"","background-repeat":"repeat","background-position":"center center","background-size":"auto","background-attachment":"scroll","background-type":"","background-media":"","overlay-type":"","overlay-color":"","overlay-opacity":"","overlay-gradient":""}}},"product_brand":[],"product_cat":[1418],"product_tag":[],"product_filter":[],"class_list":{"0":"post-28014","1":"product","2":"type-product","3":"status-publish","4":"has-post-thumbnail","6":"product_cat-non-categorizzato","7":"desktop-align-center","8":"tablet-align-left","9":"mobile-align-left","11":"first","12":"instock","13":"shipping-taxable","14":"product-type-simple"},"acf":[],"_links":{"self":[{"href":"https:\/\/staging.uflex.it\/it\/wp-json\/wp\/v2\/product\/28014","targetHints":{"allow":["GET"]}}],"collection":[{"href":"https:\/\/staging.uflex.it\/it\/wp-json\/wp\/v2\/product"}],"about":[{"href":"https:\/\/staging.uflex.it\/it\/wp-json\/wp\/v2\/types\/product"}],"replies":[{"embeddable":true,"href":"https:\/\/staging.uflex.it\/it\/wp-json\/wp\/v2\/comments?post=28014"}],"version-history":[{"count":0,"href":"https:\/\/staging.uflex.it\/it\/wp-json\/wp\/v2\/product\/28014\/revisions"}],"wp:featuredmedia":[{"embeddable":true,"href":"https:\/\/staging.uflex.it\/it\/wp-json\/wp\/v2\/media\/28011"}],"wp:attachment":[{"href":"https:\/\/staging.uflex.it\/it\/wp-json\/wp\/v2\/media?parent=28014"}],"wp:term":[{"taxonomy":"product_brand","embeddable":true,"href":"https:\/\/staging.uflex.it\/it\/wp-json\/wp\/v2\/product_brand?post=28014"},{"taxonomy":"product_cat","embeddable":true,"href":"https:\/\/staging.uflex.it\/it\/wp-json\/wp\/v2\/product_cat?post=28014"},{"taxonomy":"product_tag","embeddable":true,"href":"https:\/\/staging.uflex.it\/it\/wp-json\/wp\/v2\/product_tag?post=28014"},{"taxonomy":"product_filter","embeddable":true,"href":"https:\/\/staging.uflex.it\/it\/wp-json\/wp\/v2\/product_filter?post=28014"}],"curies":[{"name":"wp","href":"https:\/\/api.w.org\/{rel}","templated":true}]}}