{"id":28031,"date":"2025-02-06T14:50:57","date_gmt":"2025-02-06T13:50:57","guid":{"rendered":"https:\/\/uflex.it\/?post_type=product&#038;p=28031"},"modified":"2025-02-06T15:17:24","modified_gmt":"2025-02-06T14:17:24","slug":"regolatore-di-carica-ws500","status":"publish","type":"product","link":"https:\/\/staging.uflex.it\/it\/prodotto\/regolatore-di-carica-ws500\/","title":{"rendered":"REGOLATORE DI CARICA WS500"},"content":{"rendered":"<h1>REGOLATORE DI CARICA WS500<\/h1>\n<p>WS500 \u00e8 l&#8217;unico regolatore di carica disponibile sul mercato che pu\u00f2 utilizzare corrente, tensione e temperatura per fornire la carica pi\u00f9 precisa ed efficace possibile per sistemi di batterie da 12V, 24V e 48V. La possibilit\u00e0 di configurazione per le tensioni intermedie lo rende la soluzione perfetta per la ricarica di batterie al piombo o di batterie di nuova generazione agli ioni di litio LiFePO4.<\/p>\n<p>\u2022 Ampio supporto per le tradizionali tecnologie di batterie al piombo e per le batterie al litio<br \/>\n\u2022 Il controllo avanzato del motore multi-PID fornisce la ricarica pi\u00f9 precisa disponibile<br \/>\n\u2022 Facile da installare, configurare e utilizzare<br \/>\n\u2022 Il miglior controllo di carica per le batterie al litio<br \/>\n\u2022 Protegge il vostro impianto di ricarica<\/p>\n","protected":false},"excerpt":{"rendered":"<p>REGOLATORE DI CARICA WS500 WS500 \u00e8 l&#8217;unico regolatore di carica disponibile sul mercato che pu\u00f2 utilizzare corrente, tensione e temperatura [&hellip;]<\/p>\n","protected":false},"featured_media":28032,"comment_status":"closed","ping_status":"closed","template":"","meta":{"_acf_changed":false,"site-sidebar-layout":"default","site-content-layout":"","ast-site-content-layout":"default","site-content-style":"default","site-sidebar-style":"default","ast-global-header-display":"","ast-banner-title-visibility":"","ast-main-header-display":"","ast-hfb-above-header-display":"","ast-hfb-below-header-display":"","ast-hfb-mobile-header-display":"","site-post-title":"","ast-breadcrumbs-content":"","ast-featured-img":"","footer-sml-layout":"","ast-disable-related-posts":"","theme-transparent-header-meta":"default","adv-header-id-meta":"","stick-header-meta":"","header-above-stick-meta":"","header-main-stick-meta":"","header-below-stick-meta":"","astra-migrate-meta-layouts":"set","ast-page-background-enabled":"default","ast-page-background-meta":{"desktop":{"background-color":"var(--ast-global-color-4)","background-image":"","background-repeat":"repeat","background-position":"center center","background-size":"auto","background-attachment":"scroll","background-type":"","background-media":"","overlay-type":"","overlay-color":"","overlay-opacity":"","overlay-gradient":""},"tablet":{"background-color":"","background-image":"","background-repeat":"repeat","background-position":"center center","background-size":"auto","background-attachment":"scroll","background-type":"","background-media":"","overlay-type":"","overlay-color":"","overlay-opacity":"","overlay-gradient":""},"mobile":{"background-color":"","background-image":"","background-repeat":"repeat","background-position":"center center","background-size":"auto","background-attachment":"scroll","background-type":"","background-media":"","overlay-type":"","overlay-color":"","overlay-opacity":"","overlay-gradient":""}},"ast-content-background-meta":{"desktop":{"background-color":"var(--ast-global-color-5)","background-image":"","background-repeat":"repeat","background-position":"center center","background-size":"auto","background-attachment":"scroll","background-type":"","background-media":"","overlay-type":"","overlay-color":"","overlay-opacity":"","overlay-gradient":""},"tablet":{"background-color":"var(--ast-global-color-5)","background-image":"","background-repeat":"repeat","background-position":"center center","background-size":"auto","background-attachment":"scroll","background-type":"","background-media":"","overlay-type":"","overlay-color":"","overlay-opacity":"","overlay-gradient":""},"mobile":{"background-color":"var(--ast-global-color-5)","background-image":"","background-repeat":"repeat","background-position":"center center","background-size":"auto","background-attachment":"scroll","background-type":"","background-media":"","overlay-type":"","overlay-color":"","overlay-opacity":"","overlay-gradient":""}}},"product_brand":[2416],"product_cat":[1317,2433],"product_tag":[],"product_filter":[],"class_list":{"0":"post-28031","1":"product","2":"type-product","3":"status-publish","4":"has-post-thumbnail","6":"product_brand-wakespeed-it","7":"product_cat-generazione-accumulo-gestione-elettrica-elettronica-di-potenza-a-bordo","8":"product_cat-wakespeed","9":"desktop-align-center","10":"tablet-align-left","11":"mobile-align-left","13":"first","14":"instock","15":"shipping-taxable","16":"product-type-simple"},"acf":[],"_links":{"self":[{"href":"https:\/\/staging.uflex.it\/it\/wp-json\/wp\/v2\/product\/28031","targetHints":{"allow":["GET"]}}],"collection":[{"href":"https:\/\/staging.uflex.it\/it\/wp-json\/wp\/v2\/product"}],"about":[{"href":"https:\/\/staging.uflex.it\/it\/wp-json\/wp\/v2\/types\/product"}],"replies":[{"embeddable":true,"href":"https:\/\/staging.uflex.it\/it\/wp-json\/wp\/v2\/comments?post=28031"}],"version-history":[{"count":0,"href":"https:\/\/staging.uflex.it\/it\/wp-json\/wp\/v2\/product\/28031\/revisions"}],"wp:featuredmedia":[{"embeddable":true,"href":"https:\/\/staging.uflex.it\/it\/wp-json\/wp\/v2\/media\/28032"}],"wp:attachment":[{"href":"https:\/\/staging.uflex.it\/it\/wp-json\/wp\/v2\/media?parent=28031"}],"wp:term":[{"taxonomy":"product_brand","embeddable":true,"href":"https:\/\/staging.uflex.it\/it\/wp-json\/wp\/v2\/product_brand?post=28031"},{"taxonomy":"product_cat","embeddable":true,"href":"https:\/\/staging.uflex.it\/it\/wp-json\/wp\/v2\/product_cat?post=28031"},{"taxonomy":"product_tag","embeddable":true,"href":"https:\/\/staging.uflex.it\/it\/wp-json\/wp\/v2\/product_tag?post=28031"},{"taxonomy":"product_filter","embeddable":true,"href":"https:\/\/staging.uflex.it\/it\/wp-json\/wp\/v2\/product_filter?post=28031"}],"curies":[{"name":"wp","href":"https:\/\/api.w.org\/{rel}","templated":true}]}}